{"id":32762,"date":"2025-10-23T13:39:18","date_gmt":"2025-10-23T17:39:18","guid":{"rendered":"https:\/\/www.precisionot.com\/?post_type=product&#038;p=32762"},"modified":"2025-12-05T16:59:00","modified_gmt":"2025-12-05T21:59:00","slug":"vor-qsfp56dd-zrxcn","status":"publish","type":"product","link":"https:\/\/www.precisionot.com\/de\/product\/pre-qsfp56dd-zrxcn\/","title":{"rendered":"PRE-QSFP56DD-ZRXCN"},"content":{"rendered":"<p>Der PRE-QSFP56DD-ZRXCN ist ein QSFP-DD 400G ZR+-Transceiver mit einer abstimmbaren C-Band-Schnittstelle mit einer Ausgangsleistung von -7 bis +4 dBm, der eine optische \u00dcbertragung mit hoher Kapazit\u00e4t \u00fcber bis zu 120 km unverst\u00e4rkte Singlemode-Glasfaser erm\u00f6glicht.<\/p>\n<hr \/>\n<p>Der PRE-QSFP56DD-ZRXCN ist ein 400G DWDM-Transceiver f\u00fcr Rechenzentrumsverbindungen, ROADM und Langstreckennetzwerke. Er unterst\u00fctzt 400G Ethernet und FlexO-\u00dcbertragung \u00fcber DWDM-Verbindungen und bietet flexible optische Konnektivit\u00e4t mit hoher Kapazit\u00e4t. Dieses Modul ist konform mit den Standards QSFP-DD, CMIS und C-CMIS und RoHS-zertifiziert. Es gew\u00e4hrleistet zuverl\u00e4ssige Leistung und nahtlose Integration in fortschrittliche optische Infrastrukturen.<\/p>","protected":false},"excerpt":{"rendered":"<p>Der PRE-QSFP56DD-ZRXCN ist ein koh\u00e4renter optischer 400G QSFP-DD ZR+-Transceiver mit vollst\u00e4ndiger C-Band-Abstimmbarkeit, bis zu 120 km unverst\u00e4rkter Reichweite und erweiterter verst\u00e4rkter Leistung von \u00fcber 1000 km f\u00fcr die Verbindung von Rechenzentren mit hoher Kapazit\u00e4t und DWDM-Langstreckennetze.<\/p>\n<hr \/>\n<p><strong>QSFP-DD, ZR+, -7 bis +4dBm, abstimmbar, C-Band, 400G, 120km (unverst\u00e4rkt)<\/strong><\/p>","protected":false},"featured_media":32764,"template":"","meta":{"_acf_changed":false,"content-type":"","site-sidebar-layout":"default","site-content-layout":"default","ast-site-content-layout":"default","site-content-style":"default","site-sidebar-style":"default","ast-global-header-display":"","ast-banner-title-visibility":"","ast-main-header-display":"","ast-hfb-above-header-display":"","ast-hfb-below-header-display":"","ast-hfb-mobile-header-display":"","site-post-title":"","ast-breadcrumbs-content":"","ast-featured-img":"","footer-sml-layout":"","ast-disable-related-posts":"","theme-transparent-header-meta":"default","adv-header-id-meta":"","stick-header-meta":"","header-above-stick-meta":"","header-main-stick-meta":"","header-below-stick-meta":"","astra-migrate-meta-layouts":"set","ast-page-background-enabled":"default","ast-page-background-meta":{"desktop":{"background-color":"","background-image":"","background-repeat":"repeat","background-position":"center center","background-size":"auto","background-attachment":"scroll","background-type":"","background-media":"","overlay-type":"","overlay-color":"","overlay-opacity":"","overlay-gradient":""},"tablet":{"background-color":"","background-image":"","background-repeat":"repeat","background-position":"center center","background-size":"auto","background-attachment":"scroll","background-type":"","background-media":"","overlay-type":"","overlay-color":"","overlay-opacity":"","overlay-gradient":""},"mobile":{"background-color":"","background-image":"","background-repeat":"repeat","background-position":"center center","background-size":"auto","background-attachment":"scroll","background-type":"","background-media":"","overlay-type":"","overlay-color":"","overlay-opacity":"","overlay-gradient":""}},"ast-content-background-meta":{"desktop":{"background-color":"var(--ast-global-color-5)","background-image":"","background-repeat":"repeat","background-position":"center center","background-size":"auto","background-attachment":"scroll","background-type":"","background-media":"","overlay-type":"","overlay-color":"","overlay-opacity":"","overlay-gradient":""},"tablet":{"background-color":"var(--ast-global-color-5)","background-image":"","background-repeat":"repeat","background-position":"center center","background-size":"auto","background-attachment":"scroll","background-type":"","background-media":"","overlay-type":"","overlay-color":"","overlay-opacity":"","overlay-gradient":""},"mobile":{"background-color":"var(--ast-global-color-5)","background-image":"","background-repeat":"repeat","background-position":"center center","background-size":"auto","background-attachment":"scroll","background-type":"","background-media":"","overlay-type":"","overlay-color":"","overlay-opacity":"","overlay-gradient":""}}},"product_brand":[],"product_cat":[260,288,371],"product_tag":[],"class_list":{"0":"post-32762","1":"product","2":"type-product","3":"status-publish","4":"has-post-thumbnail","6":"product_cat-featured","7":"product_cat-qsfp-dd-specialty","8":"product_cat-tunable-qsfp-dd-coherent","9":"desktop-align-left","10":"tablet-align-left","11":"mobile-align-left","12":"ast-product-gallery-layout-horizontal-slider","13":"ast-product-gallery-with-no-image","14":"ast-product-tabs-layout-horizontal","16":"first","17":"instock","18":"shipping-taxable","19":"purchasable","20":"product-type-simple"},"composite_virtual":false,"composite_layout":"","composite_add_to_cart_form_location":"","composite_editable_in_cart":false,"composite_sold_individually_context":"","composite_shop_price_calc":"","composite_components":[],"composite_scenarios":[],"acf":[],"_links":{"self":[{"href":"https:\/\/www.precisionot.com\/de\/wp-json\/wp\/v2\/product\/32762","targetHints":{"allow":["GET"]}}],"collection":[{"href":"https:\/\/www.precisionot.com\/de\/wp-json\/wp\/v2\/product"}],"about":[{"href":"https:\/\/www.precisionot.com\/de\/wp-json\/wp\/v2\/types\/product"}],"version-history":[{"count":1,"href":"https:\/\/www.precisionot.com\/de\/wp-json\/wp\/v2\/product\/32762\/revisions"}],"predecessor-version":[{"id":33391,"href":"https:\/\/www.precisionot.com\/de\/wp-json\/wp\/v2\/product\/32762\/revisions\/33391"}],"wp:featuredmedia":[{"embeddable":true,"href":"https:\/\/www.precisionot.com\/de\/wp-json\/wp\/v2\/media\/32764"}],"wp:attachment":[{"href":"https:\/\/www.precisionot.com\/de\/wp-json\/wp\/v2\/media?parent=32762"}],"wp:term":[{"taxonomy":"product_brand","embeddable":true,"href":"https:\/\/www.precisionot.com\/de\/wp-json\/wp\/v2\/product_brand?post=32762"},{"taxonomy":"product_cat","embeddable":true,"href":"https:\/\/www.precisionot.com\/de\/wp-json\/wp\/v2\/product_cat?post=32762"},{"taxonomy":"product_tag","embeddable":true,"href":"https:\/\/www.precisionot.com\/de\/wp-json\/wp\/v2\/product_tag?post=32762"}],"curies":[{"name":"wp","href":"https:\/\/api.w.org\/{rel}","templated":true}]}}