{"id":3153,"date":"2020-12-14T11:09:30","date_gmt":"2020-12-14T16:09:30","guid":{"rendered":"https:\/\/www.precisionot.com\/?post_type=product&#038;p=3153"},"modified":"2024-09-20T12:07:04","modified_gmt":"2024-09-20T16:07:04","slug":"vor-qsfp28-cuxxyym","status":"publish","type":"product","link":"https:\/\/www.precisionot.com\/de\/product\/pre-qsfp28-cuxxyym\/","title":{"rendered":"PRE-QSFP28-CUxxyyM"},"content":{"rendered":"<p>QSFP28, passiver DAC, 100G, I-Temp<\/p>\n<p><span class=\"NormalTextRun SCXW236126615 BCX0\">Das passive Direct Attach Copper (DAC)-Kabel QSFP28-CUXXYYM erm\u00f6glicht 100G Ethernet-Konnektivit\u00e4t \u00fcber Entfernungen von bis zu <\/span><span class=\"NormalTextRun SCXW236126615 BCX0\">JJ<\/span><span class=\"NormalTextRun SCXW236126615 BCX0\"> Meter mit xx AWG-Kupferleitern. Diese Kabelbaugruppe ist f\u00fcr die schnelle Daten\u00fcbertragung \u00fcber kurze Distanzen in industriellen Temperaturumgebungen (I-Temp) konzipiert und eignet sich daher ideal f\u00fcr Rechenzentren, Unternehmensnetzwerke und Telekommunikationsanwendungen, die robuste und zuverl\u00e4ssige Verbindungen erfordern.<\/span><\/p>\n<hr \/>\n<p><span class=\"NormalTextRun SCXW236126615 BCX0\">Der QSFP28-CUXXYYM bietet eine kosteng\u00fcnstige L\u00f6sung f\u00fcr Netzwerke mit hoher Dichte und bietet geringe Latenz und geringen Stromverbrauch. Sein Plug-and-Play-Design erm\u00f6glicht eine schnelle und einfache Bereitstellung ohne <\/span><span class=\"NormalTextRun SCXW236126615 BCX0\">zus\u00e4tzlich<\/span><span class=\"NormalTextRun SCXW236126615 BCX0\"> Hardware oder Transceiver.<\/span><\/p>","protected":false},"excerpt":{"rendered":"<p><span class=\"NormalTextRun SCXW211290534 BCX0\">Das passive DAC-Kabel QSFP28-CUXXYYM unterst\u00fctzt 100G Ethernet \u00fcber xx AWG Kupfer f\u00fcr bis zu <\/span><span class=\"NormalTextRun SCXW211290534 BCX0\">JJ<\/span><span class=\"NormalTextRun SCXW211290534 BCX0\"> Messger\u00e4te, ideal f\u00fcr industrielle Temperaturumgebungen.<\/span><\/p>\n<hr \/>\n<p>QSFP28, passiver DAC, 100G, I-Temp<\/p>","protected":false},"featured_media":25859,"template":"","meta":{"_acf_changed":false,"content-type":"","site-sidebar-layout":"default","site-content-layout":"default","ast-site-content-layout":"default","site-content-style":"default","site-sidebar-style":"default","ast-global-header-display":"","ast-banner-title-visibility":"","ast-main-header-display":"","ast-hfb-above-header-display":"","ast-hfb-below-header-display":"","ast-hfb-mobile-header-display":"","site-post-title":"","ast-breadcrumbs-content":"","ast-featured-img":"","footer-sml-layout":"","ast-disable-related-posts":"","theme-transparent-header-meta":"default","adv-header-id-meta":"","stick-header-meta":"","header-above-stick-meta":"","header-main-stick-meta":"","header-below-stick-meta":"","astra-migrate-meta-layouts":"set","ast-page-background-enabled":"default","ast-page-background-meta":{"desktop":{"background-color":"","background-image":"","background-repeat":"repeat","background-position":"center center","background-size":"auto","background-attachment":"scroll","background-type":"","background-media":"","overlay-type":"","overlay-color":"","overlay-opacity":"","overlay-gradient":""},"tablet":{"background-color":"","background-image":"","background-repeat":"repeat","background-position":"center center","background-size":"auto","background-attachment":"scroll","background-type":"","background-media":"","overlay-type":"","overlay-color":"","overlay-opacity":"","overlay-gradient":""},"mobile":{"background-color":"","background-image":"","background-repeat":"repeat","background-position":"center center","background-size":"auto","background-attachment":"scroll","background-type":"","background-media":"","overlay-type":"","overlay-color":"","overlay-opacity":"","overlay-gradient":""}},"ast-content-background-meta":{"desktop":{"background-color":"var(--ast-global-color-5)","background-image":"","background-repeat":"repeat","background-position":"center center","background-size":"auto","background-attachment":"scroll","background-type":"","background-media":"","overlay-type":"","overlay-color":"","overlay-opacity":"","overlay-gradient":""},"tablet":{"background-color":"var(--ast-global-color-5)","background-image":"","background-repeat":"repeat","background-position":"center center","background-size":"auto","background-attachment":"scroll","background-type":"","background-media":"","overlay-type":"","overlay-color":"","overlay-opacity":"","overlay-gradient":""},"mobile":{"background-color":"var(--ast-global-color-5)","background-image":"","background-repeat":"repeat","background-position":"center center","background-size":"auto","background-attachment":"scroll","background-type":"","background-media":"","overlay-type":"","overlay-color":"","overlay-opacity":"","overlay-gradient":""}}},"product_brand":[],"product_cat":[291],"product_tag":[],"class_list":{"0":"post-3153","1":"product","2":"type-product","3":"status-publish","4":"has-post-thumbnail","6":"product_cat-qsfp28-dac-aoc","7":"desktop-align-left","8":"tablet-align-left","9":"mobile-align-left","10":"ast-product-gallery-layout-horizontal-slider","11":"ast-product-gallery-with-no-image","12":"ast-product-tabs-layout-horizontal","14":"first","15":"instock","16":"shipping-taxable","17":"purchasable","18":"product-type-simple"},"composite_virtual":false,"composite_layout":"","composite_add_to_cart_form_location":"","composite_editable_in_cart":false,"composite_sold_individually_context":"","composite_shop_price_calc":"","composite_components":[],"composite_scenarios":[],"acf":[],"_links":{"self":[{"href":"https:\/\/www.precisionot.com\/de\/wp-json\/wp\/v2\/product\/3153","targetHints":{"allow":["GET"]}}],"collection":[{"href":"https:\/\/www.precisionot.com\/de\/wp-json\/wp\/v2\/product"}],"about":[{"href":"https:\/\/www.precisionot.com\/de\/wp-json\/wp\/v2\/types\/product"}],"version-history":[{"count":0,"href":"https:\/\/www.precisionot.com\/de\/wp-json\/wp\/v2\/product\/3153\/revisions"}],"wp:featuredmedia":[{"embeddable":true,"href":"https:\/\/www.precisionot.com\/de\/wp-json\/wp\/v2\/media\/25859"}],"wp:attachment":[{"href":"https:\/\/www.precisionot.com\/de\/wp-json\/wp\/v2\/media?parent=3153"}],"wp:term":[{"taxonomy":"product_brand","embeddable":true,"href":"https:\/\/www.precisionot.com\/de\/wp-json\/wp\/v2\/product_brand?post=3153"},{"taxonomy":"product_cat","embeddable":true,"href":"https:\/\/www.precisionot.com\/de\/wp-json\/wp\/v2\/product_cat?post=3153"},{"taxonomy":"product_tag","embeddable":true,"href":"https:\/\/www.precisionot.com\/de\/wp-json\/wp\/v2\/product_tag?post=3153"}],"curies":[{"name":"wp","href":"https:\/\/api.w.org\/{rel}","templated":true}]}}