{"id":31464,"date":"2025-05-16T11:01:18","date_gmt":"2025-05-16T15:01:18","guid":{"rendered":"https:\/\/www.precisionot.com\/?post_type=product&#038;p=31464"},"modified":"2025-05-16T11:26:42","modified_gmt":"2025-05-16T15:26:42","slug":"vor-qsfp112-dr4","status":"publish","type":"product","link":"https:\/\/www.precisionot.com\/de\/product\/pre-qsfp112-dr4\/","title":{"rendered":"PRE-QSFP112-DR4"},"content":{"rendered":"<p>Der PRE-QSFP112-DR4 ist ein 400G QSFP112-Transceiver, der f\u00fcr eine Reichweite von 500 m \u00fcber Singlemode-Glasfaser (SMF) mit 1310 nm Wellenl\u00e4nge und MPO-12-Anschluss ausgelegt ist und sich ideal f\u00fcr Hochgeschwindigkeits-Rechenzentren und Cloud-Verbindungen eignet.<\/p>\n<hr \/>\n<p>Der PRE-QSFP112-DR4 ist ein leistungsstarker 400G QSFP112-Transceiver f\u00fcr Rechenzentrumsanwendungen und entspricht dem 400GBASE-DR4-Ethernet-Standard. Er unterst\u00fctzt bis zu 500 Meter \u00fcber Singlemode-Glasfaser (SMF) mit 1310-nm-Optik und einem MPO-12-Anschluss. Vollst\u00e4ndig kompatibel mit IEEE 802.3bs, IEEE 802.3ck, QSFP112 MSA und CMIS 5.0 gew\u00e4hrleistet dieses Modul nahtlose Interoperabilit\u00e4t und Hochgeschwindigkeitsverbindungen. Es verf\u00fcgt \u00fcber einen Laser der Sicherheitsklasse 1 und ist RoHS-konform. Damit ist es eine zuverl\u00e4ssige und umweltfreundliche L\u00f6sung f\u00fcr die Netzwerkinfrastruktur der n\u00e4chsten Generation.<\/p>","protected":false},"excerpt":{"rendered":"<p>Der PRE-QSFP112-DR4 ist ein 400G QSFP112-Transceiver mit 1310-nm-PAM4-Optik f\u00fcr eine Reichweite von bis zu 500 m \u00fcber SMF, ideal f\u00fcr Hochgeschwindigkeits-Rechenzentrumskonnektivit\u00e4t mit geringem Stromverbrauch und MPO-12-Schnittstelle.<\/p>\n<hr \/>\n<p class=\"p2\"><strong>QSFP112, DR4, 1310 nm, 400 G, 500 m, SMF\/MPO12<\/strong><\/p>","protected":false},"featured_media":31468,"template":"","meta":{"_acf_changed":false,"content-type":"","site-sidebar-layout":"default","site-content-layout":"default","ast-site-content-layout":"default","site-content-style":"default","site-sidebar-style":"default","ast-global-header-display":"","ast-banner-title-visibility":"","ast-main-header-display":"","ast-hfb-above-header-display":"","ast-hfb-below-header-display":"","ast-hfb-mobile-header-display":"","site-post-title":"","ast-breadcrumbs-content":"","ast-featured-img":"","footer-sml-layout":"","ast-disable-related-posts":"","theme-transparent-header-meta":"default","adv-header-id-meta":"","stick-header-meta":"","header-above-stick-meta":"","header-main-stick-meta":"","header-below-stick-meta":"","astra-migrate-meta-layouts":"set","ast-page-background-enabled":"default","ast-page-background-meta":{"desktop":{"background-color":"","background-image":"","background-repeat":"repeat","background-position":"center center","background-size":"auto","background-attachment":"scroll","background-type":"","background-media":"","overlay-type":"","overlay-color":"","overlay-opacity":"","overlay-gradient":""},"tablet":{"background-color":"","background-image":"","background-repeat":"repeat","background-position":"center center","background-size":"auto","background-attachment":"scroll","background-type":"","background-media":"","overlay-type":"","overlay-color":"","overlay-opacity":"","overlay-gradient":""},"mobile":{"background-color":"","background-image":"","background-repeat":"repeat","background-position":"center center","background-size":"auto","background-attachment":"scroll","background-type":"","background-media":"","overlay-type":"","overlay-color":"","overlay-opacity":"","overlay-gradient":""}},"ast-content-background-meta":{"desktop":{"background-color":"var(--ast-global-color-5)","background-image":"","background-repeat":"repeat","background-position":"center center","background-size":"auto","background-attachment":"scroll","background-type":"","background-media":"","overlay-type":"","overlay-color":"","overlay-opacity":"","overlay-gradient":""},"tablet":{"background-color":"var(--ast-global-color-5)","background-image":"","background-repeat":"repeat","background-position":"center center","background-size":"auto","background-attachment":"scroll","background-type":"","background-media":"","overlay-type":"","overlay-color":"","overlay-opacity":"","overlay-gradient":""},"mobile":{"background-color":"var(--ast-global-color-5)","background-image":"","background-repeat":"repeat","background-position":"center center","background-size":"auto","background-attachment":"scroll","background-type":"","background-media":"","overlay-type":"","overlay-color":"","overlay-opacity":"","overlay-gradient":""}}},"product_brand":[],"product_cat":[380,367],"product_tag":[357],"class_list":{"0":"post-31464","1":"product","2":"type-product","3":"status-publish","4":"has-post-thumbnail","6":"product_cat-qsfp112-standard","7":"product_cat-qsfp28-coherent","8":"product_tag-new-template","9":"desktop-align-left","10":"tablet-align-left","11":"mobile-align-left","12":"ast-product-gallery-layout-horizontal-slider","13":"ast-product-gallery-with-no-image","14":"ast-product-tabs-layout-horizontal","16":"first","17":"instock","18":"shipping-taxable","19":"purchasable","20":"product-type-simple"},"composite_virtual":false,"composite_layout":"","composite_add_to_cart_form_location":"","composite_editable_in_cart":false,"composite_sold_individually_context":"","composite_shop_price_calc":"","composite_components":[],"composite_scenarios":[],"acf":[],"_links":{"self":[{"href":"https:\/\/www.precisionot.com\/de\/wp-json\/wp\/v2\/product\/31464","targetHints":{"allow":["GET"]}}],"collection":[{"href":"https:\/\/www.precisionot.com\/de\/wp-json\/wp\/v2\/product"}],"about":[{"href":"https:\/\/www.precisionot.com\/de\/wp-json\/wp\/v2\/types\/product"}],"version-history":[{"count":0,"href":"https:\/\/www.precisionot.com\/de\/wp-json\/wp\/v2\/product\/31464\/revisions"}],"wp:featuredmedia":[{"embeddable":true,"href":"https:\/\/www.precisionot.com\/de\/wp-json\/wp\/v2\/media\/31468"}],"wp:attachment":[{"href":"https:\/\/www.precisionot.com\/de\/wp-json\/wp\/v2\/media?parent=31464"}],"wp:term":[{"taxonomy":"product_brand","embeddable":true,"href":"https:\/\/www.precisionot.com\/de\/wp-json\/wp\/v2\/product_brand?post=31464"},{"taxonomy":"product_cat","embeddable":true,"href":"https:\/\/www.precisionot.com\/de\/wp-json\/wp\/v2\/product_cat?post=31464"},{"taxonomy":"product_tag","embeddable":true,"href":"https:\/\/www.precisionot.com\/de\/wp-json\/wp\/v2\/product_tag?post=31464"}],"curies":[{"name":"wp","href":"https:\/\/api.w.org\/{rel}","templated":true}]}}