{"id":31355,"date":"2025-05-05T10:50:33","date_gmt":"2025-05-05T14:50:33","guid":{"rendered":"https:\/\/www.precisionot.com\/?post_type=product&#038;p=31355"},"modified":"2025-05-05T11:04:02","modified_gmt":"2025-05-05T15:04:02","slug":"vor-qsfp56dd-vr4","status":"publish","type":"product","link":"https:\/\/www.precisionot.com\/de\/product\/pre-qsfp56dd-vr4\/","title":{"rendered":"PRE-QSFP56DD-VR4"},"content":{"rendered":"<div class=\"l-product_desc\">\n<div class=\"l-product_desc\">\n<p>Der PRE-QSFP56DD-VR4 ist ein 400G QSFP-DD-Transceiver, der mit 850 nm \u00fcber Multimode-Glasfaser (MMF) mit einem MPO12-APC-Anschluss betrieben wird und Hochgeschwindigkeitsdaten\u00fcbertragungen bis zu 50 Metern f\u00fcr Rechenzentrumsanwendungen mit kurzer Reichweite unterst\u00fctzt.<\/p>\n<hr \/>\n<p>Der PRE-QSFP56DD-VR4 ist ein leistungsstarker 400G QSFP-DD-Transceiver f\u00fcr Rechenzentren und Unternehmensnetzwerke. Er bietet zuverl\u00e4ssige Verbindungen mit kurzer Reichweite \u00fcber Multimode-Glasfaser (MMF). Er ist kompatibel mit 400GBASE-VR4 Ethernet, IEEE 802.3bs\/802.3db und dem QSFP-DD MSA und erm\u00f6glicht die nahtlose Integration in Netzwerkarchitekturen der n\u00e4chsten Generation. Mit CMIS 4.0, einem Laser der Klasse 1 und voller RoHS-Konformit\u00e4t gew\u00e4hrleistet dieses Modul einen sicheren, standardbasierten und umweltvertr\u00e4glichen Hochgeschwindigkeitsbetrieb.<\/p>\n<\/div>\n<\/div>","protected":false},"excerpt":{"rendered":"<div class=\"l-product_desc\">\n<p>Der PRE-QSFP56DD-VR4 ist ein 400G QSFP-DD-Transceiver, der f\u00fcr Anwendungen mit kurzer Reichweite \u00fcber Multimode-Glasfaser (MMF) entwickelt wurde und 850-nm-VCSEL-Technologie, MPO-12-Konnektivit\u00e4t und bis zu 50 Meter f\u00fcr Rechenzentrums- und Unternehmensumgebungen mit hoher Dichte unterst\u00fctzt.<\/p>\n<hr \/>\n<p class=\"p2\"><strong>QSFP-DD, VR4, 850 nm, 400 G, 50 m, MMF\/MPO12-APC<\/strong><\/p>\n<\/div>","protected":false},"featured_media":31357,"template":"","meta":{"_acf_changed":false,"content-type":"","site-sidebar-layout":"default","site-content-layout":"default","ast-site-content-layout":"default","site-content-style":"default","site-sidebar-style":"default","ast-global-header-display":"","ast-banner-title-visibility":"","ast-main-header-display":"","ast-hfb-above-header-display":"","ast-hfb-below-header-display":"","ast-hfb-mobile-header-display":"","site-post-title":"","ast-breadcrumbs-content":"","ast-featured-img":"","footer-sml-layout":"","ast-disable-related-posts":"","theme-transparent-header-meta":"default","adv-header-id-meta":"","stick-header-meta":"","header-above-stick-meta":"","header-main-stick-meta":"","header-below-stick-meta":"","astra-migrate-meta-layouts":"set","ast-page-background-enabled":"default","ast-page-background-meta":{"desktop":{"background-color":"","background-image":"","background-repeat":"repeat","background-position":"center center","background-size":"auto","background-attachment":"scroll","background-type":"","background-media":"","overlay-type":"","overlay-color":"","overlay-opacity":"","overlay-gradient":""},"tablet":{"background-color":"","background-image":"","background-repeat":"repeat","background-position":"center center","background-size":"auto","background-attachment":"scroll","background-type":"","background-media":"","overlay-type":"","overlay-color":"","overlay-opacity":"","overlay-gradient":""},"mobile":{"background-color":"","background-image":"","background-repeat":"repeat","background-position":"center center","background-size":"auto","background-attachment":"scroll","background-type":"","background-media":"","overlay-type":"","overlay-color":"","overlay-opacity":"","overlay-gradient":""}},"ast-content-background-meta":{"desktop":{"background-color":"var(--ast-global-color-5)","background-image":"","background-repeat":"repeat","background-position":"center center","background-size":"auto","background-attachment":"scroll","background-type":"","background-media":"","overlay-type":"","overlay-color":"","overlay-opacity":"","overlay-gradient":""},"tablet":{"background-color":"var(--ast-global-color-5)","background-image":"","background-repeat":"repeat","background-position":"center center","background-size":"auto","background-attachment":"scroll","background-type":"","background-media":"","overlay-type":"","overlay-color":"","overlay-opacity":"","overlay-gradient":""},"mobile":{"background-color":"var(--ast-global-color-5)","background-image":"","background-repeat":"repeat","background-position":"center center","background-size":"auto","background-attachment":"scroll","background-type":"","background-media":"","overlay-type":"","overlay-color":"","overlay-opacity":"","overlay-gradient":""}}},"product_brand":[],"product_cat":[260,286],"product_tag":[],"class_list":{"0":"post-31355","1":"product","2":"type-product","3":"status-publish","4":"has-post-thumbnail","6":"product_cat-featured","7":"product_cat-qsfp-dd-400g-standard","8":"desktop-align-left","9":"tablet-align-left","10":"mobile-align-left","11":"ast-product-gallery-layout-horizontal-slider","12":"ast-product-gallery-with-no-image","13":"ast-product-tabs-layout-horizontal","15":"first","16":"instock","17":"shipping-taxable","18":"purchasable","19":"product-type-simple"},"composite_virtual":false,"composite_layout":"","composite_add_to_cart_form_location":"","composite_editable_in_cart":false,"composite_sold_individually_context":"","composite_shop_price_calc":"","composite_components":[],"composite_scenarios":[],"acf":[],"_links":{"self":[{"href":"https:\/\/www.precisionot.com\/de\/wp-json\/wp\/v2\/product\/31355","targetHints":{"allow":["GET"]}}],"collection":[{"href":"https:\/\/www.precisionot.com\/de\/wp-json\/wp\/v2\/product"}],"about":[{"href":"https:\/\/www.precisionot.com\/de\/wp-json\/wp\/v2\/types\/product"}],"version-history":[{"count":0,"href":"https:\/\/www.precisionot.com\/de\/wp-json\/wp\/v2\/product\/31355\/revisions"}],"wp:featuredmedia":[{"embeddable":true,"href":"https:\/\/www.precisionot.com\/de\/wp-json\/wp\/v2\/media\/31357"}],"wp:attachment":[{"href":"https:\/\/www.precisionot.com\/de\/wp-json\/wp\/v2\/media?parent=31355"}],"wp:term":[{"taxonomy":"product_brand","embeddable":true,"href":"https:\/\/www.precisionot.com\/de\/wp-json\/wp\/v2\/product_brand?post=31355"},{"taxonomy":"product_cat","embeddable":true,"href":"https:\/\/www.precisionot.com\/de\/wp-json\/wp\/v2\/product_cat?post=31355"},{"taxonomy":"product_tag","embeddable":true,"href":"https:\/\/www.precisionot.com\/de\/wp-json\/wp\/v2\/product_tag?post=31355"}],"curies":[{"name":"wp","href":"https:\/\/api.w.org\/{rel}","templated":true}]}}