{"id":31266,"date":"2025-04-25T12:37:34","date_gmt":"2025-04-25T16:37:34","guid":{"rendered":"https:\/\/www.precisionot.com\/?post_type=product&#038;p=31266"},"modified":"2025-04-25T13:11:05","modified_gmt":"2025-04-25T17:11:05","slug":"vor-qsfp281sfp28-cuxxyym-kopie","status":"publish","type":"product","link":"https:\/\/www.precisionot.com\/de\/product\/pre-qsfp281sfp28-cuxxyym-copy\/","title":{"rendered":"PRE-QSFP281SFP28-CUxxyyM"},"content":{"rendered":"<p>Das PRE-QSFP281SFP28-CUxxyyM ist ein passives DAC-Kabel mit einem QSFP28-zu-1x-SFP28-Breakout, das Single-Lane-25G-Ethernet f\u00fcr Hochgeschwindigkeitsverbindungen mit kurzer Reichweite in Umgebungen mit erweitertem Temperaturbereich (E-Temp) unterst\u00fctzt.<\/p>\n<hr \/>\n<p>Das PRE-QSFP281SFP28-CUxxyyM ist ein passives Hochgeschwindigkeits-DAC-Breakout-Kabel f\u00fcr Top-of-Rack-Konnektivit\u00e4t (ToR) in modernen Rechenzentren. Es verf\u00fcgt \u00fcber eine QSFP28-zu-1x-SFP28-Konfiguration und unterst\u00fctzt 25G-Single-Lane-Ethernet-Verbindungen \u00fcber kurze Distanzen. Es erf\u00fcllt die Standards SFF-8432, SFF-8665 und SFF-8402 und ist konform mit den IEEE P802.3bj- und RoHS-Vorschriften. Es bietet kosteng\u00fcnstige, latenzarme und energieeffiziente Leistung in hochdichten Netzwerkumgebungen.<\/p>","protected":false},"excerpt":{"rendered":"<p>Das PRE-QSFP281SFP28-CUxxyyM ist ein passives DAC-Breakout-Kabel, das einen QSFP28-Port mit einer einzelnen SFP28-Schnittstelle verbindet und 25G-Ethernet \u00fcber Entfernungen von bis zu 3 Metern f\u00fcr effiziente, stromsparende Top-of-Rack-Konnektivit\u00e4t in Rechenzentren unterst\u00fctzt.<\/p>\n<hr \/>\n<p class=\"p2\">QSFP28\/1xSFP28, Passiver DAC, <span class=\"s2\">Einspurig 25G, E-Temp <\/span><\/p>","protected":false},"featured_media":31269,"template":"","meta":{"_acf_changed":false,"content-type":"","site-sidebar-layout":"default","site-content-layout":"default","ast-site-content-layout":"default","site-content-style":"default","site-sidebar-style":"default","ast-global-header-display":"","ast-banner-title-visibility":"","ast-main-header-display":"","ast-hfb-above-header-display":"","ast-hfb-below-header-display":"","ast-hfb-mobile-header-display":"","site-post-title":"","ast-breadcrumbs-content":"","ast-featured-img":"","footer-sml-layout":"","ast-disable-related-posts":"","theme-transparent-header-meta":"default","adv-header-id-meta":"","stick-header-meta":"","header-above-stick-meta":"","header-main-stick-meta":"","header-below-stick-meta":"","astra-migrate-meta-layouts":"set","ast-page-background-enabled":"default","ast-page-background-meta":{"desktop":{"background-color":"","background-image":"","background-repeat":"repeat","background-position":"center center","background-size":"auto","background-attachment":"scroll","background-type":"","background-media":"","overlay-type":"","overlay-color":"","overlay-opacity":"","overlay-gradient":""},"tablet":{"background-color":"","background-image":"","background-repeat":"repeat","background-position":"center center","background-size":"auto","background-attachment":"scroll","background-type":"","background-media":"","overlay-type":"","overlay-color":"","overlay-opacity":"","overlay-gradient":""},"mobile":{"background-color":"","background-image":"","background-repeat":"repeat","background-position":"center center","background-size":"auto","background-attachment":"scroll","background-type":"","background-media":"","overlay-type":"","overlay-color":"","overlay-opacity":"","overlay-gradient":""}},"ast-content-background-meta":{"desktop":{"background-color":"var(--ast-global-color-5)","background-image":"","background-repeat":"repeat","background-position":"center center","background-size":"auto","background-attachment":"scroll","background-type":"","background-media":"","overlay-type":"","overlay-color":"","overlay-opacity":"","overlay-gradient":""},"tablet":{"background-color":"var(--ast-global-color-5)","background-image":"","background-repeat":"repeat","background-position":"center center","background-size":"auto","background-attachment":"scroll","background-type":"","background-media":"","overlay-type":"","overlay-color":"","overlay-opacity":"","overlay-gradient":""},"mobile":{"background-color":"var(--ast-global-color-5)","background-image":"","background-repeat":"repeat","background-position":"center center","background-size":"auto","background-attachment":"scroll","background-type":"","background-media":"","overlay-type":"","overlay-color":"","overlay-opacity":"","overlay-gradient":""}}},"product_brand":[],"product_cat":[291],"product_tag":[],"class_list":{"0":"post-31266","1":"product","2":"type-product","3":"status-publish","4":"has-post-thumbnail","6":"product_cat-qsfp28-dac-aoc","7":"desktop-align-left","8":"tablet-align-left","9":"mobile-align-left","10":"ast-product-gallery-layout-horizontal-slider","11":"ast-product-gallery-with-no-image","12":"ast-product-tabs-layout-horizontal","14":"first","15":"instock","16":"shipping-taxable","17":"purchasable","18":"product-type-simple"},"composite_virtual":false,"composite_layout":"","composite_add_to_cart_form_location":"","composite_editable_in_cart":false,"composite_sold_individually_context":"","composite_shop_price_calc":"","composite_components":[],"composite_scenarios":[],"acf":[],"_links":{"self":[{"href":"https:\/\/www.precisionot.com\/de\/wp-json\/wp\/v2\/product\/31266","targetHints":{"allow":["GET"]}}],"collection":[{"href":"https:\/\/www.precisionot.com\/de\/wp-json\/wp\/v2\/product"}],"about":[{"href":"https:\/\/www.precisionot.com\/de\/wp-json\/wp\/v2\/types\/product"}],"version-history":[{"count":0,"href":"https:\/\/www.precisionot.com\/de\/wp-json\/wp\/v2\/product\/31266\/revisions"}],"wp:featuredmedia":[{"embeddable":true,"href":"https:\/\/www.precisionot.com\/de\/wp-json\/wp\/v2\/media\/31269"}],"wp:attachment":[{"href":"https:\/\/www.precisionot.com\/de\/wp-json\/wp\/v2\/media?parent=31266"}],"wp:term":[{"taxonomy":"product_brand","embeddable":true,"href":"https:\/\/www.precisionot.com\/de\/wp-json\/wp\/v2\/product_brand?post=31266"},{"taxonomy":"product_cat","embeddable":true,"href":"https:\/\/www.precisionot.com\/de\/wp-json\/wp\/v2\/product_cat?post=31266"},{"taxonomy":"product_tag","embeddable":true,"href":"https:\/\/www.precisionot.com\/de\/wp-json\/wp\/v2\/product_tag?post=31266"}],"curies":[{"name":"wp","href":"https:\/\/api.w.org\/{rel}","templated":true}]}}