{"id":30898,"date":"2025-04-01T08:02:59","date_gmt":"2025-04-01T12:02:59","guid":{"rendered":"https:\/\/www.precisionot.com\/?post_type=product&#038;p=30898"},"modified":"2025-06-05T13:44:10","modified_gmt":"2025-06-05T17:44:10","slug":"vor-qsfp56dd-sr42","status":"publish","type":"product","link":"https:\/\/www.precisionot.com\/de\/product\/pre-qsfp56dd-sr42\/","title":{"rendered":"PRE-QSFP56DD-SR4.2"},"content":{"rendered":"<p>Der PRE-QSFP56DD-SR4.2 ist ein 400G QSFP-DD-Transceiver mit SR4.2 BIDI-Technologie f\u00fcr Hochgeschwindigkeitsanwendungen mit kurzer Reichweite. Er arbeitet auf Wellenl\u00e4ngen von 850 nm und 909 nm und unterst\u00fctzt bis zu 100 m \u00fcber Multimode-Glasfaser (MMF) mit einem MPO-12-Anschluss. Damit eignet er sich ideal f\u00fcr hochdichte Rechenzentrumsverbindungen.<\/p>\n<hr \/>\n<p>Der PRE-QSFP56DD-SR4.2 ist ein leistungsstarker 400G QSFP-DD-Transceiver, der f\u00fcr Rechenzentrumsanwendungen entwickelt wurde und den 400GBASE-SR4-Ethernet-Standards entspricht. Er folgt dem QSFP-DD MSA und unterst\u00fctzt CMIS V5.1, wodurch nahtlose Interoperabilit\u00e4t in Hochgeschwindigkeitsnetzwerkumgebungen gew\u00e4hrleistet wird. Ausgestattet mit einem Laser der Klasse 1 f\u00fcr sichere optische \u00dcbertragung erf\u00fcllt er au\u00dferdem die RoHS-Standards und ist damit eine zuverl\u00e4ssige und umweltfreundliche L\u00f6sung f\u00fcr Rechenzentrumsverbindungen der n\u00e4chsten Generation.<\/p>","protected":false},"excerpt":{"rendered":"<div class=\"l-product_desc\">\n<p><span style=\"font-size: 16px;\">Der PRE-QSFP56DD-SR4.2 ist ein leistungsstarker 400G QSFP-DD-Transceiver mit PAM4-Modulation, MMF-\u00dcbertragung und MPO-12-Konnektivit\u00e4t, der bis zu 100 m \u00fcber OM4-Glasfaser f\u00fcr effiziente Rechenzentrums- und 400GBASE-SR4-Ethernet-Anwendungen unterst\u00fctzt.<\/span><\/p>\n<p class=\"p2\"><strong>QSFP-DD, SR4.2 BIDI, 850\/909 nm, 400 G, 100 m, MMF\/LC<\/strong><\/p>\n<\/div>","protected":false},"featured_media":30899,"template":"","meta":{"_acf_changed":false,"content-type":"","site-sidebar-layout":"default","site-content-layout":"default","ast-site-content-layout":"default","site-content-style":"default","site-sidebar-style":"default","ast-global-header-display":"","ast-banner-title-visibility":"","ast-main-header-display":"","ast-hfb-above-header-display":"","ast-hfb-below-header-display":"","ast-hfb-mobile-header-display":"","site-post-title":"","ast-breadcrumbs-content":"","ast-featured-img":"","footer-sml-layout":"","ast-disable-related-posts":"","theme-transparent-header-meta":"default","adv-header-id-meta":"","stick-header-meta":"","header-above-stick-meta":"","header-main-stick-meta":"","header-below-stick-meta":"","astra-migrate-meta-layouts":"set","ast-page-background-enabled":"default","ast-page-background-meta":{"desktop":{"background-color":"","background-image":"","background-repeat":"repeat","background-position":"center center","background-size":"auto","background-attachment":"scroll","background-type":"","background-media":"","overlay-type":"","overlay-color":"","overlay-opacity":"","overlay-gradient":""},"tablet":{"background-color":"","background-image":"","background-repeat":"repeat","background-position":"center center","background-size":"auto","background-attachment":"scroll","background-type":"","background-media":"","overlay-type":"","overlay-color":"","overlay-opacity":"","overlay-gradient":""},"mobile":{"background-color":"","background-image":"","background-repeat":"repeat","background-position":"center center","background-size":"auto","background-attachment":"scroll","background-type":"","background-media":"","overlay-type":"","overlay-color":"","overlay-opacity":"","overlay-gradient":""}},"ast-content-background-meta":{"desktop":{"background-color":"var(--ast-global-color-5)","background-image":"","background-repeat":"repeat","background-position":"center center","background-size":"auto","background-attachment":"scroll","background-type":"","background-media":"","overlay-type":"","overlay-color":"","overlay-opacity":"","overlay-gradient":""},"tablet":{"background-color":"var(--ast-global-color-5)","background-image":"","background-repeat":"repeat","background-position":"center center","background-size":"auto","background-attachment":"scroll","background-type":"","background-media":"","overlay-type":"","overlay-color":"","overlay-opacity":"","overlay-gradient":""},"mobile":{"background-color":"var(--ast-global-color-5)","background-image":"","background-repeat":"repeat","background-position":"center center","background-size":"auto","background-attachment":"scroll","background-type":"","background-media":"","overlay-type":"","overlay-color":"","overlay-opacity":"","overlay-gradient":""}}},"product_brand":[],"product_cat":[286],"product_tag":[357],"class_list":{"0":"post-30898","1":"product","2":"type-product","3":"status-publish","4":"has-post-thumbnail","6":"product_cat-qsfp-dd-400g-standard","7":"product_tag-new-template","8":"desktop-align-left","9":"tablet-align-left","10":"mobile-align-left","11":"ast-product-gallery-layout-horizontal-slider","12":"ast-product-gallery-with-no-image","13":"ast-product-tabs-layout-horizontal","15":"first","16":"instock","17":"shipping-taxable","18":"purchasable","19":"product-type-simple"},"composite_virtual":false,"composite_layout":"","composite_add_to_cart_form_location":"","composite_editable_in_cart":false,"composite_sold_individually_context":"","composite_shop_price_calc":"","composite_components":[],"composite_scenarios":[],"acf":[],"_links":{"self":[{"href":"https:\/\/www.precisionot.com\/de\/wp-json\/wp\/v2\/product\/30898","targetHints":{"allow":["GET"]}}],"collection":[{"href":"https:\/\/www.precisionot.com\/de\/wp-json\/wp\/v2\/product"}],"about":[{"href":"https:\/\/www.precisionot.com\/de\/wp-json\/wp\/v2\/types\/product"}],"version-history":[{"count":0,"href":"https:\/\/www.precisionot.com\/de\/wp-json\/wp\/v2\/product\/30898\/revisions"}],"wp:featuredmedia":[{"embeddable":true,"href":"https:\/\/www.precisionot.com\/de\/wp-json\/wp\/v2\/media\/30899"}],"wp:attachment":[{"href":"https:\/\/www.precisionot.com\/de\/wp-json\/wp\/v2\/media?parent=30898"}],"wp:term":[{"taxonomy":"product_brand","embeddable":true,"href":"https:\/\/www.precisionot.com\/de\/wp-json\/wp\/v2\/product_brand?post=30898"},{"taxonomy":"product_cat","embeddable":true,"href":"https:\/\/www.precisionot.com\/de\/wp-json\/wp\/v2\/product_cat?post=30898"},{"taxonomy":"product_tag","embeddable":true,"href":"https:\/\/www.precisionot.com\/de\/wp-json\/wp\/v2\/product_tag?post=30898"}],"curies":[{"name":"wp","href":"https:\/\/api.w.org\/{rel}","templated":true}]}}