{"id":30785,"date":"2025-03-25T08:23:49","date_gmt":"2025-03-25T12:23:49","guid":{"rendered":"https:\/\/www.precisionot.com\/?post_type=product&#038;p=30785"},"modified":"2025-03-25T08:45:30","modified_gmt":"2025-03-25T12:45:30","slug":"vor-sfp10g-xgtb-n2i-2","status":"publish","type":"product","link":"https:\/\/www.precisionot.com\/de\/product\/pre-sfp10g-xgtb-n2i-2\/","title":{"rendered":"PRE-SFP10G-XGTB-N2I+"},"content":{"rendered":"<p>Der PRE-SFP10G-XGTB-N2I+ ist ein leistungsstarker XGS-PON OLT-Transceiver, ausgelegt f\u00fcr symmetrische Datenraten von 9,953 Gbit\/s \u00fcber Wellenl\u00e4ngen von 1577\/1270 nm. Er verf\u00fcgt \u00fcber einen EML-Lasersender und einen APD-Burst-Mode-Empf\u00e4nger f\u00fcr zuverl\u00e4ssige Upstream- und Downstream-Kommunikation. Mit SC\/UPC-Anschluss, DDM\/RSSI-\u00dcberwachung und I-Temp-Einstufung gew\u00e4hrleistet er einen robusten Betrieb in anspruchsvollen Umgebungen. BEAD\/BABA-kompatible Versionen sind verf\u00fcgbar und eignen sich daher ideal f\u00fcr Breitbandausbauprojekte.<\/p>\n<hr \/>\n<p>Der PRE-SFP10G-XGTB-N2I+ ist ein leistungsstarker XGS-PON OLT-Transceiver f\u00fcr Fiber-to-the-Home (FTTH)-Netzwerke. Er unterst\u00fctzt symmetrische 10G-Datenraten und entspricht ITU-T G.9807.1 Klasse N2. Dies gew\u00e4hrleistet eine nahtlose Interoperabilit\u00e4t mit der XGS-PON-Infrastruktur. Entwickelt f\u00fcr OLT-Anwendungen, erm\u00f6glicht er zuverl\u00e4ssigen Hochgeschwindigkeits-Breitbandzugang. Dar\u00fcber hinaus ist das Modul RoHS-konform und erf\u00fcllt die Umwelt- und Sicherheitsstandards f\u00fcr nachhaltige Netzwerkimplementierungen.<\/p>","protected":false},"excerpt":{"rendered":"<p class=\"p2\">Der PRE-SFP10G-XGTB-N2I+ ist ein leistungsstarker XGS-PON OLT-Transceiver, der symmetrische Datenraten von 9,953 Gbit\/s, Konformit\u00e4t mit ITU-T G.9807.1 Klasse N2 und einen Betrieb bei industriellen Temperaturen unterst\u00fctzt und sich daher ideal f\u00fcr FTTH-Bereitstellungen und Breitbandnetze der n\u00e4chsten Generation eignet.<\/p>\n<hr \/>\n<p class=\"p2\"><strong>SFP+, XGS-PON OLT, N2I+, SMF\/SC, I-Temp<\/strong><\/p>","protected":false},"featured_media":30787,"template":"","meta":{"_acf_changed":false,"content-type":"","site-sidebar-layout":"default","site-content-layout":"default","ast-site-content-layout":"default","site-content-style":"default","site-sidebar-style":"default","ast-global-header-display":"","ast-banner-title-visibility":"","ast-main-header-display":"","ast-hfb-above-header-display":"","ast-hfb-below-header-display":"","ast-hfb-mobile-header-display":"","site-post-title":"","ast-breadcrumbs-content":"","ast-featured-img":"","footer-sml-layout":"","ast-disable-related-posts":"","theme-transparent-header-meta":"default","adv-header-id-meta":"","stick-header-meta":"","header-above-stick-meta":"","header-main-stick-meta":"","header-below-stick-meta":"","astra-migrate-meta-layouts":"set","ast-page-background-enabled":"default","ast-page-background-meta":{"desktop":{"background-color":"","background-image":"","background-repeat":"repeat","background-position":"center center","background-size":"auto","background-attachment":"scroll","background-type":"","background-media":"","overlay-type":"","overlay-color":"","overlay-opacity":"","overlay-gradient":""},"tablet":{"background-color":"","background-image":"","background-repeat":"repeat","background-position":"center center","background-size":"auto","background-attachment":"scroll","background-type":"","background-media":"","overlay-type":"","overlay-color":"","overlay-opacity":"","overlay-gradient":""},"mobile":{"background-color":"","background-image":"","background-repeat":"repeat","background-position":"center center","background-size":"auto","background-attachment":"scroll","background-type":"","background-media":"","overlay-type":"","overlay-color":"","overlay-opacity":"","overlay-gradient":""}},"ast-content-background-meta":{"desktop":{"background-color":"var(--ast-global-color-5)","background-image":"","background-repeat":"repeat","background-position":"center center","background-size":"auto","background-attachment":"scroll","background-type":"","background-media":"","overlay-type":"","overlay-color":"","overlay-opacity":"","overlay-gradient":""},"tablet":{"background-color":"var(--ast-global-color-5)","background-image":"","background-repeat":"repeat","background-position":"center center","background-size":"auto","background-attachment":"scroll","background-type":"","background-media":"","overlay-type":"","overlay-color":"","overlay-opacity":"","overlay-gradient":""},"mobile":{"background-color":"var(--ast-global-color-5)","background-image":"","background-repeat":"repeat","background-position":"center center","background-size":"auto","background-attachment":"scroll","background-type":"","background-media":"","overlay-type":"","overlay-color":"","overlay-opacity":"","overlay-gradient":""}}},"product_brand":[],"product_cat":[327],"product_tag":[],"class_list":{"0":"post-30785","1":"product","2":"type-product","3":"status-publish","4":"has-post-thumbnail","6":"product_cat-xgspon","7":"desktop-align-left","8":"tablet-align-left","9":"mobile-align-left","10":"ast-product-gallery-layout-horizontal-slider","11":"ast-product-gallery-with-no-image","12":"ast-product-tabs-layout-horizontal","14":"first","15":"instock","16":"shipping-taxable","17":"purchasable","18":"product-type-simple"},"composite_virtual":false,"composite_layout":"","composite_add_to_cart_form_location":"","composite_editable_in_cart":false,"composite_sold_individually_context":"","composite_shop_price_calc":"","composite_components":[],"composite_scenarios":[],"acf":[],"_links":{"self":[{"href":"https:\/\/www.precisionot.com\/de\/wp-json\/wp\/v2\/product\/30785","targetHints":{"allow":["GET"]}}],"collection":[{"href":"https:\/\/www.precisionot.com\/de\/wp-json\/wp\/v2\/product"}],"about":[{"href":"https:\/\/www.precisionot.com\/de\/wp-json\/wp\/v2\/types\/product"}],"version-history":[{"count":0,"href":"https:\/\/www.precisionot.com\/de\/wp-json\/wp\/v2\/product\/30785\/revisions"}],"wp:featuredmedia":[{"embeddable":true,"href":"https:\/\/www.precisionot.com\/de\/wp-json\/wp\/v2\/media\/30787"}],"wp:attachment":[{"href":"https:\/\/www.precisionot.com\/de\/wp-json\/wp\/v2\/media?parent=30785"}],"wp:term":[{"taxonomy":"product_brand","embeddable":true,"href":"https:\/\/www.precisionot.com\/de\/wp-json\/wp\/v2\/product_brand?post=30785"},{"taxonomy":"product_cat","embeddable":true,"href":"https:\/\/www.precisionot.com\/de\/wp-json\/wp\/v2\/product_cat?post=30785"},{"taxonomy":"product_tag","embeddable":true,"href":"https:\/\/www.precisionot.com\/de\/wp-json\/wp\/v2\/product_tag?post=30785"}],"curies":[{"name":"wp","href":"https:\/\/api.w.org\/{rel}","templated":true}]}}