{"id":28985,"date":"2024-10-21T09:23:53","date_gmt":"2024-10-21T13:23:53","guid":{"rendered":"https:\/\/www.precisionot.com\/?post_type=product&#038;p=28985"},"modified":"2024-11-25T14:01:48","modified_gmt":"2024-11-25T19:01:48","slug":"vor-qsfp28-cxx-lr1","status":"publish","type":"product","link":"https:\/\/www.precisionot.com\/de\/product\/pre-qsfp28-cxx-lr1\/","title":{"rendered":"PRE-QSFP28-Cxx-LR1"},"content":{"rendered":"<p class=\"p2\">Das optische Transceivermodul QSFP28-Cxx-LR1 unterst\u00fctzt 100G-Ethernet-\u00dcbertragung mit PAM4-Modulation und CWDM-Technologie (Coarse Wavelength Division Multiplexing). Dieser Transceiver wurde f\u00fcr Langstreckenverbindungen von bis zu 10 Kilometern \u00fcber Singlemode-Glasfasern (SMF) mit einem LC-Duplex-Anschluss entwickelt und eignet sich ideal f\u00fcr Rechenzentren, Telekommunikationsnetzwerke und Unternehmensanwendungen, die eine schnelle und zuverl\u00e4ssige Leistung erfordern.<\/p>\n<hr \/>\n<p class=\"p2\">Sein kompakter QSFP28-Formfaktor und sein Hot-Swap-f\u00e4higes Design erm\u00f6glichen eine nahtlose Integration oder einen Austausch ohne Unterbrechung des Netzwerkbetriebs, w\u00e4hrend seine fortschrittliche Technologie eine effiziente Wellenl\u00e4ngenzuweisung f\u00fcr optimierte Leistung gew\u00e4hrleistet.<\/p>","protected":false},"excerpt":{"rendered":"<p class=\"p2\">Der QSFP28-Cxx-LR1-Transceiver unterst\u00fctzt 100G-Ethernet \u00fcber Singlemode-Glasfaser mit einer Reichweite von bis zu 10 Kilometern unter Verwendung von PAM4-Modulation und CWDM-Technologie.<\/p>\n<hr \/>\n<p class=\"p2\"><strong>QSFP28, PAM4, CWDM, 100G, 10km, SMF\/LC<\/strong><\/p>","protected":false},"featured_media":28989,"template":"","meta":{"_acf_changed":false,"content-type":"","site-sidebar-layout":"default","site-content-layout":"default","ast-site-content-layout":"default","site-content-style":"default","site-sidebar-style":"default","ast-global-header-display":"","ast-banner-title-visibility":"","ast-main-header-display":"","ast-hfb-above-header-display":"","ast-hfb-below-header-display":"","ast-hfb-mobile-header-display":"","site-post-title":"","ast-breadcrumbs-content":"","ast-featured-img":"","footer-sml-layout":"","ast-disable-related-posts":"","theme-transparent-header-meta":"default","adv-header-id-meta":"","stick-header-meta":"","header-above-stick-meta":"","header-main-stick-meta":"","header-below-stick-meta":"","astra-migrate-meta-layouts":"set","ast-page-background-enabled":"default","ast-page-background-meta":{"desktop":{"background-color":"","background-image":"","background-repeat":"repeat","background-position":"center center","background-size":"auto","background-attachment":"scroll","background-type":"","background-media":"","overlay-type":"","overlay-color":"","overlay-opacity":"","overlay-gradient":""},"tablet":{"background-color":"","background-image":"","background-repeat":"repeat","background-position":"center center","background-size":"auto","background-attachment":"scroll","background-type":"","background-media":"","overlay-type":"","overlay-color":"","overlay-opacity":"","overlay-gradient":""},"mobile":{"background-color":"","background-image":"","background-repeat":"repeat","background-position":"center center","background-size":"auto","background-attachment":"scroll","background-type":"","background-media":"","overlay-type":"","overlay-color":"","overlay-opacity":"","overlay-gradient":""}},"ast-content-background-meta":{"desktop":{"background-color":"var(--ast-global-color-5)","background-image":"","background-repeat":"repeat","background-position":"center center","background-size":"auto","background-attachment":"scroll","background-type":"","background-media":"","overlay-type":"","overlay-color":"","overlay-opacity":"","overlay-gradient":""},"tablet":{"background-color":"var(--ast-global-color-5)","background-image":"","background-repeat":"repeat","background-position":"center center","background-size":"auto","background-attachment":"scroll","background-type":"","background-media":"","overlay-type":"","overlay-color":"","overlay-opacity":"","overlay-gradient":""},"mobile":{"background-color":"var(--ast-global-color-5)","background-image":"","background-repeat":"repeat","background-position":"center center","background-size":"auto","background-attachment":"scroll","background-type":"","background-media":"","overlay-type":"","overlay-color":"","overlay-opacity":"","overlay-gradient":""}}},"product_brand":[],"product_cat":[362],"product_tag":[],"class_list":{"0":"post-28985","1":"product","2":"type-product","3":"status-publish","4":"has-post-thumbnail","6":"product_cat-qsfp28-wdm","7":"desktop-align-left","8":"tablet-align-left","9":"mobile-align-left","10":"ast-product-gallery-layout-horizontal-slider","11":"ast-product-gallery-with-no-image","12":"ast-product-tabs-layout-horizontal","14":"first","15":"instock","16":"shipping-taxable","17":"purchasable","18":"product-type-simple"},"composite_virtual":false,"composite_layout":"","composite_add_to_cart_form_location":"","composite_editable_in_cart":false,"composite_sold_individually_context":"","composite_shop_price_calc":"","composite_components":[],"composite_scenarios":[],"acf":[],"_links":{"self":[{"href":"https:\/\/www.precisionot.com\/de\/wp-json\/wp\/v2\/product\/28985","targetHints":{"allow":["GET"]}}],"collection":[{"href":"https:\/\/www.precisionot.com\/de\/wp-json\/wp\/v2\/product"}],"about":[{"href":"https:\/\/www.precisionot.com\/de\/wp-json\/wp\/v2\/types\/product"}],"version-history":[{"count":0,"href":"https:\/\/www.precisionot.com\/de\/wp-json\/wp\/v2\/product\/28985\/revisions"}],"wp:featuredmedia":[{"embeddable":true,"href":"https:\/\/www.precisionot.com\/de\/wp-json\/wp\/v2\/media\/28989"}],"wp:attachment":[{"href":"https:\/\/www.precisionot.com\/de\/wp-json\/wp\/v2\/media?parent=28985"}],"wp:term":[{"taxonomy":"product_brand","embeddable":true,"href":"https:\/\/www.precisionot.com\/de\/wp-json\/wp\/v2\/product_brand?post=28985"},{"taxonomy":"product_cat","embeddable":true,"href":"https:\/\/www.precisionot.com\/de\/wp-json\/wp\/v2\/product_cat?post=28985"},{"taxonomy":"product_tag","embeddable":true,"href":"https:\/\/www.precisionot.com\/de\/wp-json\/wp\/v2\/product_tag?post=28985"}],"curies":[{"name":"wp","href":"https:\/\/api.w.org\/{rel}","templated":true}]}}