{"id":28354,"date":"2024-09-16T12:26:24","date_gmt":"2024-09-16T16:26:24","guid":{"rendered":"https:\/\/www.precisionot.com\/?post_type=product&#038;p=28354"},"modified":"2025-12-05T16:44:24","modified_gmt":"2025-12-05T21:44:24","slug":"vor-qsfp28m-zri","status":"publish","type":"product","link":"https:\/\/www.precisionot.com\/de\/product\/pre-qsfp28m-zri\/","title":{"rendered":"PRE-QSFP28M-ZR(I)"},"content":{"rendered":"<p class=\"p2\">Das optische Transceivermodul QSFP28M-ZR(I) ist f\u00fcr die 100GE- und OTU4-\u00dcbertragung \u00fcber Entfernungen von bis zu 80 Kilometern mit LAN-WDM-Technologie (LWDM) ausgelegt. Dieses Modul arbeitet \u00fcber Singlemode-Glasfaser (SMF) mit LC-Duplex-Anschl\u00fcssen und eignet sich ideal f\u00fcr Langstreckennetze, Rechenzentren und Telekommunikationsanwendungen, die eine leistungsstarke Konnektivit\u00e4t \u00fcber gro\u00dfe Entfernungen erfordern.<\/p>\n<hr \/>\n<p class=\"p2\">Der Transceiver unterst\u00fctzt sowohl 100G Ethernet- als auch OTU4-Protokolle und ist somit vielseitig f\u00fcr eine Reihe von Netzwerkanwendungen einsetzbar. Sein Hot-Swap-f\u00e4higes Design gew\u00e4hrleistet eine einfache Installation oder einen einfachen Austausch ohne Netzwerkunterbrechung, w\u00e4hrend der geringe Stromverbrauch zu einem energieeffizienten Betrieb beitr\u00e4gt.<\/p>","protected":false},"excerpt":{"rendered":"<p>Der optische Transceiver QSFP28M-ZR(I) unterst\u00fctzt 100GE\/OTU4 \u00fcber Singlemode-Glasfaser mit einer Reichweite von bis zu 80 Kilometern unter Verwendung der LWDM-Technologie.<\/p>\n<hr \/>\n<p class=\"p2\"><strong>QSFP28, ZR, -8dBm, abstimmbar, C-Band, 100GE\/OTU4, 80km, SMF\/LC, CMIS<\/strong><\/p>","protected":false},"featured_media":32760,"template":"","meta":{"_acf_changed":false,"content-type":"","site-sidebar-layout":"default","site-content-layout":"default","ast-site-content-layout":"default","site-content-style":"default","site-sidebar-style":"default","ast-global-header-display":"","ast-banner-title-visibility":"","ast-main-header-display":"","ast-hfb-above-header-display":"","ast-hfb-below-header-display":"","ast-hfb-mobile-header-display":"","site-post-title":"","ast-breadcrumbs-content":"","ast-featured-img":"","footer-sml-layout":"","ast-disable-related-posts":"","theme-transparent-header-meta":"default","adv-header-id-meta":"","stick-header-meta":"","header-above-stick-meta":"","header-main-stick-meta":"","header-below-stick-meta":"","astra-migrate-meta-layouts":"set","ast-page-background-enabled":"default","ast-page-background-meta":{"desktop":{"background-color":"","background-image":"","background-repeat":"repeat","background-position":"center center","background-size":"auto","background-attachment":"scroll","background-type":"","background-media":"","overlay-type":"","overlay-color":"","overlay-opacity":"","overlay-gradient":""},"tablet":{"background-color":"","background-image":"","background-repeat":"repeat","background-position":"center center","background-size":"auto","background-attachment":"scroll","background-type":"","background-media":"","overlay-type":"","overlay-color":"","overlay-opacity":"","overlay-gradient":""},"mobile":{"background-color":"","background-image":"","background-repeat":"repeat","background-position":"center center","background-size":"auto","background-attachment":"scroll","background-type":"","background-media":"","overlay-type":"","overlay-color":"","overlay-opacity":"","overlay-gradient":""}},"ast-content-background-meta":{"desktop":{"background-color":"var(--ast-global-color-5)","background-image":"","background-repeat":"repeat","background-position":"center center","background-size":"auto","background-attachment":"scroll","background-type":"","background-media":"","overlay-type":"","overlay-color":"","overlay-opacity":"","overlay-gradient":""},"tablet":{"background-color":"var(--ast-global-color-5)","background-image":"","background-repeat":"repeat","background-position":"center center","background-size":"auto","background-attachment":"scroll","background-type":"","background-media":"","overlay-type":"","overlay-color":"","overlay-opacity":"","overlay-gradient":""},"mobile":{"background-color":"var(--ast-global-color-5)","background-image":"","background-repeat":"repeat","background-position":"center center","background-size":"auto","background-attachment":"scroll","background-type":"","background-media":"","overlay-type":"","overlay-color":"","overlay-opacity":"","overlay-gradient":""}}},"product_brand":[],"product_cat":[362,367],"product_tag":[],"class_list":{"0":"post-28354","1":"product","2":"type-product","3":"status-publish","4":"has-post-thumbnail","6":"product_cat-qsfp28-wdm","7":"product_cat-qsfp28-coherent","8":"desktop-align-left","9":"tablet-align-left","10":"mobile-align-left","11":"ast-product-gallery-layout-horizontal-slider","12":"ast-product-gallery-with-no-image","13":"ast-product-tabs-layout-horizontal","15":"first","16":"instock","17":"shipping-taxable","18":"purchasable","19":"product-type-simple"},"composite_virtual":false,"composite_layout":"","composite_add_to_cart_form_location":"","composite_editable_in_cart":false,"composite_sold_individually_context":"","composite_shop_price_calc":"","composite_components":[],"composite_scenarios":[],"acf":[],"_links":{"self":[{"href":"https:\/\/www.precisionot.com\/de\/wp-json\/wp\/v2\/product\/28354","targetHints":{"allow":["GET"]}}],"collection":[{"href":"https:\/\/www.precisionot.com\/de\/wp-json\/wp\/v2\/product"}],"about":[{"href":"https:\/\/www.precisionot.com\/de\/wp-json\/wp\/v2\/types\/product"}],"version-history":[{"count":1,"href":"https:\/\/www.precisionot.com\/de\/wp-json\/wp\/v2\/product\/28354\/revisions"}],"predecessor-version":[{"id":33401,"href":"https:\/\/www.precisionot.com\/de\/wp-json\/wp\/v2\/product\/28354\/revisions\/33401"}],"wp:featuredmedia":[{"embeddable":true,"href":"https:\/\/www.precisionot.com\/de\/wp-json\/wp\/v2\/media\/32760"}],"wp:attachment":[{"href":"https:\/\/www.precisionot.com\/de\/wp-json\/wp\/v2\/media?parent=28354"}],"wp:term":[{"taxonomy":"product_brand","embeddable":true,"href":"https:\/\/www.precisionot.com\/de\/wp-json\/wp\/v2\/product_brand?post=28354"},{"taxonomy":"product_cat","embeddable":true,"href":"https:\/\/www.precisionot.com\/de\/wp-json\/wp\/v2\/product_cat?post=28354"},{"taxonomy":"product_tag","embeddable":true,"href":"https:\/\/www.precisionot.com\/de\/wp-json\/wp\/v2\/product_tag?post=28354"}],"curies":[{"name":"wp","href":"https:\/\/api.w.org\/{rel}","templated":true}]}}