{"id":27894,"date":"2024-08-05T14:47:52","date_gmt":"2024-08-05T18:47:52","guid":{"rendered":"https:\/\/www.precisionot.com\/?post_type=product&#038;p=27894"},"modified":"2024-10-08T16:32:54","modified_gmt":"2024-10-08T20:32:54","slug":"vor-sfp56dd-lr1","status":"publish","type":"product","link":"https:\/\/www.precisionot.com\/de\/product\/pre-sfp56dd-lr1\/","title":{"rendered":"VOR SFP56DD-LR1"},"content":{"rendered":"<p class=\"p2\"><span class=\"NormalTextRun SCXW19524509 BCX0\">Das optische Transceivermodul SFP56DD-LR1 unterst\u00fctzt 100G Ethernet-\u00dcbertragung \u00fcber Entfernungen von bis zu <\/span><span class=\"NormalTextRun SCXW19524509 BCX0\">10 Kilometer<\/span><span class=\"NormalTextRun SCXW19524509 BCX0\"> unter Verwendung von Singlemode-Glasfasern (SMF) mit LC-Duplex-Anschl\u00fcssen. Dieses Modul arbeitet bei einer Wellenl\u00e4nge von 1310 nm und ist f\u00fcr weitreichende Hochgeschwindigkeitsverbindungen in Rechenzentren, Unternehmensnetzwerken und Telekommunikationsinfrastrukturen konzipiert.<\/span><\/p>\n<hr \/>\n<p class=\"p2\"><span class=\"NormalTextRun SCXW19524509 BCX0\">Der SFP-DD-Formfaktor (Small Form Factor Pluggable Double Density) erm\u00f6glicht eine erh\u00f6hte Portdichte und ist daher ideal f\u00fcr Umgebungen, die eine hohe Bandbreite und effizienten Platzbedarf erfordern. <\/span><span class=\"NormalTextRun SCXW19524509 BCX0\">Verwendung<\/span><span class=\"NormalTextRun SCXW19524509 BCX0\">. <\/span><span class=\"NormalTextRun ContextualSpellingAndGrammarErrorV2Themed SCXW19524509 BCX0\">Es ist<\/span><span class=\"NormalTextRun SCXW19524509 BCX0\"> Das Hot-Swap-Design erm\u00f6glicht eine schnelle und nahtlose Integration oder einen Austausch ohne Dienstunterbrechung.<\/span><\/p>","protected":false},"excerpt":{"rendered":"<p class=\"p2\"><span class=\"NormalTextRun SCXW137142643 BCX0\">Der SFP56DD-LR1-Transceiver unterst\u00fctzt 100G Ethernet \u00fcber Singlemode-Glasfaser mit einer Reichweite von bis zu <\/span><span class=\"NormalTextRun SCXW137142643 BCX0\">10 Kilometer<\/span><span class=\"NormalTextRun SCXW137142643 BCX0\"> mit 1310 nm Wellenl\u00e4nge, mit SFP-DD-Formfaktor f\u00fcr optimierte Portdichte.<\/span><\/p>\n<hr \/>\n<p class=\"p2\"><strong>SFP-DD, LR1, 1310 nm, 100 G, 10 km, SMF\/LC<\/strong><\/p>","protected":false},"featured_media":27896,"template":"","meta":{"_acf_changed":false,"content-type":"","site-sidebar-layout":"default","site-content-layout":"default","ast-site-content-layout":"default","site-content-style":"default","site-sidebar-style":"default","ast-global-header-display":"","ast-banner-title-visibility":"","ast-main-header-display":"","ast-hfb-above-header-display":"","ast-hfb-below-header-display":"","ast-hfb-mobile-header-display":"","site-post-title":"","ast-breadcrumbs-content":"","ast-featured-img":"","footer-sml-layout":"","ast-disable-related-posts":"","theme-transparent-header-meta":"default","adv-header-id-meta":"","stick-header-meta":"","header-above-stick-meta":"","header-main-stick-meta":"","header-below-stick-meta":"","astra-migrate-meta-layouts":"set","ast-page-background-enabled":"default","ast-page-background-meta":{"desktop":{"background-color":"","background-image":"","background-repeat":"repeat","background-position":"center center","background-size":"auto","background-attachment":"scroll","background-type":"","background-media":"","overlay-type":"","overlay-color":"","overlay-opacity":"","overlay-gradient":""},"tablet":{"background-color":"","background-image":"","background-repeat":"repeat","background-position":"center center","background-size":"auto","background-attachment":"scroll","background-type":"","background-media":"","overlay-type":"","overlay-color":"","overlay-opacity":"","overlay-gradient":""},"mobile":{"background-color":"","background-image":"","background-repeat":"repeat","background-position":"center center","background-size":"auto","background-attachment":"scroll","background-type":"","background-media":"","overlay-type":"","overlay-color":"","overlay-opacity":"","overlay-gradient":""}},"ast-content-background-meta":{"desktop":{"background-color":"var(--ast-global-color-5)","background-image":"","background-repeat":"repeat","background-position":"center center","background-size":"auto","background-attachment":"scroll","background-type":"","background-media":"","overlay-type":"","overlay-color":"","overlay-opacity":"","overlay-gradient":""},"tablet":{"background-color":"var(--ast-global-color-5)","background-image":"","background-repeat":"repeat","background-position":"center center","background-size":"auto","background-attachment":"scroll","background-type":"","background-media":"","overlay-type":"","overlay-color":"","overlay-opacity":"","overlay-gradient":""},"mobile":{"background-color":"var(--ast-global-color-5)","background-image":"","background-repeat":"repeat","background-position":"center center","background-size":"auto","background-attachment":"scroll","background-type":"","background-media":"","overlay-type":"","overlay-color":"","overlay-opacity":"","overlay-gradient":""}}},"product_brand":[],"product_cat":[359],"product_tag":[357],"class_list":{"0":"post-27894","1":"product","2":"type-product","3":"status-publish","4":"has-post-thumbnail","6":"product_cat-sfpdd-standard","7":"product_tag-new-template","8":"desktop-align-left","9":"tablet-align-left","10":"mobile-align-left","11":"ast-product-gallery-layout-horizontal-slider","12":"ast-product-gallery-with-no-image","13":"ast-product-tabs-layout-horizontal","15":"first","16":"instock","17":"shipping-taxable","18":"purchasable","19":"product-type-simple"},"composite_virtual":false,"composite_layout":"","composite_add_to_cart_form_location":"","composite_editable_in_cart":false,"composite_sold_individually_context":"","composite_shop_price_calc":"","composite_components":[],"composite_scenarios":[],"acf":[],"_links":{"self":[{"href":"https:\/\/www.precisionot.com\/de\/wp-json\/wp\/v2\/product\/27894","targetHints":{"allow":["GET"]}}],"collection":[{"href":"https:\/\/www.precisionot.com\/de\/wp-json\/wp\/v2\/product"}],"about":[{"href":"https:\/\/www.precisionot.com\/de\/wp-json\/wp\/v2\/types\/product"}],"version-history":[{"count":0,"href":"https:\/\/www.precisionot.com\/de\/wp-json\/wp\/v2\/product\/27894\/revisions"}],"wp:featuredmedia":[{"embeddable":true,"href":"https:\/\/www.precisionot.com\/de\/wp-json\/wp\/v2\/media\/27896"}],"wp:attachment":[{"href":"https:\/\/www.precisionot.com\/de\/wp-json\/wp\/v2\/media?parent=27894"}],"wp:term":[{"taxonomy":"product_brand","embeddable":true,"href":"https:\/\/www.precisionot.com\/de\/wp-json\/wp\/v2\/product_brand?post=27894"},{"taxonomy":"product_cat","embeddable":true,"href":"https:\/\/www.precisionot.com\/de\/wp-json\/wp\/v2\/product_cat?post=27894"},{"taxonomy":"product_tag","embeddable":true,"href":"https:\/\/www.precisionot.com\/de\/wp-json\/wp\/v2\/product_tag?post=27894"}],"curies":[{"name":"wp","href":"https:\/\/api.w.org\/{rel}","templated":true}]}}