{"id":27147,"date":"2024-06-18T15:01:46","date_gmt":"2024-06-18T19:01:46","guid":{"rendered":"https:\/\/www.precisionot.com\/?post_type=product&#038;p=27147"},"modified":"2024-09-19T15:06:48","modified_gmt":"2024-09-19T19:06:48","slug":"vor-sfp25gd-esr","status":"publish","type":"product","link":"https:\/\/www.precisionot.com\/de\/product\/pre-sfp25gd-esr\/","title":{"rendered":"VOR SFP25GD-ESR"},"content":{"rendered":"<p class=\"p2\"><span class=\"NormalTextRun SCXW121372906 BCX0\">Das optische Transceivermodul SFP25GD-ESR unterst\u00fctzt sowohl 10G- als auch 25G-Ethernet-\u00dcbertragung \u00fcber Multimode-Glasfaser (MMF) mit LC-Duplex-Anschl\u00fcssen. Es <\/span><span class=\"NormalTextRun SCXW121372906 BCX0\">betreibt<\/span><span class=\"NormalTextRun SCXW121372906 BCX0\"> bei einer Wellenl\u00e4nge von 850nm und bietet eine Reichweite von bis zu <\/span><span class=\"NormalTextRun AdvancedProofingIssueV2Themed SCXW121372906 BCX0\">200 Meter<\/span><span class=\"NormalTextRun SCXW121372906 BCX0\"> mit OM3-Glasfaser und <\/span><span class=\"NormalTextRun AdvancedProofingIssueV2Themed SCXW121372906 BCX0\">300 Meter<\/span><span class=\"NormalTextRun SCXW121372906 BCX0\"> mit OM4-Glasfaser und ist daher ideal f\u00fcr Hochgeschwindigkeitsverbindungen im Nahbereich in Rechenzentren und Unternehmensnetzwerken.<\/span><\/p>\n<hr \/>\n<p class=\"p2\"><span class=\"NormalTextRun SCXW121372906 BCX0\">Die Dual-Rate-F\u00e4higkeit bietet Flexibilit\u00e4t f\u00fcr Netzwerk-Upgrades und Skalierbarkeit. Das Hot-Swap-f\u00e4hige Design des Moduls erm\u00f6glicht eine schnelle und einfache Integration oder einen Austausch ohne Dienstunterbrechung, w\u00e4hrend die integrierte digitale Diagnose\u00fcberwachung (DDM) eine Echtzeit-Leistungsverfolgung f\u00fcr eine effektive Netzwerkverwaltung gew\u00e4hrleistet.<\/span><\/p>","protected":false},"excerpt":{"rendered":"<p class=\"p2\"><span class=\"TextRun SCXW5870853 BCX0\" lang=\"EN-US\" xml:lang=\"EN-US\" data-contrast=\"auto\"><span class=\"NormalTextRun SCXW5870853 BCX0\">Der optische Transceiver SFP25GD-ESR unterst\u00fctzt 10G- und 25G-Ethernet \u00fcber Multimode-Glasfaser mit einer Reichweite von bis zu 200 Metern (OM3) oder 300 Metern (OM4) bei einer Wellenl\u00e4nge von 850 nm.<\/span><\/span><\/p>\n<hr \/>\n<p class=\"p2\"><strong>SFP28, SR, 850 nm, 10\/25 G, 200\/300 m, MMF\/LC<\/strong><\/p>","protected":false},"featured_media":27148,"template":"","meta":{"_acf_changed":false,"content-type":"","site-sidebar-layout":"default","site-content-layout":"default","ast-site-content-layout":"default","site-content-style":"default","site-sidebar-style":"default","ast-global-header-display":"","ast-banner-title-visibility":"","ast-main-header-display":"","ast-hfb-above-header-display":"","ast-hfb-below-header-display":"","ast-hfb-mobile-header-display":"","site-post-title":"","ast-breadcrumbs-content":"","ast-featured-img":"","footer-sml-layout":"","ast-disable-related-posts":"","theme-transparent-header-meta":"default","adv-header-id-meta":"","stick-header-meta":"","header-above-stick-meta":"","header-main-stick-meta":"","header-below-stick-meta":"","astra-migrate-meta-layouts":"set","ast-page-background-enabled":"default","ast-page-background-meta":{"desktop":{"background-color":"","background-image":"","background-repeat":"repeat","background-position":"center center","background-size":"auto","background-attachment":"scroll","background-type":"","background-media":"","overlay-type":"","overlay-color":"","overlay-opacity":"","overlay-gradient":""},"tablet":{"background-color":"","background-image":"","background-repeat":"repeat","background-position":"center center","background-size":"auto","background-attachment":"scroll","background-type":"","background-media":"","overlay-type":"","overlay-color":"","overlay-opacity":"","overlay-gradient":""},"mobile":{"background-color":"","background-image":"","background-repeat":"repeat","background-position":"center center","background-size":"auto","background-attachment":"scroll","background-type":"","background-media":"","overlay-type":"","overlay-color":"","overlay-opacity":"","overlay-gradient":""}},"ast-content-background-meta":{"desktop":{"background-color":"var(--ast-global-color-5)","background-image":"","background-repeat":"repeat","background-position":"center center","background-size":"auto","background-attachment":"scroll","background-type":"","background-media":"","overlay-type":"","overlay-color":"","overlay-opacity":"","overlay-gradient":""},"tablet":{"background-color":"var(--ast-global-color-5)","background-image":"","background-repeat":"repeat","background-position":"center center","background-size":"auto","background-attachment":"scroll","background-type":"","background-media":"","overlay-type":"","overlay-color":"","overlay-opacity":"","overlay-gradient":""},"mobile":{"background-color":"var(--ast-global-color-5)","background-image":"","background-repeat":"repeat","background-position":"center center","background-size":"auto","background-attachment":"scroll","background-type":"","background-media":"","overlay-type":"","overlay-color":"","overlay-opacity":"","overlay-gradient":""}}},"product_brand":[],"product_cat":[305],"product_tag":[],"class_list":{"0":"post-27147","1":"product","2":"type-product","3":"status-publish","4":"has-post-thumbnail","6":"product_cat-sfp28-standard","7":"desktop-align-left","8":"tablet-align-left","9":"mobile-align-left","10":"ast-product-gallery-layout-horizontal-slider","11":"ast-product-gallery-with-no-image","12":"ast-product-tabs-layout-horizontal","14":"first","15":"instock","16":"shipping-taxable","17":"purchasable","18":"product-type-simple"},"composite_virtual":false,"composite_layout":"","composite_add_to_cart_form_location":"","composite_editable_in_cart":false,"composite_sold_individually_context":"","composite_shop_price_calc":"","composite_components":[],"composite_scenarios":[],"acf":[],"_links":{"self":[{"href":"https:\/\/www.precisionot.com\/de\/wp-json\/wp\/v2\/product\/27147","targetHints":{"allow":["GET"]}}],"collection":[{"href":"https:\/\/www.precisionot.com\/de\/wp-json\/wp\/v2\/product"}],"about":[{"href":"https:\/\/www.precisionot.com\/de\/wp-json\/wp\/v2\/types\/product"}],"version-history":[{"count":0,"href":"https:\/\/www.precisionot.com\/de\/wp-json\/wp\/v2\/product\/27147\/revisions"}],"wp:featuredmedia":[{"embeddable":true,"href":"https:\/\/www.precisionot.com\/de\/wp-json\/wp\/v2\/media\/27148"}],"wp:attachment":[{"href":"https:\/\/www.precisionot.com\/de\/wp-json\/wp\/v2\/media?parent=27147"}],"wp:term":[{"taxonomy":"product_brand","embeddable":true,"href":"https:\/\/www.precisionot.com\/de\/wp-json\/wp\/v2\/product_brand?post=27147"},{"taxonomy":"product_cat","embeddable":true,"href":"https:\/\/www.precisionot.com\/de\/wp-json\/wp\/v2\/product_cat?post=27147"},{"taxonomy":"product_tag","embeddable":true,"href":"https:\/\/www.precisionot.com\/de\/wp-json\/wp\/v2\/product_tag?post=27147"}],"curies":[{"name":"wp","href":"https:\/\/api.w.org\/{rel}","templated":true}]}}