{"id":27142,"date":"2024-06-18T14:58:05","date_gmt":"2024-06-18T18:58:05","guid":{"rendered":"https:\/\/www.precisionot.com\/?post_type=product&#038;p=27142"},"modified":"2024-09-19T15:00:05","modified_gmt":"2024-09-19T19:00:05","slug":"vor-sfp25g-esr","status":"publish","type":"product","link":"https:\/\/www.precisionot.com\/de\/product\/pre-sfp25g-esr\/","title":{"rendered":"VOR SFP25G-ESR"},"content":{"rendered":"<p class=\"p2\"><span class=\"NormalTextRun SCXW239652865 BCX0\">Das optische Transceivermodul SFP25G-ESR unterst\u00fctzt 25G-Ethernet-\u00dcbertragung \u00fcber Entfernungen von bis zu 200 Metern (OM3) oder 300 Metern (OM4) unter Verwendung von Multimode-Glasfasern (MMF) mit LC-Duplex-Anschl\u00fcssen. Dieses Modul arbeitet bei einer Wellenl\u00e4nge von 850 nm und ist <\/span><span class=\"NormalTextRun SCXW239652865 BCX0\">optimiert<\/span><span class=\"NormalTextRun SCXW239652865 BCX0\"> f\u00fcr Hochgeschwindigkeitsverbindungen im Nahbereich und damit ideal f\u00fcr Rechenzentren und Unternehmensnetzwerke.<\/span><\/p>\n<hr \/>\n<p class=\"p2\"><span class=\"NormalTextRun SCXW239652865 BCX0\">Das Modul wurde f\u00fcr den Einsatz in Umgebungen mit kommerziellen Temperaturen (C-Temp) entwickelt und bietet zuverl\u00e4ssige Leistung in Netzwerkanwendungen mit hoher Dichte. Die integrierte digitale Diagnose\u00fcberwachung (DDM) bietet eine Leistungs\u00fcberwachung in Echtzeit und erm\u00f6glicht so eine proaktive Netzwerkverwaltung. <\/span><span class=\"NormalTextRun ContextualSpellingAndGrammarErrorV2Themed SCXW239652865 BCX0\">Es ist<\/span><span class=\"NormalTextRun SCXW239652865 BCX0\"> Das Hot-Swap-Design erm\u00f6glicht eine schnelle und einfache Integration oder einen Austausch ohne Dienstunterbrechung.<\/span><\/p>","protected":false},"excerpt":{"rendered":"<p class=\"p2\"><span class=\"TextRun SCXW159692480 BCX0\" lang=\"EN-US\" xml:lang=\"EN-US\" data-contrast=\"auto\"><span class=\"NormalTextRun SCXW159692480 BCX0\">Der optische Transceiver SFP25G-ESR unterst\u00fctzt 25G-Ethernet \u00fcber Multimode-Glasfaser mit einer Reichweite von bis zu 200 Metern (OM3) oder 300 Metern (OM4) bei einer Wellenl\u00e4nge von 850 nm.<\/span><\/span><\/p>\n<hr \/>\n<p class=\"p2\"><strong>SFP28, SR, 850 nm, 25 G, 200\/300 m, MMF\/LC, C-Temp<\/strong><\/p>","protected":false},"featured_media":27144,"template":"","meta":{"_acf_changed":false,"content-type":"","site-sidebar-layout":"default","site-content-layout":"default","ast-site-content-layout":"default","site-content-style":"default","site-sidebar-style":"default","ast-global-header-display":"","ast-banner-title-visibility":"","ast-main-header-display":"","ast-hfb-above-header-display":"","ast-hfb-below-header-display":"","ast-hfb-mobile-header-display":"","site-post-title":"","ast-breadcrumbs-content":"","ast-featured-img":"","footer-sml-layout":"","ast-disable-related-posts":"","theme-transparent-header-meta":"default","adv-header-id-meta":"","stick-header-meta":"","header-above-stick-meta":"","header-main-stick-meta":"","header-below-stick-meta":"","astra-migrate-meta-layouts":"set","ast-page-background-enabled":"default","ast-page-background-meta":{"desktop":{"background-color":"","background-image":"","background-repeat":"repeat","background-position":"center center","background-size":"auto","background-attachment":"scroll","background-type":"","background-media":"","overlay-type":"","overlay-color":"","overlay-opacity":"","overlay-gradient":""},"tablet":{"background-color":"","background-image":"","background-repeat":"repeat","background-position":"center center","background-size":"auto","background-attachment":"scroll","background-type":"","background-media":"","overlay-type":"","overlay-color":"","overlay-opacity":"","overlay-gradient":""},"mobile":{"background-color":"","background-image":"","background-repeat":"repeat","background-position":"center center","background-size":"auto","background-attachment":"scroll","background-type":"","background-media":"","overlay-type":"","overlay-color":"","overlay-opacity":"","overlay-gradient":""}},"ast-content-background-meta":{"desktop":{"background-color":"var(--ast-global-color-5)","background-image":"","background-repeat":"repeat","background-position":"center center","background-size":"auto","background-attachment":"scroll","background-type":"","background-media":"","overlay-type":"","overlay-color":"","overlay-opacity":"","overlay-gradient":""},"tablet":{"background-color":"var(--ast-global-color-5)","background-image":"","background-repeat":"repeat","background-position":"center center","background-size":"auto","background-attachment":"scroll","background-type":"","background-media":"","overlay-type":"","overlay-color":"","overlay-opacity":"","overlay-gradient":""},"mobile":{"background-color":"var(--ast-global-color-5)","background-image":"","background-repeat":"repeat","background-position":"center center","background-size":"auto","background-attachment":"scroll","background-type":"","background-media":"","overlay-type":"","overlay-color":"","overlay-opacity":"","overlay-gradient":""}}},"product_brand":[],"product_cat":[305],"product_tag":[],"class_list":{"0":"post-27142","1":"product","2":"type-product","3":"status-publish","4":"has-post-thumbnail","6":"product_cat-sfp28-standard","7":"desktop-align-left","8":"tablet-align-left","9":"mobile-align-left","10":"ast-product-gallery-layout-horizontal-slider","11":"ast-product-gallery-with-no-image","12":"ast-product-tabs-layout-horizontal","14":"first","15":"instock","16":"shipping-taxable","17":"purchasable","18":"product-type-simple"},"composite_virtual":false,"composite_layout":"","composite_add_to_cart_form_location":"","composite_editable_in_cart":false,"composite_sold_individually_context":"","composite_shop_price_calc":"","composite_components":[],"composite_scenarios":[],"acf":[],"_links":{"self":[{"href":"https:\/\/www.precisionot.com\/de\/wp-json\/wp\/v2\/product\/27142","targetHints":{"allow":["GET"]}}],"collection":[{"href":"https:\/\/www.precisionot.com\/de\/wp-json\/wp\/v2\/product"}],"about":[{"href":"https:\/\/www.precisionot.com\/de\/wp-json\/wp\/v2\/types\/product"}],"version-history":[{"count":0,"href":"https:\/\/www.precisionot.com\/de\/wp-json\/wp\/v2\/product\/27142\/revisions"}],"wp:featuredmedia":[{"embeddable":true,"href":"https:\/\/www.precisionot.com\/de\/wp-json\/wp\/v2\/media\/27144"}],"wp:attachment":[{"href":"https:\/\/www.precisionot.com\/de\/wp-json\/wp\/v2\/media?parent=27142"}],"wp:term":[{"taxonomy":"product_brand","embeddable":true,"href":"https:\/\/www.precisionot.com\/de\/wp-json\/wp\/v2\/product_brand?post=27142"},{"taxonomy":"product_cat","embeddable":true,"href":"https:\/\/www.precisionot.com\/de\/wp-json\/wp\/v2\/product_cat?post=27142"},{"taxonomy":"product_tag","embeddable":true,"href":"https:\/\/www.precisionot.com\/de\/wp-json\/wp\/v2\/product_tag?post=27142"}],"curies":[{"name":"wp","href":"https:\/\/api.w.org\/{rel}","templated":true}]}}