{"id":26730,"date":"2024-05-31T12:52:16","date_gmt":"2024-05-31T16:52:16","guid":{"rendered":"https:\/\/www.precisionot.com\/?post_type=product&#038;p=26730"},"modified":"2024-05-31T16:22:06","modified_gmt":"2024-05-31T20:22:06","slug":"ruckverfolgbare-faser-patchkabel","status":"publish","type":"product","link":"https:\/\/www.precisionot.com\/de\/product\/traceable-fiber-patch-cords\/","title":{"rendered":"R\u00fcckverfolgbare Glasfaser-Patchkabel"},"content":{"rendered":"<p class=\"p2\">Das verfolgbare Glasfaser-Patchkabel ist eine effektive L\u00f6sung zur Vermeidung von Verbindungsfehlern in dichten Umgebungen, in denen Kabelstaus das Auffinden von Patchkabeln und das Auffinden des anderen Kabelendes zu einer Herausforderung machen k\u00f6nnen. Die verfolgbare Lichterkennung verhindert das versehentliche Herausziehen oder Bewegen des falschen Jumpers. Wichtige Einsatzbereiche f\u00fcr dieses Produkt sind Rechenzentren, Hauptniederlassungen, mobile Vermittlungsstellen, Telekommunikationsschr\u00e4nke, aktive und passive Glasfaser-Verteilungsknoten und Mehrfamilienh\u00e4user (MDU). Das verfolgbare Glasfaser-Patchkabel verwendet eine positive Lichtanzeige, um das Ende der Baugruppe schnell zu identifizieren. Dies wird durch die Verwendung eines Kabelst\u00fccks mit einer zus\u00e4tzlichen Kunststofffaserstruktur zur Identifizierung erm\u00f6glicht.<\/p>","protected":false},"excerpt":{"rendered":"<p class=\"p2\">Das verfolgbare Glasfaser-Patchkabel ist eine effektive L\u00f6sung zur Vermeidung von Verbindungsfehlern in dichten Umgebungen, in denen Kabelstaus das Auffinden von Patchkabeln und das Auffinden des anderen Kabelendes zu einer Herausforderung machen k\u00f6nnen. Die verfolgbare Lichterkennung verhindert das versehentliche Herausziehen oder Bewegen des falschen Jumpers. Wichtige Einsatzbereiche f\u00fcr dieses Produkt sind Rechenzentren, Hauptniederlassungen, mobile Vermittlungsstellen, Telekommunikationsschr\u00e4nke, aktive und passive Glasfaser-Verteilungsknoten und Mehrfamilienh\u00e4user (MDU). Das verfolgbare Glasfaser-Patchkabel verwendet eine positive Lichtanzeige, um das Ende der Baugruppe schnell zu identifizieren. Dies wird durch die Verwendung eines Kabelst\u00fccks mit einer zus\u00e4tzlichen Kunststofffaserstruktur zur Identifizierung erm\u00f6glicht.<\/p>","protected":false},"featured_media":26729,"template":"","meta":{"_acf_changed":false,"content-type":"","site-sidebar-layout":"default","site-content-layout":"default","ast-site-content-layout":"default","site-content-style":"default","site-sidebar-style":"default","ast-global-header-display":"","ast-banner-title-visibility":"","ast-main-header-display":"","ast-hfb-above-header-display":"","ast-hfb-below-header-display":"","ast-hfb-mobile-header-display":"","site-post-title":"","ast-breadcrumbs-content":"","ast-featured-img":"","footer-sml-layout":"","ast-disable-related-posts":"","theme-transparent-header-meta":"default","adv-header-id-meta":"","stick-header-meta":"","header-above-stick-meta":"","header-main-stick-meta":"","header-below-stick-meta":"","astra-migrate-meta-layouts":"set","ast-page-background-enabled":"default","ast-page-background-meta":{"desktop":{"background-color":"","background-image":"","background-repeat":"repeat","background-position":"center center","background-size":"auto","background-attachment":"scroll","background-type":"","background-media":"","overlay-type":"","overlay-color":"","overlay-opacity":"","overlay-gradient":""},"tablet":{"background-color":"","background-image":"","background-repeat":"repeat","background-position":"center center","background-size":"auto","background-attachment":"scroll","background-type":"","background-media":"","overlay-type":"","overlay-color":"","overlay-opacity":"","overlay-gradient":""},"mobile":{"background-color":"","background-image":"","background-repeat":"repeat","background-position":"center center","background-size":"auto","background-attachment":"scroll","background-type":"","background-media":"","overlay-type":"","overlay-color":"","overlay-opacity":"","overlay-gradient":""}},"ast-content-background-meta":{"desktop":{"background-color":"var(--ast-global-color-5)","background-image":"","background-repeat":"repeat","background-position":"center center","background-size":"auto","background-attachment":"scroll","background-type":"","background-media":"","overlay-type":"","overlay-color":"","overlay-opacity":"","overlay-gradient":""},"tablet":{"background-color":"var(--ast-global-color-5)","background-image":"","background-repeat":"repeat","background-position":"center center","background-size":"auto","background-attachment":"scroll","background-type":"","background-media":"","overlay-type":"","overlay-color":"","overlay-opacity":"","overlay-gradient":""},"mobile":{"background-color":"var(--ast-global-color-5)","background-image":"","background-repeat":"repeat","background-position":"center center","background-size":"auto","background-attachment":"scroll","background-type":"","background-media":"","overlay-type":"","overlay-color":"","overlay-opacity":"","overlay-gradient":""}}},"product_brand":[],"product_cat":[354],"product_tag":[],"class_list":{"0":"post-26730","1":"product","2":"type-product","3":"status-publish","4":"has-post-thumbnail","6":"product_cat-fiber-cables","7":"desktop-align-left","8":"tablet-align-left","9":"mobile-align-left","10":"ast-product-gallery-layout-horizontal-slider","11":"ast-product-gallery-with-no-image","12":"ast-product-tabs-layout-horizontal","14":"first","15":"instock","16":"shipping-taxable","17":"purchasable","18":"product-type-simple"},"composite_virtual":false,"composite_layout":"","composite_add_to_cart_form_location":"","composite_editable_in_cart":false,"composite_sold_individually_context":"","composite_shop_price_calc":"","composite_components":[],"composite_scenarios":[],"acf":[],"_links":{"self":[{"href":"https:\/\/www.precisionot.com\/de\/wp-json\/wp\/v2\/product\/26730","targetHints":{"allow":["GET"]}}],"collection":[{"href":"https:\/\/www.precisionot.com\/de\/wp-json\/wp\/v2\/product"}],"about":[{"href":"https:\/\/www.precisionot.com\/de\/wp-json\/wp\/v2\/types\/product"}],"version-history":[{"count":0,"href":"https:\/\/www.precisionot.com\/de\/wp-json\/wp\/v2\/product\/26730\/revisions"}],"wp:featuredmedia":[{"embeddable":true,"href":"https:\/\/www.precisionot.com\/de\/wp-json\/wp\/v2\/media\/26729"}],"wp:attachment":[{"href":"https:\/\/www.precisionot.com\/de\/wp-json\/wp\/v2\/media?parent=26730"}],"wp:term":[{"taxonomy":"product_brand","embeddable":true,"href":"https:\/\/www.precisionot.com\/de\/wp-json\/wp\/v2\/product_brand?post=26730"},{"taxonomy":"product_cat","embeddable":true,"href":"https:\/\/www.precisionot.com\/de\/wp-json\/wp\/v2\/product_cat?post=26730"},{"taxonomy":"product_tag","embeddable":true,"href":"https:\/\/www.precisionot.com\/de\/wp-json\/wp\/v2\/product_tag?post=26730"}],"curies":[{"name":"wp","href":"https:\/\/api.w.org\/{rel}","templated":true}]}}