{"id":26725,"date":"2024-05-31T12:44:36","date_gmt":"2024-05-31T16:44:36","guid":{"rendered":"https:\/\/www.precisionot.com\/?post_type=product&#038;p=26725"},"modified":"2024-05-31T16:30:44","modified_gmt":"2024-05-31T20:30:44","slug":"loopback-anschlusse","status":"publish","type":"product","link":"https:\/\/www.precisionot.com\/de\/product\/loopback-connectors\/","title":{"rendered":"Loopback-Anschl\u00fcsse"},"content":{"rendered":"<p class=\"p2\">Der Loopback besteht aus beiden Enden der Glasfaser in einem Duplex- oder Mehrfaser-Anschluss, sodass das optische Signal im selben Anschluss bleibt, ohne dass Signale ge\u00e4ndert oder wiederholt werden. Dies kann eine effektive L\u00f6sung bieten, um die Sendef\u00e4higkeit und Empfangsempfindlichkeit der Netzwerkausr\u00fcstung zu testen. Insbesondere bei der 40\/100G-Netzwerkkommunikation k\u00f6nnen durch die R\u00fccksignalpositionierung alle m\u00f6glichen Ph\u00e4nomene auftreten, sodass ein Glasfasernetzwerk paarweise auf einem einzigen Element realisiert werden kann.<\/p>","protected":false},"excerpt":{"rendered":"<p class=\"p2\">Der Loopback besteht aus beiden Enden der Glasfaser in einem Duplex- oder Mehrfaser-Anschluss, sodass das optische Signal im selben Anschluss bleibt, ohne dass Signale ge\u00e4ndert oder wiederholt werden. Dies kann eine effektive L\u00f6sung bieten, um die Sendef\u00e4higkeit und Empfangsempfindlichkeit der Netzwerkausr\u00fcstung zu testen. Insbesondere bei der 40\/100G-Netzwerkkommunikation k\u00f6nnen durch die R\u00fccksignalpositionierung alle m\u00f6glichen Ph\u00e4nomene auftreten, sodass ein Glasfasernetzwerk paarweise auf einem einzigen Element realisiert werden kann.<\/p>","protected":false},"featured_media":26724,"template":"","meta":{"_acf_changed":false,"content-type":"","site-sidebar-layout":"default","site-content-layout":"default","ast-site-content-layout":"default","site-content-style":"default","site-sidebar-style":"default","ast-global-header-display":"","ast-banner-title-visibility":"","ast-main-header-display":"","ast-hfb-above-header-display":"","ast-hfb-below-header-display":"","ast-hfb-mobile-header-display":"","site-post-title":"","ast-breadcrumbs-content":"","ast-featured-img":"","footer-sml-layout":"","ast-disable-related-posts":"","theme-transparent-header-meta":"default","adv-header-id-meta":"","stick-header-meta":"","header-above-stick-meta":"","header-main-stick-meta":"","header-below-stick-meta":"","astra-migrate-meta-layouts":"set","ast-page-background-enabled":"default","ast-page-background-meta":{"desktop":{"background-color":"","background-image":"","background-repeat":"repeat","background-position":"center center","background-size":"auto","background-attachment":"scroll","background-type":"","background-media":"","overlay-type":"","overlay-color":"","overlay-opacity":"","overlay-gradient":""},"tablet":{"background-color":"","background-image":"","background-repeat":"repeat","background-position":"center center","background-size":"auto","background-attachment":"scroll","background-type":"","background-media":"","overlay-type":"","overlay-color":"","overlay-opacity":"","overlay-gradient":""},"mobile":{"background-color":"","background-image":"","background-repeat":"repeat","background-position":"center center","background-size":"auto","background-attachment":"scroll","background-type":"","background-media":"","overlay-type":"","overlay-color":"","overlay-opacity":"","overlay-gradient":""}},"ast-content-background-meta":{"desktop":{"background-color":"var(--ast-global-color-5)","background-image":"","background-repeat":"repeat","background-position":"center center","background-size":"auto","background-attachment":"scroll","background-type":"","background-media":"","overlay-type":"","overlay-color":"","overlay-opacity":"","overlay-gradient":""},"tablet":{"background-color":"var(--ast-global-color-5)","background-image":"","background-repeat":"repeat","background-position":"center center","background-size":"auto","background-attachment":"scroll","background-type":"","background-media":"","overlay-type":"","overlay-color":"","overlay-opacity":"","overlay-gradient":""},"mobile":{"background-color":"var(--ast-global-color-5)","background-image":"","background-repeat":"repeat","background-position":"center center","background-size":"auto","background-attachment":"scroll","background-type":"","background-media":"","overlay-type":"","overlay-color":"","overlay-opacity":"","overlay-gradient":""}}},"product_brand":[],"product_cat":[356],"product_tag":[],"class_list":{"0":"post-26725","1":"product","2":"type-product","3":"status-publish","4":"has-post-thumbnail","6":"product_cat-tools-and-accessories","7":"desktop-align-left","8":"tablet-align-left","9":"mobile-align-left","10":"ast-product-gallery-layout-horizontal-slider","11":"ast-product-gallery-with-no-image","12":"ast-product-tabs-layout-horizontal","14":"first","15":"instock","16":"shipping-taxable","17":"purchasable","18":"product-type-simple"},"composite_virtual":false,"composite_layout":"","composite_add_to_cart_form_location":"","composite_editable_in_cart":false,"composite_sold_individually_context":"","composite_shop_price_calc":"","composite_components":[],"composite_scenarios":[],"acf":[],"_links":{"self":[{"href":"https:\/\/www.precisionot.com\/de\/wp-json\/wp\/v2\/product\/26725","targetHints":{"allow":["GET"]}}],"collection":[{"href":"https:\/\/www.precisionot.com\/de\/wp-json\/wp\/v2\/product"}],"about":[{"href":"https:\/\/www.precisionot.com\/de\/wp-json\/wp\/v2\/types\/product"}],"version-history":[{"count":0,"href":"https:\/\/www.precisionot.com\/de\/wp-json\/wp\/v2\/product\/26725\/revisions"}],"wp:featuredmedia":[{"embeddable":true,"href":"https:\/\/www.precisionot.com\/de\/wp-json\/wp\/v2\/media\/26724"}],"wp:attachment":[{"href":"https:\/\/www.precisionot.com\/de\/wp-json\/wp\/v2\/media?parent=26725"}],"wp:term":[{"taxonomy":"product_brand","embeddable":true,"href":"https:\/\/www.precisionot.com\/de\/wp-json\/wp\/v2\/product_brand?post=26725"},{"taxonomy":"product_cat","embeddable":true,"href":"https:\/\/www.precisionot.com\/de\/wp-json\/wp\/v2\/product_cat?post=26725"},{"taxonomy":"product_tag","embeddable":true,"href":"https:\/\/www.precisionot.com\/de\/wp-json\/wp\/v2\/product_tag?post=26725"}],"curies":[{"name":"wp","href":"https:\/\/api.w.org\/{rel}","templated":true}]}}