{"id":26614,"date":"2024-05-29T10:27:34","date_gmt":"2024-05-29T14:27:34","guid":{"rendered":"https:\/\/www.precisionot.com\/?post_type=product&#038;p=26614"},"modified":"2024-10-25T12:40:22","modified_gmt":"2024-10-25T16:40:22","slug":"vor-sfp-cxx-oc48-80","status":"publish","type":"product","link":"https:\/\/www.precisionot.com\/de\/product\/pre-sfp-cxx-oc48-80\/","title":{"rendered":"VORHER-SFP-Cxx-OC48-80"},"content":{"rendered":"<p class=\"p2\"><span class=\"NormalTextRun SCXW198693877 BCX0\">Das optische Transceivermodul SFP-Cxx-OC48-80 unterst\u00fctzt OC-48\/STM-16-\u00dcbertragung mit 2,5 Gbps \u00fcber Entfernungen von bis zu <\/span><span class=\"NormalTextRun SCXW198693877 BCX0\">80 Kilometer<\/span><span class=\"NormalTextRun SCXW198693877 BCX0\"> mit der CWDM-Technologie (Coarse Wavelength Division Multiplexing). Dieses Modul arbeitet im CWDM-Wellenl\u00e4ngenbereich von 1470 nm bis 1610 nm und ist <\/span><span class=\"NormalTextRun SCXW198693877 BCX0\">optimiert<\/span><span class=\"NormalTextRun SCXW198693877 BCX0\"> f\u00fcr hochkapazitive Konnektivit\u00e4t mittlerer bis gro\u00dfer Reichweite in Telekommunikations-, Rechenzentrums- und Unternehmensnetzwerken.<\/span><\/p>\n<hr \/>\n<p class=\"p2\"><span class=\"NormalTextRun SCXW198693877 BCX0\">Der SFP-Cxx-OC48-80 wurde f\u00fcr Singlemode-Glasfasern (SMF) mit LC-Duplex-Anschl\u00fcssen entwickelt und bietet w\u00e4hlbare Wellenl\u00e4ngen f\u00fcr den vielseitigen Einsatz in CWDM-Systemen. Das Hot-Swap-f\u00e4hige Design erm\u00f6glicht eine schnelle und einfache Integration oder einen Austausch ohne Netzwerkunterbrechung und ist damit eine effiziente Wahl f\u00fcr OC-48-Netzwerke mit erweiterter Reichweite.<\/span><\/p>","protected":false},"excerpt":{"rendered":"<p class=\"p2\"><span class=\"s2\"><span class=\"NormalTextRun SCXW260575536 BCX0\">Der SFP-Cxx-OC48-80-Transceiver unterst\u00fctzt OC-48\/STM-16-\u00dcbertragung \u00fcber Singlemode-Glasfasern mit einer Reichweite von bis zu <\/span><span class=\"NormalTextRun SCXW260575536 BCX0\">80 Kilometer<\/span><span class=\"NormalTextRun SCXW260575536 BCX0\"> mit CWDM-Technologie, verf\u00fcgbar in den Wellenl\u00e4ngen 1470\u20131610\u00a0nm.<\/span><\/span><\/p>\n<hr \/>\n<p class=\"p2\"><strong><span class=\"s2\">SFP, CWDM, <\/span>1470 \u2013 1610 nm, 2,5 G, 80 km, SMF\/LC<\/strong><\/p>","protected":false},"featured_media":26634,"template":"","meta":{"_acf_changed":false,"content-type":"","site-sidebar-layout":"default","site-content-layout":"default","ast-site-content-layout":"default","site-content-style":"default","site-sidebar-style":"default","ast-global-header-display":"","ast-banner-title-visibility":"","ast-main-header-display":"","ast-hfb-above-header-display":"","ast-hfb-below-header-display":"","ast-hfb-mobile-header-display":"","site-post-title":"","ast-breadcrumbs-content":"","ast-featured-img":"","footer-sml-layout":"","ast-disable-related-posts":"","theme-transparent-header-meta":"default","adv-header-id-meta":"","stick-header-meta":"","header-above-stick-meta":"","header-main-stick-meta":"","header-below-stick-meta":"","astra-migrate-meta-layouts":"set","ast-page-background-enabled":"default","ast-page-background-meta":{"desktop":{"background-color":"","background-image":"","background-repeat":"repeat","background-position":"center center","background-size":"auto","background-attachment":"scroll","background-type":"","background-media":"","overlay-type":"","overlay-color":"","overlay-opacity":"","overlay-gradient":""},"tablet":{"background-color":"","background-image":"","background-repeat":"repeat","background-position":"center center","background-size":"auto","background-attachment":"scroll","background-type":"","background-media":"","overlay-type":"","overlay-color":"","overlay-opacity":"","overlay-gradient":""},"mobile":{"background-color":"","background-image":"","background-repeat":"repeat","background-position":"center center","background-size":"auto","background-attachment":"scroll","background-type":"","background-media":"","overlay-type":"","overlay-color":"","overlay-opacity":"","overlay-gradient":""}},"ast-content-background-meta":{"desktop":{"background-color":"var(--ast-global-color-5)","background-image":"","background-repeat":"repeat","background-position":"center center","background-size":"auto","background-attachment":"scroll","background-type":"","background-media":"","overlay-type":"","overlay-color":"","overlay-opacity":"","overlay-gradient":""},"tablet":{"background-color":"var(--ast-global-color-5)","background-image":"","background-repeat":"repeat","background-position":"center center","background-size":"auto","background-attachment":"scroll","background-type":"","background-media":"","overlay-type":"","overlay-color":"","overlay-opacity":"","overlay-gradient":""},"mobile":{"background-color":"var(--ast-global-color-5)","background-image":"","background-repeat":"repeat","background-position":"center center","background-size":"auto","background-attachment":"scroll","background-type":"","background-media":"","overlay-type":"","overlay-color":"","overlay-opacity":"","overlay-gradient":""}}},"product_brand":[],"product_cat":[322],"product_tag":[208],"class_list":{"0":"post-26614","1":"product","2":"type-product","3":"status-publish","4":"has-post-thumbnail","6":"product_cat-sfp-cwdm","7":"product_tag-datasheets","8":"desktop-align-left","9":"tablet-align-left","10":"mobile-align-left","11":"ast-product-gallery-layout-horizontal-slider","12":"ast-product-gallery-with-no-image","13":"ast-product-single-variable","14":"ast-product-tabs-layout-horizontal","16":"first","17":"instock","18":"shipping-taxable","19":"purchasable","20":"product-type-variable","21":"has-default-attributes"},"composite_virtual":false,"composite_layout":"","composite_add_to_cart_form_location":"","composite_editable_in_cart":false,"composite_sold_individually_context":"","composite_shop_price_calc":"","composite_components":[],"composite_scenarios":[],"acf":[],"_links":{"self":[{"href":"https:\/\/www.precisionot.com\/de\/wp-json\/wp\/v2\/product\/26614","targetHints":{"allow":["GET"]}}],"collection":[{"href":"https:\/\/www.precisionot.com\/de\/wp-json\/wp\/v2\/product"}],"about":[{"href":"https:\/\/www.precisionot.com\/de\/wp-json\/wp\/v2\/types\/product"}],"version-history":[{"count":0,"href":"https:\/\/www.precisionot.com\/de\/wp-json\/wp\/v2\/product\/26614\/revisions"}],"wp:featuredmedia":[{"embeddable":true,"href":"https:\/\/www.precisionot.com\/de\/wp-json\/wp\/v2\/media\/26634"}],"wp:attachment":[{"href":"https:\/\/www.precisionot.com\/de\/wp-json\/wp\/v2\/media?parent=26614"}],"wp:term":[{"taxonomy":"product_brand","embeddable":true,"href":"https:\/\/www.precisionot.com\/de\/wp-json\/wp\/v2\/product_brand?post=26614"},{"taxonomy":"product_cat","embeddable":true,"href":"https:\/\/www.precisionot.com\/de\/wp-json\/wp\/v2\/product_cat?post=26614"},{"taxonomy":"product_tag","embeddable":true,"href":"https:\/\/www.precisionot.com\/de\/wp-json\/wp\/v2\/product_tag?post=26614"}],"curies":[{"name":"wp","href":"https:\/\/api.w.org\/{rel}","templated":true}]}}