{"id":26405,"date":"2024-05-08T14:52:59","date_gmt":"2024-05-08T18:52:59","guid":{"rendered":"https:\/\/www.precisionot.com\/?post_type=product&#038;p=26405"},"modified":"2025-03-26T10:04:33","modified_gmt":"2025-03-26T14:04:33","slug":"vor-sfp10g-xgtb-n2i","status":"publish","type":"product","link":"https:\/\/www.precisionot.com\/de\/product\/pre-sfp10g-xgtb-n2i\/","title":{"rendered":"PRE-SFP10G-XGTB-N2I"},"content":{"rendered":"<p class=\"p2\"><span class=\"NormalTextRun SCXW65511058 BCX0\">Das SFP10G-XGTB-N2I ist ein optisches SFP+-Transceivermodul, das f\u00fcr XGS-PON OLT-Anwendungen (Optical Line Terminal) entwickelt wurde und die optische Klasse N2 f\u00fcr PON-Netzwerke mit hoher Kapazit\u00e4t unterst\u00fctzt. Dieser Transceiver arbeitet mit Singlemode-Glasfasern (SMF) und einem SC-Anschluss und erm\u00f6glicht symmetrische 10G-Upstream- und Downstream-Datenraten. Damit ist er ideal f\u00fcr anspruchsvolle Fiber-to-the-Home- (FTTH) und Fiber-to-the-Premises- (FTTP) Anwendungen.<\/span><\/p>\n<hr \/>\n<p class=\"p2\"><span class=\"NormalTextRun SCXW65511058 BCX0\">Das SFP10G-XGTB-N2I wurde f\u00fcr Umgebungen mit industriellen Temperaturen (I-Temp) entwickelt und gew\u00e4hrleistet selbst unter schwierigen Bedingungen eine stabile und zuverl\u00e4ssige Leistung. <\/span><span class=\"NormalTextRun ContextualSpellingAndGrammarErrorV2Themed SCXW65511058 BCX0\">Es ist<\/span><span class=\"NormalTextRun SCXW65511058 BCX0\"> Das Hot-Swap-Design erm\u00f6glicht eine einfache Integration oder einen einfachen Austausch und unterst\u00fctzt einen reibungslosen Netzwerkbetrieb.<\/span><\/p>","protected":false},"excerpt":{"rendered":"<p class=\"p2\"><span class=\"TextRun SCXW138558404 BCX0\" lang=\"EN-US\" xml:lang=\"EN-US\" data-contrast=\"auto\"><span class=\"NormalTextRun SCXW138558404 BCX0\">Der SFP10G-XGTB-N2I-Transceiver unterst\u00fctzt XGS-PON OLT-Anwendungen \u00fcber Singlemode-Glasfasern und ist mit einem SC-Anschluss f\u00fcr die Anforderungen der optischen Klasse N2 in industriellen Temperaturumgebungen ausgelegt.<\/span><\/span><\/p>\n<hr \/>\n<p class=\"p2\"><strong>SFP+, XGS-PON OLT, N2, SMF\/SC<\/strong><\/p>","protected":false},"featured_media":26407,"template":"","meta":{"_acf_changed":false,"content-type":"","site-sidebar-layout":"default","site-content-layout":"default","ast-site-content-layout":"default","site-content-style":"default","site-sidebar-style":"default","ast-global-header-display":"","ast-banner-title-visibility":"","ast-main-header-display":"","ast-hfb-above-header-display":"","ast-hfb-below-header-display":"","ast-hfb-mobile-header-display":"","site-post-title":"","ast-breadcrumbs-content":"","ast-featured-img":"","footer-sml-layout":"","ast-disable-related-posts":"","theme-transparent-header-meta":"default","adv-header-id-meta":"","stick-header-meta":"","header-above-stick-meta":"","header-main-stick-meta":"","header-below-stick-meta":"","astra-migrate-meta-layouts":"set","ast-page-background-enabled":"default","ast-page-background-meta":{"desktop":{"background-color":"","background-image":"","background-repeat":"repeat","background-position":"center center","background-size":"auto","background-attachment":"scroll","background-type":"","background-media":"","overlay-type":"","overlay-color":"","overlay-opacity":"","overlay-gradient":""},"tablet":{"background-color":"","background-image":"","background-repeat":"repeat","background-position":"center center","background-size":"auto","background-attachment":"scroll","background-type":"","background-media":"","overlay-type":"","overlay-color":"","overlay-opacity":"","overlay-gradient":""},"mobile":{"background-color":"","background-image":"","background-repeat":"repeat","background-position":"center center","background-size":"auto","background-attachment":"scroll","background-type":"","background-media":"","overlay-type":"","overlay-color":"","overlay-opacity":"","overlay-gradient":""}},"ast-content-background-meta":{"desktop":{"background-color":"var(--ast-global-color-5)","background-image":"","background-repeat":"repeat","background-position":"center center","background-size":"auto","background-attachment":"scroll","background-type":"","background-media":"","overlay-type":"","overlay-color":"","overlay-opacity":"","overlay-gradient":""},"tablet":{"background-color":"var(--ast-global-color-5)","background-image":"","background-repeat":"repeat","background-position":"center center","background-size":"auto","background-attachment":"scroll","background-type":"","background-media":"","overlay-type":"","overlay-color":"","overlay-opacity":"","overlay-gradient":""},"mobile":{"background-color":"var(--ast-global-color-5)","background-image":"","background-repeat":"repeat","background-position":"center center","background-size":"auto","background-attachment":"scroll","background-type":"","background-media":"","overlay-type":"","overlay-color":"","overlay-opacity":"","overlay-gradient":""}}},"product_brand":[],"product_cat":[327],"product_tag":[],"class_list":{"0":"post-26405","1":"product","2":"type-product","3":"status-publish","4":"has-post-thumbnail","6":"product_cat-xgspon","7":"desktop-align-left","8":"tablet-align-left","9":"mobile-align-left","10":"ast-product-gallery-layout-horizontal-slider","11":"ast-product-gallery-with-no-image","12":"ast-product-tabs-layout-horizontal","14":"first","15":"instock","16":"shipping-taxable","17":"purchasable","18":"product-type-simple"},"composite_virtual":false,"composite_layout":"","composite_add_to_cart_form_location":"","composite_editable_in_cart":false,"composite_sold_individually_context":"","composite_shop_price_calc":"","composite_components":[],"composite_scenarios":[],"acf":[],"_links":{"self":[{"href":"https:\/\/www.precisionot.com\/de\/wp-json\/wp\/v2\/product\/26405","targetHints":{"allow":["GET"]}}],"collection":[{"href":"https:\/\/www.precisionot.com\/de\/wp-json\/wp\/v2\/product"}],"about":[{"href":"https:\/\/www.precisionot.com\/de\/wp-json\/wp\/v2\/types\/product"}],"version-history":[{"count":0,"href":"https:\/\/www.precisionot.com\/de\/wp-json\/wp\/v2\/product\/26405\/revisions"}],"wp:featuredmedia":[{"embeddable":true,"href":"https:\/\/www.precisionot.com\/de\/wp-json\/wp\/v2\/media\/26407"}],"wp:attachment":[{"href":"https:\/\/www.precisionot.com\/de\/wp-json\/wp\/v2\/media?parent=26405"}],"wp:term":[{"taxonomy":"product_brand","embeddable":true,"href":"https:\/\/www.precisionot.com\/de\/wp-json\/wp\/v2\/product_brand?post=26405"},{"taxonomy":"product_cat","embeddable":true,"href":"https:\/\/www.precisionot.com\/de\/wp-json\/wp\/v2\/product_cat?post=26405"},{"taxonomy":"product_tag","embeddable":true,"href":"https:\/\/www.precisionot.com\/de\/wp-json\/wp\/v2\/product_tag?post=26405"}],"curies":[{"name":"wp","href":"https:\/\/api.w.org\/{rel}","templated":true}]}}