{"id":26146,"date":"2024-04-17T12:02:58","date_gmt":"2024-04-17T16:02:58","guid":{"rendered":"https:\/\/www.precisionot.com\/?post_type=product&#038;p=26146"},"modified":"2024-10-25T12:09:05","modified_gmt":"2024-10-25T16:09:05","slug":"vor-sfp4g-5i","status":"publish","type":"product","link":"https:\/\/www.precisionot.com\/de\/product\/pre-sfp4g-5i\/","title":{"rendered":"VOR SFP4G-5(I)"},"content":{"rendered":"<p class=\"p2\"><span class=\"NormalTextRun SCXW6318017 BCX0\">Das optische Transceivermodul SFP4G-5(I) unterst\u00fctzt 4G-Ethernet-\u00dcbertragung \u00fcber Entfernungen von bis zu 5 Kilometern mithilfe von Singlemode-Glasfasern (SMF) mit LC-Duplex-Anschl\u00fcssen. Dieser Transceiver arbeitet auf einer Wellenl\u00e4nge von 1310 nm und ist f\u00fcr die Hochgeschwindigkeitsverbindung mittlerer Reichweite in Rechenzentren, Unternehmensnetzwerken und Telekommunikationsinfrastrukturen konzipiert.<\/span><\/p>\n<hr \/>\n<p class=\"p2\"><span class=\"NormalTextRun SCXW6318017 BCX0\">Es verf\u00fcgt \u00fcber integrierte digitale Diagnose <\/span><span class=\"NormalTextRun SCXW6318017 BCX0\">\u00dcberwachung<\/span><span class=\"NormalTextRun SCXW6318017 BCX0\"> (DDM) zur Leistungsverfolgung in Echtzeit, die eine proaktive Netzwerkverwaltung erm\u00f6glicht. Der SFP4G-5(I) ist in einer Variante f\u00fcr industrielle Temperaturen (I-temp) erh\u00e4ltlich und gew\u00e4hrleistet einen zuverl\u00e4ssigen Betrieb in anspruchsvollen Umgebungen, w\u00e4hrend sein Hot-Swap-Design eine nahtlose Integration oder einen Austausch ohne Dienstunterbrechung erm\u00f6glicht.<\/span><\/p>","protected":false},"excerpt":{"rendered":"<p class=\"p2\"><span class=\"s2\"><span class=\"NormalTextRun SCXW96636310 BCX0\">Der SFP4G-5(I)-Transceiver unterst\u00fctzt 4G Ethernet \u00fcber Singlemode-Glasfasern mit einer Reichweite von bis zu 5 Kilometern bei einer Wellenl\u00e4nge von 1310 nm und ist in den Ausf\u00fchrungen I-<\/span><span class=\"NormalTextRun SCXW96636310 BCX0\">Temperatur<\/span><span class=\"NormalTextRun SCXW96636310 BCX0\"> Variante mit eingebautem DDM.<\/span><\/span><\/p>\n<hr \/>\n<p class=\"p2\"><strong><span class=\"s2\">SFP+, <\/span>1310 nm, 4G, 5 km, SMF\/LC, DDM<\/strong><\/p>","protected":false},"featured_media":26148,"template":"","meta":{"_acf_changed":false,"content-type":"","site-sidebar-layout":"default","site-content-layout":"default","ast-site-content-layout":"default","site-content-style":"default","site-sidebar-style":"default","ast-global-header-display":"","ast-banner-title-visibility":"","ast-main-header-display":"","ast-hfb-above-header-display":"","ast-hfb-below-header-display":"","ast-hfb-mobile-header-display":"","site-post-title":"","ast-breadcrumbs-content":"","ast-featured-img":"","footer-sml-layout":"","ast-disable-related-posts":"","theme-transparent-header-meta":"default","adv-header-id-meta":"","stick-header-meta":"","header-above-stick-meta":"","header-main-stick-meta":"","header-below-stick-meta":"","astra-migrate-meta-layouts":"set","ast-page-background-enabled":"default","ast-page-background-meta":{"desktop":{"background-color":"","background-image":"","background-repeat":"repeat","background-position":"center center","background-size":"auto","background-attachment":"scroll","background-type":"","background-media":"","overlay-type":"","overlay-color":"","overlay-opacity":"","overlay-gradient":""},"tablet":{"background-color":"","background-image":"","background-repeat":"repeat","background-position":"center center","background-size":"auto","background-attachment":"scroll","background-type":"","background-media":"","overlay-type":"","overlay-color":"","overlay-opacity":"","overlay-gradient":""},"mobile":{"background-color":"","background-image":"","background-repeat":"repeat","background-position":"center center","background-size":"auto","background-attachment":"scroll","background-type":"","background-media":"","overlay-type":"","overlay-color":"","overlay-opacity":"","overlay-gradient":""}},"ast-content-background-meta":{"desktop":{"background-color":"var(--ast-global-color-5)","background-image":"","background-repeat":"repeat","background-position":"center center","background-size":"auto","background-attachment":"scroll","background-type":"","background-media":"","overlay-type":"","overlay-color":"","overlay-opacity":"","overlay-gradient":""},"tablet":{"background-color":"var(--ast-global-color-5)","background-image":"","background-repeat":"repeat","background-position":"center center","background-size":"auto","background-attachment":"scroll","background-type":"","background-media":"","overlay-type":"","overlay-color":"","overlay-opacity":"","overlay-gradient":""},"mobile":{"background-color":"var(--ast-global-color-5)","background-image":"","background-repeat":"repeat","background-position":"center center","background-size":"auto","background-attachment":"scroll","background-type":"","background-media":"","overlay-type":"","overlay-color":"","overlay-opacity":"","overlay-gradient":""}}},"product_brand":[],"product_cat":[324,320],"product_tag":[],"class_list":{"0":"post-26146","1":"product","2":"type-product","3":"status-publish","4":"has-post-thumbnail","6":"product_cat-sfp-specialty","7":"product_cat-sfp","8":"desktop-align-left","9":"tablet-align-left","10":"mobile-align-left","11":"ast-product-gallery-layout-horizontal-slider","12":"ast-product-gallery-with-no-image","13":"ast-product-tabs-layout-horizontal","15":"first","16":"instock","17":"shipping-taxable","18":"purchasable","19":"product-type-simple"},"composite_virtual":false,"composite_layout":"","composite_add_to_cart_form_location":"","composite_editable_in_cart":false,"composite_sold_individually_context":"","composite_shop_price_calc":"","composite_components":[],"composite_scenarios":[],"acf":[],"_links":{"self":[{"href":"https:\/\/www.precisionot.com\/de\/wp-json\/wp\/v2\/product\/26146","targetHints":{"allow":["GET"]}}],"collection":[{"href":"https:\/\/www.precisionot.com\/de\/wp-json\/wp\/v2\/product"}],"about":[{"href":"https:\/\/www.precisionot.com\/de\/wp-json\/wp\/v2\/types\/product"}],"version-history":[{"count":0,"href":"https:\/\/www.precisionot.com\/de\/wp-json\/wp\/v2\/product\/26146\/revisions"}],"wp:featuredmedia":[{"embeddable":true,"href":"https:\/\/www.precisionot.com\/de\/wp-json\/wp\/v2\/media\/26148"}],"wp:attachment":[{"href":"https:\/\/www.precisionot.com\/de\/wp-json\/wp\/v2\/media?parent=26146"}],"wp:term":[{"taxonomy":"product_brand","embeddable":true,"href":"https:\/\/www.precisionot.com\/de\/wp-json\/wp\/v2\/product_brand?post=26146"},{"taxonomy":"product_cat","embeddable":true,"href":"https:\/\/www.precisionot.com\/de\/wp-json\/wp\/v2\/product_cat?post=26146"},{"taxonomy":"product_tag","embeddable":true,"href":"https:\/\/www.precisionot.com\/de\/wp-json\/wp\/v2\/product_tag?post=26146"}],"curies":[{"name":"wp","href":"https:\/\/api.w.org\/{rel}","templated":true}]}}