{"id":25174,"date":"2024-02-16T11:36:31","date_gmt":"2024-02-16T16:36:31","guid":{"rendered":"https:\/\/www.precisionot.com\/?post_type=product&#038;p=25174"},"modified":"2024-10-25T12:18:48","modified_gmt":"2024-10-25T16:18:48","slug":"vor-sfp-oc48-40i","status":"publish","type":"product","link":"https:\/\/www.precisionot.com\/de\/product\/pre-sfp-oc48-40i\/","title":{"rendered":"PRE-SFP-OC48-40(I)"},"content":{"rendered":"<p><span class=\"NormalTextRun SCXW88680299 BCX0\">Das optische Transceivermodul SFP-OC48-40(I) unterst\u00fctzt OC-48\/STM-16-\u00dcbertragung mit 2,5 Gbps \u00fcber Entfernungen von bis zu <\/span><span class=\"NormalTextRun SCXW88680299 BCX0\">40 Kilometer<\/span><span class=\"NormalTextRun SCXW88680299 BCX0\"> verwendet Singlemode-Glasfasern (SMF) mit LC-Anschl\u00fcssen. Dieser Transceiver arbeitet bei einer Wellenl\u00e4nge von 1550 nm und ist ideal f\u00fcr Verbindungen mittlerer bis gro\u00dfer Reichweite in Telekommunikations-, Rechenzentrums- und Unternehmensnetzwerken.<\/span><\/p>\n<hr \/>\n<p><span class=\"NormalTextRun SCXW88680299 BCX0\">Es ist sowohl in kommerziellen (C-temp) als auch in industriellen (I-temp) Temperaturvarianten erh\u00e4ltlich und gew\u00e4hrleistet zuverl\u00e4ssige Leistung unter unterschiedlichen Umgebungsbedingungen. Das Hot-Swap-f\u00e4hige Design erm\u00f6glicht eine einfache Integration oder einen einfachen Austausch ohne Unterbrechung des Netzwerkbetriebs und macht das SFP-OC48-40(I) zu einer zuverl\u00e4ssigen Wahl f\u00fcr Hochgeschwindigkeitsverbindungen \u00fcber gro\u00dfe Entfernungen.<\/span><\/p>","protected":false},"excerpt":{"rendered":"<p><span class=\"NormalTextRun SCXW111137041 BCX0\">Der SFP-OC48-40(I)-Transceiver unterst\u00fctzt OC-48\/STM-16-\u00dcbertragung \u00fcber Singlemode-Glasfasern mit einer Reichweite von bis zu <\/span><span class=\"NormalTextRun SCXW111137041 BCX0\">40 Kilometer<\/span><span class=\"NormalTextRun SCXW111137041 BCX0\"> mit 1550 nm Wellenl\u00e4nge, verf\u00fcgbar in den Varianten C-Temp und I-Temp.<\/span><\/p>\n<hr \/>\n<p><strong>SFP, 1550 nm, SMF, 40 km, 2,5 Gbit\/s, C\/I-Temp<\/strong><\/p>","protected":false},"featured_media":25129,"template":"","meta":{"_acf_changed":false,"content-type":"","site-sidebar-layout":"default","site-content-layout":"","ast-site-content-layout":"default","site-content-style":"default","site-sidebar-style":"default","ast-global-header-display":"","ast-banner-title-visibility":"","ast-main-header-display":"","ast-hfb-above-header-display":"","ast-hfb-below-header-display":"","ast-hfb-mobile-header-display":"","site-post-title":"","ast-breadcrumbs-content":"","ast-featured-img":"","footer-sml-layout":"","ast-disable-related-posts":"","theme-transparent-header-meta":"default","adv-header-id-meta":"","stick-header-meta":"","header-above-stick-meta":"","header-main-stick-meta":"","header-below-stick-meta":"","astra-migrate-meta-layouts":"set","ast-page-background-enabled":"default","ast-page-background-meta":{"desktop":{"background-color":"","background-image":"","background-repeat":"repeat","background-position":"center center","background-size":"auto","background-attachment":"scroll","background-type":"","background-media":"","overlay-type":"","overlay-color":"","overlay-opacity":"","overlay-gradient":""},"tablet":{"background-color":"","background-image":"","background-repeat":"repeat","background-position":"center center","background-size":"auto","background-attachment":"scroll","background-type":"","background-media":"","overlay-type":"","overlay-color":"","overlay-opacity":"","overlay-gradient":""},"mobile":{"background-color":"","background-image":"","background-repeat":"repeat","background-position":"center center","background-size":"auto","background-attachment":"scroll","background-type":"","background-media":"","overlay-type":"","overlay-color":"","overlay-opacity":"","overlay-gradient":""}},"ast-content-background-meta":{"desktop":{"background-color":"var(--ast-global-color-5)","background-image":"","background-repeat":"repeat","background-position":"center center","background-size":"auto","background-attachment":"scroll","background-type":"","background-media":"","overlay-type":"","overlay-color":"","overlay-opacity":"","overlay-gradient":""},"tablet":{"background-color":"var(--ast-global-color-5)","background-image":"","background-repeat":"repeat","background-position":"center center","background-size":"auto","background-attachment":"scroll","background-type":"","background-media":"","overlay-type":"","overlay-color":"","overlay-opacity":"","overlay-gradient":""},"mobile":{"background-color":"var(--ast-global-color-5)","background-image":"","background-repeat":"repeat","background-position":"center center","background-size":"auto","background-attachment":"scroll","background-type":"","background-media":"","overlay-type":"","overlay-color":"","overlay-opacity":"","overlay-gradient":""}}},"product_brand":[],"product_cat":[324],"product_tag":[],"class_list":{"0":"post-25174","1":"product","2":"type-product","3":"status-publish","4":"has-post-thumbnail","6":"product_cat-sfp-specialty","7":"desktop-align-left","8":"tablet-align-left","9":"mobile-align-left","10":"ast-product-gallery-layout-horizontal-slider","11":"ast-product-gallery-with-no-image","12":"ast-product-tabs-layout-horizontal","14":"first","15":"instock","16":"shipping-taxable","17":"purchasable","18":"product-type-simple"},"composite_virtual":false,"composite_layout":"","composite_add_to_cart_form_location":"","composite_editable_in_cart":false,"composite_sold_individually_context":"","composite_shop_price_calc":"","composite_components":[],"composite_scenarios":[],"acf":[],"_links":{"self":[{"href":"https:\/\/www.precisionot.com\/de\/wp-json\/wp\/v2\/product\/25174","targetHints":{"allow":["GET"]}}],"collection":[{"href":"https:\/\/www.precisionot.com\/de\/wp-json\/wp\/v2\/product"}],"about":[{"href":"https:\/\/www.precisionot.com\/de\/wp-json\/wp\/v2\/types\/product"}],"version-history":[{"count":0,"href":"https:\/\/www.precisionot.com\/de\/wp-json\/wp\/v2\/product\/25174\/revisions"}],"wp:featuredmedia":[{"embeddable":true,"href":"https:\/\/www.precisionot.com\/de\/wp-json\/wp\/v2\/media\/25129"}],"wp:attachment":[{"href":"https:\/\/www.precisionot.com\/de\/wp-json\/wp\/v2\/media?parent=25174"}],"wp:term":[{"taxonomy":"product_brand","embeddable":true,"href":"https:\/\/www.precisionot.com\/de\/wp-json\/wp\/v2\/product_brand?post=25174"},{"taxonomy":"product_cat","embeddable":true,"href":"https:\/\/www.precisionot.com\/de\/wp-json\/wp\/v2\/product_cat?post=25174"},{"taxonomy":"product_tag","embeddable":true,"href":"https:\/\/www.precisionot.com\/de\/wp-json\/wp\/v2\/product_tag?post=25174"}],"curies":[{"name":"wp","href":"https:\/\/api.w.org\/{rel}","templated":true}]}}