{"id":24305,"date":"2023-12-21T15:41:06","date_gmt":"2023-12-21T20:41:06","guid":{"rendered":"https:\/\/www.precisionot.com\/?post_type=product&#038;p=24305"},"modified":"2025-01-16T11:51:33","modified_gmt":"2025-01-16T16:51:33","slug":"vor-qsfp28-70lh-4wbd","status":"publish","type":"product","link":"https:\/\/www.precisionot.com\/de\/product\/pre-qsfp28-70lh-4wbd\/","title":{"rendered":"PRE-QSFP28-70L(H)-4WBD"},"content":{"rendered":"<p>Das optische Transceivermodul QSFP28-70L(H)-4WBD ist f\u00fcr die Bereitstellung leistungsstarker 100G-Ethernet-Konnektivit\u00e4t \u00fcber Entfernungen von bis zu 70 Kilometern mithilfe der bidirektionalen 4WDM-Technologie (BIDI) ausgelegt. Dieses Modul arbeitet in Umgebungen mit standardm\u00e4\u00dfiger kommerzieller Temperatur (C-Temp) und ist daher f\u00fcr Rechenzentren und Metronetze geeignet.<\/p>\n<hr \/>\n<p>Durch die bidirektionale \u00dcbertragung \u00fcber Singlemode-Glasfasern (SMF) minimiert das Modul den Glasfaserverbrauch und sorgt gleichzeitig f\u00fcr eine effiziente Daten\u00fcbertragung \u00fcber gro\u00dfe Entfernungen. Dank der integrierten digitalen Diagnose\u00fcberwachung (DDM) liefert es Echtzeit-Leistungsmesswerte f\u00fcr ein proaktives Netzwerkmanagement. Das Hot-Swap-f\u00e4hige Design gew\u00e4hrleistet eine schnelle Installation und einen schnellen Austausch ohne Unterbrechung der Netzwerkdienste, w\u00e4hrend der energieeffiziente Betrieb zur Reduzierung des Gesamtstromverbrauchs beitr\u00e4gt.<\/p>","protected":false},"excerpt":{"rendered":"<p>Das optische Transceivermodul QSFP28-70L(H)-4WBD unterst\u00fctzt 100G-Ethernet \u00fcber Singlemode-Glasfaser mit einer Reichweite von bis zu 70 Kilometern unter Verwendung der 4WDM-BIDI-Technologie.<\/p>\n<hr \/>\n<p class=\"p2\"><strong>QSFP28, 4WDM, BIDI, 100G, 70 km, C-Temp, DDM<\/strong><\/p>","protected":false},"featured_media":24307,"template":"","meta":{"_acf_changed":false,"content-type":"","site-sidebar-layout":"default","site-content-layout":"default","ast-site-content-layout":"default","site-content-style":"default","site-sidebar-style":"default","ast-global-header-display":"","ast-banner-title-visibility":"","ast-main-header-display":"","ast-hfb-above-header-display":"","ast-hfb-below-header-display":"","ast-hfb-mobile-header-display":"","site-post-title":"","ast-breadcrumbs-content":"","ast-featured-img":"","footer-sml-layout":"","ast-disable-related-posts":"","theme-transparent-header-meta":"default","adv-header-id-meta":"","stick-header-meta":"","header-above-stick-meta":"","header-main-stick-meta":"","header-below-stick-meta":"","astra-migrate-meta-layouts":"set","ast-page-background-enabled":"default","ast-page-background-meta":{"desktop":{"background-color":"","background-image":"","background-repeat":"repeat","background-position":"center center","background-size":"auto","background-attachment":"scroll","background-type":"","background-media":"","overlay-type":"","overlay-color":"","overlay-opacity":"","overlay-gradient":""},"tablet":{"background-color":"","background-image":"","background-repeat":"repeat","background-position":"center center","background-size":"auto","background-attachment":"scroll","background-type":"","background-media":"","overlay-type":"","overlay-color":"","overlay-opacity":"","overlay-gradient":""},"mobile":{"background-color":"","background-image":"","background-repeat":"repeat","background-position":"center center","background-size":"auto","background-attachment":"scroll","background-type":"","background-media":"","overlay-type":"","overlay-color":"","overlay-opacity":"","overlay-gradient":""}},"ast-content-background-meta":{"desktop":{"background-color":"var(--ast-global-color-5)","background-image":"","background-repeat":"repeat","background-position":"center center","background-size":"auto","background-attachment":"scroll","background-type":"","background-media":"","overlay-type":"","overlay-color":"","overlay-opacity":"","overlay-gradient":""},"tablet":{"background-color":"var(--ast-global-color-5)","background-image":"","background-repeat":"repeat","background-position":"center center","background-size":"auto","background-attachment":"scroll","background-type":"","background-media":"","overlay-type":"","overlay-color":"","overlay-opacity":"","overlay-gradient":""},"mobile":{"background-color":"var(--ast-global-color-5)","background-image":"","background-repeat":"repeat","background-position":"center center","background-size":"auto","background-attachment":"scroll","background-type":"","background-media":"","overlay-type":"","overlay-color":"","overlay-opacity":"","overlay-gradient":""}}},"product_brand":[],"product_cat":[361],"product_tag":[],"class_list":{"0":"post-24305","1":"product","2":"type-product","3":"status-publish","4":"has-post-thumbnail","6":"product_cat-qsfp28-bidirectional","7":"desktop-align-left","8":"tablet-align-left","9":"mobile-align-left","10":"ast-product-gallery-layout-horizontal-slider","11":"ast-product-gallery-with-no-image","12":"ast-product-tabs-layout-horizontal","14":"first","15":"instock","16":"shipping-taxable","17":"purchasable","18":"product-type-simple"},"composite_virtual":false,"composite_layout":"","composite_add_to_cart_form_location":"","composite_editable_in_cart":false,"composite_sold_individually_context":"","composite_shop_price_calc":"","composite_components":[],"composite_scenarios":[],"acf":[],"_links":{"self":[{"href":"https:\/\/www.precisionot.com\/de\/wp-json\/wp\/v2\/product\/24305","targetHints":{"allow":["GET"]}}],"collection":[{"href":"https:\/\/www.precisionot.com\/de\/wp-json\/wp\/v2\/product"}],"about":[{"href":"https:\/\/www.precisionot.com\/de\/wp-json\/wp\/v2\/types\/product"}],"version-history":[{"count":0,"href":"https:\/\/www.precisionot.com\/de\/wp-json\/wp\/v2\/product\/24305\/revisions"}],"wp:featuredmedia":[{"embeddable":true,"href":"https:\/\/www.precisionot.com\/de\/wp-json\/wp\/v2\/media\/24307"}],"wp:attachment":[{"href":"https:\/\/www.precisionot.com\/de\/wp-json\/wp\/v2\/media?parent=24305"}],"wp:term":[{"taxonomy":"product_brand","embeddable":true,"href":"https:\/\/www.precisionot.com\/de\/wp-json\/wp\/v2\/product_brand?post=24305"},{"taxonomy":"product_cat","embeddable":true,"href":"https:\/\/www.precisionot.com\/de\/wp-json\/wp\/v2\/product_cat?post=24305"},{"taxonomy":"product_tag","embeddable":true,"href":"https:\/\/www.precisionot.com\/de\/wp-json\/wp\/v2\/product_tag?post=24305"}],"curies":[{"name":"wp","href":"https:\/\/api.w.org\/{rel}","templated":true}]}}