{"id":24272,"date":"2023-12-20T14:54:33","date_gmt":"2023-12-20T19:54:33","guid":{"rendered":"https:\/\/www.precisionot.com\/?post_type=product&#038;p=24272"},"modified":"2024-11-13T12:01:47","modified_gmt":"2024-11-13T17:01:47","slug":"vor-qsfp28-blh-er1-2","status":"publish","type":"product","link":"https:\/\/www.precisionot.com\/de\/product\/pre-qsfp28-blh-er1-2\/","title":{"rendered":"PRE-QSFP28-BL(H)-ER1"},"content":{"rendered":"<p class=\"p2\">Das optische Transceivermodul QSFP28-BL(H)-ER1 ist f\u00fcr die 100G-Ethernet-\u00dcbertragung \u00fcber Entfernungen von bis zu 40 Kilometern unter Verwendung von PAM4-Modulation und bidirektionaler (BIDI) Technologie ausgelegt. Dieses Modul arbeitet bei Wellenl\u00e4ngen von 1304 nm und 1309 nm und bietet eine effiziente Daten\u00fcbertragung bei gleichzeitig minimaler Glasfasernutzung, indem Daten \u00fcber eine einzige Glasfaser gesendet und empfangen werden.<\/p>\n<hr \/>\n<p class=\"p2\">Das Modul ist ideal f\u00fcr Langstrecken-Metro- und Unternehmensnetzwerke, in denen hohe Bandbreite und Glasfaseroptimierung erforderlich sind. Sein Hot-Swap-f\u00e4higes Design gew\u00e4hrleistet eine einfache Installation und einen einfachen Austausch ohne Dienstunterbrechung, und das energieeffiziente Design reduziert den Gesamtstromverbrauch. Das QSFP28-BL(H)-ER1 ist f\u00fcr die Hochleistungs\u00fcbertragung \u00fcber gro\u00dfe Entfernungen in Standardumgebungen ausgelegt.<\/p>","protected":false},"excerpt":{"rendered":"<p>Das optische Transceivermodul QSFP28-BL(H)-ER1 unterst\u00fctzt 100G-Ethernet \u00fcber Singlemode-Glasfaser und nutzt BIDI-Technologie mit einer Reichweite von bis zu 40 Kilometern.<\/p>\n<hr \/>\n<p class=\"p2\"><strong>QSFP28, PAM4, BIDI, 100G, 40 km, 1304\/1309 nm<\/strong><\/p>","protected":false},"featured_media":24274,"template":"","meta":{"_acf_changed":false,"content-type":"","site-sidebar-layout":"default","site-content-layout":"default","ast-site-content-layout":"default","site-content-style":"default","site-sidebar-style":"default","ast-global-header-display":"","ast-banner-title-visibility":"","ast-main-header-display":"","ast-hfb-above-header-display":"","ast-hfb-below-header-display":"","ast-hfb-mobile-header-display":"","site-post-title":"","ast-breadcrumbs-content":"","ast-featured-img":"","footer-sml-layout":"","ast-disable-related-posts":"","theme-transparent-header-meta":"default","adv-header-id-meta":"","stick-header-meta":"","header-above-stick-meta":"","header-main-stick-meta":"","header-below-stick-meta":"","astra-migrate-meta-layouts":"set","ast-page-background-enabled":"default","ast-page-background-meta":{"desktop":{"background-color":"","background-image":"","background-repeat":"repeat","background-position":"center center","background-size":"auto","background-attachment":"scroll","background-type":"","background-media":"","overlay-type":"","overlay-color":"","overlay-opacity":"","overlay-gradient":""},"tablet":{"background-color":"","background-image":"","background-repeat":"repeat","background-position":"center center","background-size":"auto","background-attachment":"scroll","background-type":"","background-media":"","overlay-type":"","overlay-color":"","overlay-opacity":"","overlay-gradient":""},"mobile":{"background-color":"","background-image":"","background-repeat":"repeat","background-position":"center center","background-size":"auto","background-attachment":"scroll","background-type":"","background-media":"","overlay-type":"","overlay-color":"","overlay-opacity":"","overlay-gradient":""}},"ast-content-background-meta":{"desktop":{"background-color":"var(--ast-global-color-5)","background-image":"","background-repeat":"repeat","background-position":"center center","background-size":"auto","background-attachment":"scroll","background-type":"","background-media":"","overlay-type":"","overlay-color":"","overlay-opacity":"","overlay-gradient":""},"tablet":{"background-color":"var(--ast-global-color-5)","background-image":"","background-repeat":"repeat","background-position":"center center","background-size":"auto","background-attachment":"scroll","background-type":"","background-media":"","overlay-type":"","overlay-color":"","overlay-opacity":"","overlay-gradient":""},"mobile":{"background-color":"var(--ast-global-color-5)","background-image":"","background-repeat":"repeat","background-position":"center center","background-size":"auto","background-attachment":"scroll","background-type":"","background-media":"","overlay-type":"","overlay-color":"","overlay-opacity":"","overlay-gradient":""}}},"product_brand":[],"product_cat":[361],"product_tag":[],"class_list":{"0":"post-24272","1":"product","2":"type-product","3":"status-publish","4":"has-post-thumbnail","6":"product_cat-qsfp28-bidirectional","7":"desktop-align-left","8":"tablet-align-left","9":"mobile-align-left","10":"ast-product-gallery-layout-horizontal-slider","11":"ast-product-gallery-with-no-image","12":"ast-product-tabs-layout-horizontal","14":"first","15":"instock","16":"shipping-taxable","17":"purchasable","18":"product-type-simple"},"composite_virtual":false,"composite_layout":"","composite_add_to_cart_form_location":"","composite_editable_in_cart":false,"composite_sold_individually_context":"","composite_shop_price_calc":"","composite_components":[],"composite_scenarios":[],"acf":[],"_links":{"self":[{"href":"https:\/\/www.precisionot.com\/de\/wp-json\/wp\/v2\/product\/24272","targetHints":{"allow":["GET"]}}],"collection":[{"href":"https:\/\/www.precisionot.com\/de\/wp-json\/wp\/v2\/product"}],"about":[{"href":"https:\/\/www.precisionot.com\/de\/wp-json\/wp\/v2\/types\/product"}],"version-history":[{"count":0,"href":"https:\/\/www.precisionot.com\/de\/wp-json\/wp\/v2\/product\/24272\/revisions"}],"wp:featuredmedia":[{"embeddable":true,"href":"https:\/\/www.precisionot.com\/de\/wp-json\/wp\/v2\/media\/24274"}],"wp:attachment":[{"href":"https:\/\/www.precisionot.com\/de\/wp-json\/wp\/v2\/media?parent=24272"}],"wp:term":[{"taxonomy":"product_brand","embeddable":true,"href":"https:\/\/www.precisionot.com\/de\/wp-json\/wp\/v2\/product_brand?post=24272"},{"taxonomy":"product_cat","embeddable":true,"href":"https:\/\/www.precisionot.com\/de\/wp-json\/wp\/v2\/product_cat?post=24272"},{"taxonomy":"product_tag","embeddable":true,"href":"https:\/\/www.precisionot.com\/de\/wp-json\/wp\/v2\/product_tag?post=24272"}],"curies":[{"name":"wp","href":"https:\/\/api.w.org\/{rel}","templated":true}]}}