{"id":24259,"date":"2023-12-20T13:42:50","date_gmt":"2023-12-20T18:42:50","guid":{"rendered":"https:\/\/www.precisionot.com\/?post_type=product&#038;p=24259"},"modified":"2024-11-13T12:02:05","modified_gmt":"2024-11-13T17:02:05","slug":"vor-qsfp28-blh-er1","status":"publish","type":"product","link":"https:\/\/www.precisionot.com\/de\/product\/pre-qsfp28-blh-er1\/","title":{"rendered":"PRE-QSFP28-BL(H)-LR1"},"content":{"rendered":"<p class=\"p2\">Das optische Transceivermodul QSFP28-BL(H)-LR1 unterst\u00fctzt 100G-Ethernet-\u00dcbertragung \u00fcber Entfernungen von bis zu 10 Kilometern mithilfe von PAM4-Modulation und bidirektionaler (BIDI) Technologie. Dieses Modul arbeitet bei Wellenl\u00e4ngen von 1271 nm und 1331 nm und optimiert die Glasfasernutzung, indem es Daten\u00fcbertragung und -empfang \u00fcber eine einzige Glasfaser erm\u00f6glicht.<\/p>\n<hr \/>\n<p class=\"p2\">Es wurde f\u00fcr Metro- und Unternehmensnetzwerke entwickelt und bietet leistungsstarke Konnektivit\u00e4t \u00fcber gro\u00dfe Entfernungen. Das Hot-Swap-f\u00e4hige Design erm\u00f6glicht eine einfache Installation und einen einfachen Austausch und minimiert Netzwerkunterbrechungen. Sein energieeffizienter Betrieb sorgt f\u00fcr einen geringeren Stromverbrauch und macht es ideal f\u00fcr eine kosteng\u00fcnstige Daten\u00fcbertragung \u00fcber gro\u00dfe Entfernungen.<\/p>","protected":false},"excerpt":{"rendered":"<p>Der optische Transceiver QSFP28-BL(H)-LR1 unterst\u00fctzt 100G-Ethernet \u00fcber Singlemode-Glasfaser mit einer Reichweite von bis zu 10 Kilometern unter Verwendung der BIDI-Technologie.<\/p>\n<hr \/>\n<p class=\"p2\"><strong>QSFP28, PAM4, BIDI, 100G, 10 km, 1271\/1331 nm<\/strong><\/p>","protected":false},"featured_media":24267,"template":"","meta":{"_acf_changed":false,"content-type":"","site-sidebar-layout":"default","site-content-layout":"default","ast-site-content-layout":"default","site-content-style":"default","site-sidebar-style":"default","ast-global-header-display":"","ast-banner-title-visibility":"","ast-main-header-display":"","ast-hfb-above-header-display":"","ast-hfb-below-header-display":"","ast-hfb-mobile-header-display":"","site-post-title":"","ast-breadcrumbs-content":"","ast-featured-img":"","footer-sml-layout":"","ast-disable-related-posts":"","theme-transparent-header-meta":"default","adv-header-id-meta":"","stick-header-meta":"","header-above-stick-meta":"","header-main-stick-meta":"","header-below-stick-meta":"","astra-migrate-meta-layouts":"set","ast-page-background-enabled":"default","ast-page-background-meta":{"desktop":{"background-color":"","background-image":"","background-repeat":"repeat","background-position":"center center","background-size":"auto","background-attachment":"scroll","background-type":"","background-media":"","overlay-type":"","overlay-color":"","overlay-opacity":"","overlay-gradient":""},"tablet":{"background-color":"","background-image":"","background-repeat":"repeat","background-position":"center center","background-size":"auto","background-attachment":"scroll","background-type":"","background-media":"","overlay-type":"","overlay-color":"","overlay-opacity":"","overlay-gradient":""},"mobile":{"background-color":"","background-image":"","background-repeat":"repeat","background-position":"center center","background-size":"auto","background-attachment":"scroll","background-type":"","background-media":"","overlay-type":"","overlay-color":"","overlay-opacity":"","overlay-gradient":""}},"ast-content-background-meta":{"desktop":{"background-color":"var(--ast-global-color-5)","background-image":"","background-repeat":"repeat","background-position":"center center","background-size":"auto","background-attachment":"scroll","background-type":"","background-media":"","overlay-type":"","overlay-color":"","overlay-opacity":"","overlay-gradient":""},"tablet":{"background-color":"var(--ast-global-color-5)","background-image":"","background-repeat":"repeat","background-position":"center center","background-size":"auto","background-attachment":"scroll","background-type":"","background-media":"","overlay-type":"","overlay-color":"","overlay-opacity":"","overlay-gradient":""},"mobile":{"background-color":"var(--ast-global-color-5)","background-image":"","background-repeat":"repeat","background-position":"center center","background-size":"auto","background-attachment":"scroll","background-type":"","background-media":"","overlay-type":"","overlay-color":"","overlay-opacity":"","overlay-gradient":""}}},"product_brand":[],"product_cat":[361],"product_tag":[],"class_list":{"0":"post-24259","1":"product","2":"type-product","3":"status-publish","4":"has-post-thumbnail","6":"product_cat-qsfp28-bidirectional","7":"desktop-align-left","8":"tablet-align-left","9":"mobile-align-left","10":"ast-product-gallery-layout-horizontal-slider","11":"ast-product-gallery-with-no-image","12":"ast-product-tabs-layout-horizontal","14":"first","15":"instock","16":"shipping-taxable","17":"purchasable","18":"product-type-simple"},"composite_virtual":false,"composite_layout":"","composite_add_to_cart_form_location":"","composite_editable_in_cart":false,"composite_sold_individually_context":"","composite_shop_price_calc":"","composite_components":[],"composite_scenarios":[],"acf":[],"_links":{"self":[{"href":"https:\/\/www.precisionot.com\/de\/wp-json\/wp\/v2\/product\/24259","targetHints":{"allow":["GET"]}}],"collection":[{"href":"https:\/\/www.precisionot.com\/de\/wp-json\/wp\/v2\/product"}],"about":[{"href":"https:\/\/www.precisionot.com\/de\/wp-json\/wp\/v2\/types\/product"}],"version-history":[{"count":0,"href":"https:\/\/www.precisionot.com\/de\/wp-json\/wp\/v2\/product\/24259\/revisions"}],"wp:featuredmedia":[{"embeddable":true,"href":"https:\/\/www.precisionot.com\/de\/wp-json\/wp\/v2\/media\/24267"}],"wp:attachment":[{"href":"https:\/\/www.precisionot.com\/de\/wp-json\/wp\/v2\/media?parent=24259"}],"wp:term":[{"taxonomy":"product_brand","embeddable":true,"href":"https:\/\/www.precisionot.com\/de\/wp-json\/wp\/v2\/product_brand?post=24259"},{"taxonomy":"product_cat","embeddable":true,"href":"https:\/\/www.precisionot.com\/de\/wp-json\/wp\/v2\/product_cat?post=24259"},{"taxonomy":"product_tag","embeddable":true,"href":"https:\/\/www.precisionot.com\/de\/wp-json\/wp\/v2\/product_tag?post=24259"}],"curies":[{"name":"wp","href":"https:\/\/api.w.org\/{rel}","templated":true}]}}