{"id":23506,"date":"2023-11-09T12:02:14","date_gmt":"2023-11-09T17:02:14","guid":{"rendered":"https:\/\/www.precisionot.com\/?post_type=product&#038;p=23506"},"modified":"2026-03-05T09:54:41","modified_gmt":"2026-03-05T14:54:41","slug":"vor-qsfp56dd-zrpht","status":"publish","type":"product","link":"https:\/\/www.precisionot.com\/de\/product\/pre-qsfp56dd-zrpht\/","title":{"rendered":"PRE-QSFP56DD-ZRPHT"},"content":{"rendered":"<p><span data-contrast=\"auto\">Der optische Transceiver QSFP56DD-ZRPHT ist eine Hochleistungsl\u00f6sung f\u00fcr 400G-Ethernet-Anwendungen und bietet au\u00dfergew\u00f6hnliche Geschwindigkeit und Zuverl\u00e4ssigkeit f\u00fcr Netzwerkanforderungen mit gro\u00dfer Reichweite und hoher Kapazit\u00e4t. Dieser fortschrittliche Transceiver ist ideal f\u00fcr Rechenzentren, Telekommunikationsnetzwerke und Unternehmens-Backbones und gew\u00e4hrleistet robuste Konnektivit\u00e4t mit \u00fcberragender Effizienz.<\/span><\/p>\n<hr \/>\n<p><span data-contrast=\"auto\">Der optische Transceiver QSFP56DD-ZRPHT wurde entwickelt, um den wachsenden Anforderungen moderner Netzwerke mit gro\u00dfer Reichweite und hoher Kapazit\u00e4t gerecht zu werden. Mit seiner Unterst\u00fctzung f\u00fcr 400G Ethernet, der Konformit\u00e4t mit dem OpenZR+-Standard und erweiterten Funktionen wie +1 dBm Sendeleistung, abstimmbarer DWDM-Technologie und koh\u00e4renter Technologie ist dieser Transceiver die perfekte Wahl f\u00fcr Unternehmen, die ihre Netzwerkinfrastruktur mit einer schnellen, zuverl\u00e4ssigen Daten\u00fcbertragung verbessern m\u00f6chten. Erleben Sie die Zukunft der Vernetzung mit dem optischen Transceiver QSFP56DD-ZRPHT, Ihrem zuverl\u00e4ssigen Partner f\u00fcr Datenverbindungen mit hoher Geschwindigkeit, gro\u00dfer Reichweite und hoher Kapazit\u00e4t.<\/span><span data-ccp-props=\"{&quot;134233117&quot;:false,&quot;134233118&quot;:false,&quot;201341983&quot;:0,&quot;335557856&quot;:16777215,&quot;335559738&quot;:0,&quot;335559739&quot;:0,&quot;335559740&quot;:279}\">\u00a0<\/span><\/p>","protected":false},"excerpt":{"rendered":"<p><span data-contrast=\"auto\">Der optische Transceiver QSFP56DD-ZRPHT ist eine Hochleistungsl\u00f6sung f\u00fcr 400G-Ethernet-Anwendungen und bietet au\u00dfergew\u00f6hnliche Geschwindigkeit und Zuverl\u00e4ssigkeit f\u00fcr Netzwerkanforderungen mit gro\u00dfer Reichweite und hoher Kapazit\u00e4t. Dieser fortschrittliche Transceiver ist ideal f\u00fcr Rechenzentren, Telekommunikationsnetzwerke und Unternehmens-Backbones und gew\u00e4hrleistet robuste Konnektivit\u00e4t mit \u00fcberragender Effizienz.<\/span><\/p>\n<hr \/>\n<p><b><span data-contrast=\"none\">QSFP-DD, OpenZR+, +1dBm TX, abstimmbar, DWDM, 400G, koh\u00e4rent<\/span><\/b><span data-ccp-props=\"{&quot;134233117&quot;:false,&quot;134233118&quot;:false,&quot;201341983&quot;:0,&quot;335557856&quot;:16777215,&quot;335559738&quot;:0,&quot;335559739&quot;:0,&quot;335559740&quot;:279}\">\u00a0<\/span><\/p>","protected":false},"featured_media":33680,"template":"","meta":{"_acf_changed":false,"content-type":"","site-sidebar-layout":"default","site-content-layout":"default","ast-site-content-layout":"default","site-content-style":"default","site-sidebar-style":"default","ast-global-header-display":"","ast-banner-title-visibility":"","ast-main-header-display":"","ast-hfb-above-header-display":"","ast-hfb-below-header-display":"","ast-hfb-mobile-header-display":"","site-post-title":"","ast-breadcrumbs-content":"","ast-featured-img":"","footer-sml-layout":"","ast-disable-related-posts":"","theme-transparent-header-meta":"default","adv-header-id-meta":"","stick-header-meta":"","header-above-stick-meta":"","header-main-stick-meta":"","header-below-stick-meta":"","astra-migrate-meta-layouts":"set","ast-page-background-enabled":"default","ast-page-background-meta":{"desktop":{"background-color":"","background-image":"","background-repeat":"repeat","background-position":"center center","background-size":"auto","background-attachment":"scroll","background-type":"","background-media":"","overlay-type":"","overlay-color":"","overlay-opacity":"","overlay-gradient":""},"tablet":{"background-color":"","background-image":"","background-repeat":"repeat","background-position":"center center","background-size":"auto","background-attachment":"scroll","background-type":"","background-media":"","overlay-type":"","overlay-color":"","overlay-opacity":"","overlay-gradient":""},"mobile":{"background-color":"","background-image":"","background-repeat":"repeat","background-position":"center center","background-size":"auto","background-attachment":"scroll","background-type":"","background-media":"","overlay-type":"","overlay-color":"","overlay-opacity":"","overlay-gradient":""}},"ast-content-background-meta":{"desktop":{"background-color":"var(--ast-global-color-5)","background-image":"","background-repeat":"repeat","background-position":"center center","background-size":"auto","background-attachment":"scroll","background-type":"","background-media":"","overlay-type":"","overlay-color":"","overlay-opacity":"","overlay-gradient":""},"tablet":{"background-color":"var(--ast-global-color-5)","background-image":"","background-repeat":"repeat","background-position":"center center","background-size":"auto","background-attachment":"scroll","background-type":"","background-media":"","overlay-type":"","overlay-color":"","overlay-opacity":"","overlay-gradient":""},"mobile":{"background-color":"var(--ast-global-color-5)","background-image":"","background-repeat":"repeat","background-position":"center center","background-size":"auto","background-attachment":"scroll","background-type":"","background-media":"","overlay-type":"","overlay-color":"","overlay-opacity":"","overlay-gradient":""}}},"product_brand":[],"product_cat":[260,288,371],"product_tag":[],"class_list":{"0":"post-23506","1":"product","2":"type-product","3":"status-publish","4":"has-post-thumbnail","6":"product_cat-featured","7":"product_cat-qsfp-dd-specialty","8":"product_cat-tunable-qsfp-dd-coherent","9":"desktop-align-left","10":"tablet-align-left","11":"mobile-align-left","12":"ast-product-gallery-layout-horizontal-slider","13":"ast-product-gallery-with-no-image","14":"ast-product-tabs-layout-horizontal","16":"first","17":"instock","18":"shipping-taxable","19":"purchasable","20":"product-type-simple"},"composite_virtual":false,"composite_layout":"","composite_add_to_cart_form_location":"","composite_editable_in_cart":false,"composite_sold_individually_context":"","composite_shop_price_calc":"","composite_components":[],"composite_scenarios":[],"acf":[],"_links":{"self":[{"href":"https:\/\/www.precisionot.com\/de\/wp-json\/wp\/v2\/product\/23506","targetHints":{"allow":["GET"]}}],"collection":[{"href":"https:\/\/www.precisionot.com\/de\/wp-json\/wp\/v2\/product"}],"about":[{"href":"https:\/\/www.precisionot.com\/de\/wp-json\/wp\/v2\/types\/product"}],"version-history":[{"count":2,"href":"https:\/\/www.precisionot.com\/de\/wp-json\/wp\/v2\/product\/23506\/revisions"}],"predecessor-version":[{"id":33700,"href":"https:\/\/www.precisionot.com\/de\/wp-json\/wp\/v2\/product\/23506\/revisions\/33700"}],"wp:featuredmedia":[{"embeddable":true,"href":"https:\/\/www.precisionot.com\/de\/wp-json\/wp\/v2\/media\/33680"}],"wp:attachment":[{"href":"https:\/\/www.precisionot.com\/de\/wp-json\/wp\/v2\/media?parent=23506"}],"wp:term":[{"taxonomy":"product_brand","embeddable":true,"href":"https:\/\/www.precisionot.com\/de\/wp-json\/wp\/v2\/product_brand?post=23506"},{"taxonomy":"product_cat","embeddable":true,"href":"https:\/\/www.precisionot.com\/de\/wp-json\/wp\/v2\/product_cat?post=23506"},{"taxonomy":"product_tag","embeddable":true,"href":"https:\/\/www.precisionot.com\/de\/wp-json\/wp\/v2\/product_tag?post=23506"}],"curies":[{"name":"wp","href":"https:\/\/api.w.org\/{rel}","templated":true}]}}