{"id":19774,"date":"2023-06-12T11:05:40","date_gmt":"2023-06-12T15:05:40","guid":{"rendered":"https:\/\/www.precisionot.com\/?post_type=product&#038;p=19774"},"modified":"2024-11-13T11:53:05","modified_gmt":"2024-11-13T16:53:05","slug":"vor-qsfp28-dxx-zr1","status":"publish","type":"product","link":"https:\/\/www.precisionot.com\/de\/product\/pre-qsfp28-dxx-zr1\/","title":{"rendered":"PRE-QSFP28-Dxx-ZR1"},"content":{"rendered":"<p class=\"p2\">Das optische Transceivermodul QSFP28-DXX-ZR1 ist f\u00fcr die 100G-Ethernet-\u00dcbertragung \u00fcber gro\u00dfe Entfernungen ausgelegt und unterst\u00fctzt Entfernungen von bis zu 80 Kilometern \u00fcber Singlemode-Glasfasern (SMF) mit LC-Duplex-Anschl\u00fcssen. Das Modul nutzt die DWDM-Technologie (Dense Wavelength Division Multiplexing) mit einem 100-GHz-Raster im C-Band und bietet Daten\u00fcbertragung mit hoher Bandbreite \u00fcber gro\u00dfe Entfernungen bei gleichzeitiger Beibehaltung der spektralen Effizienz.<\/p>\n<hr \/>\n<p class=\"p2\">Der Transceiver verf\u00fcgt \u00fcber PAM4-Modulation f\u00fcr verbesserte Leistung \u00fcber gr\u00f6\u00dfere Entfernungen und ist ideal f\u00fcr Metronetze und Langstreckenanwendungen. Da er in Umgebungen mit kommerzieller Temperatur (C-Temp) betrieben wird, eignet er sich gut f\u00fcr Rechenzentren und Unternehmensnetzwerke. Das Hot-Swap-Design erm\u00f6glicht eine einfache Integration oder einen einfachen Austausch ohne Unterbrechung des Netzwerkbetriebs, w\u00e4hrend sein energieeffizientes Design einen minimalen Stromverbrauch gew\u00e4hrleistet.<\/p>","protected":false},"excerpt":{"rendered":"<p>Das optische Transceivermodul QSFP28-DXX-ZR1 unterst\u00fctzt 100G-Ethernet \u00fcber Singlemode-Glasfaser mit einer Reichweite von bis zu 80 Kilometern unter Verwendung der DWDM PAM4 ZR-Technologie.<\/p>\n<hr \/>\n<p class=\"p2\"><strong>QSFP28, PAM4 ZR, DWDM 100 GHz, DWDM C-Band, 100 G, 80 km, SMF\/LC, C-Temp<\/strong><\/p>","protected":false},"featured_media":24078,"template":"","meta":{"_acf_changed":false,"content-type":"","site-sidebar-layout":"default","site-content-layout":"default","ast-site-content-layout":"default","site-content-style":"default","site-sidebar-style":"default","ast-global-header-display":"","ast-banner-title-visibility":"","ast-main-header-display":"","ast-hfb-above-header-display":"","ast-hfb-below-header-display":"","ast-hfb-mobile-header-display":"","site-post-title":"","ast-breadcrumbs-content":"","ast-featured-img":"","footer-sml-layout":"","ast-disable-related-posts":"","theme-transparent-header-meta":"default","adv-header-id-meta":"","stick-header-meta":"","header-above-stick-meta":"","header-main-stick-meta":"","header-below-stick-meta":"","astra-migrate-meta-layouts":"set","ast-page-background-enabled":"default","ast-page-background-meta":{"desktop":{"background-color":"","background-image":"","background-repeat":"repeat","background-position":"center center","background-size":"auto","background-attachment":"scroll","background-type":"","background-media":"","overlay-type":"","overlay-color":"","overlay-opacity":"","overlay-gradient":""},"tablet":{"background-color":"","background-image":"","background-repeat":"repeat","background-position":"center center","background-size":"auto","background-attachment":"scroll","background-type":"","background-media":"","overlay-type":"","overlay-color":"","overlay-opacity":"","overlay-gradient":""},"mobile":{"background-color":"","background-image":"","background-repeat":"repeat","background-position":"center center","background-size":"auto","background-attachment":"scroll","background-type":"","background-media":"","overlay-type":"","overlay-color":"","overlay-opacity":"","overlay-gradient":""}},"ast-content-background-meta":{"desktop":{"background-color":"var(--ast-global-color-5)","background-image":"","background-repeat":"repeat","background-position":"center center","background-size":"auto","background-attachment":"scroll","background-type":"","background-media":"","overlay-type":"","overlay-color":"","overlay-opacity":"","overlay-gradient":""},"tablet":{"background-color":"var(--ast-global-color-5)","background-image":"","background-repeat":"repeat","background-position":"center center","background-size":"auto","background-attachment":"scroll","background-type":"","background-media":"","overlay-type":"","overlay-color":"","overlay-opacity":"","overlay-gradient":""},"mobile":{"background-color":"var(--ast-global-color-5)","background-image":"","background-repeat":"repeat","background-position":"center center","background-size":"auto","background-attachment":"scroll","background-type":"","background-media":"","overlay-type":"","overlay-color":"","overlay-opacity":"","overlay-gradient":""}}},"product_brand":[],"product_cat":[362],"product_tag":[],"class_list":{"0":"post-19774","1":"product","2":"type-product","3":"status-publish","4":"has-post-thumbnail","6":"product_cat-qsfp28-wdm","7":"desktop-align-left","8":"tablet-align-left","9":"mobile-align-left","10":"ast-product-gallery-layout-horizontal-slider","11":"ast-product-gallery-with-no-image","12":"ast-product-tabs-layout-horizontal","14":"first","15":"instock","16":"shipping-taxable","17":"purchasable","18":"product-type-simple"},"composite_virtual":false,"composite_layout":"","composite_add_to_cart_form_location":"","composite_editable_in_cart":false,"composite_sold_individually_context":"","composite_shop_price_calc":"","composite_components":[],"composite_scenarios":[],"acf":[],"_links":{"self":[{"href":"https:\/\/www.precisionot.com\/de\/wp-json\/wp\/v2\/product\/19774","targetHints":{"allow":["GET"]}}],"collection":[{"href":"https:\/\/www.precisionot.com\/de\/wp-json\/wp\/v2\/product"}],"about":[{"href":"https:\/\/www.precisionot.com\/de\/wp-json\/wp\/v2\/types\/product"}],"version-history":[{"count":0,"href":"https:\/\/www.precisionot.com\/de\/wp-json\/wp\/v2\/product\/19774\/revisions"}],"wp:featuredmedia":[{"embeddable":true,"href":"https:\/\/www.precisionot.com\/de\/wp-json\/wp\/v2\/media\/24078"}],"wp:attachment":[{"href":"https:\/\/www.precisionot.com\/de\/wp-json\/wp\/v2\/media?parent=19774"}],"wp:term":[{"taxonomy":"product_brand","embeddable":true,"href":"https:\/\/www.precisionot.com\/de\/wp-json\/wp\/v2\/product_brand?post=19774"},{"taxonomy":"product_cat","embeddable":true,"href":"https:\/\/www.precisionot.com\/de\/wp-json\/wp\/v2\/product_cat?post=19774"},{"taxonomy":"product_tag","embeddable":true,"href":"https:\/\/www.precisionot.com\/de\/wp-json\/wp\/v2\/product_tag?post=19774"}],"curies":[{"name":"wp","href":"https:\/\/api.w.org\/{rel}","templated":true}]}}