{"id":19632,"date":"2023-05-31T12:05:30","date_gmt":"2023-05-31T16:05:30","guid":{"rendered":"https:\/\/www.precisionot.com\/?post_type=product&#038;p=19632"},"modified":"2024-09-18T12:16:13","modified_gmt":"2024-09-18T16:16:13","slug":"vor-qsfp28-swdm4","status":"publish","type":"product","link":"https:\/\/www.precisionot.com\/de\/product\/pre-qsfp28-swdm4\/","title":{"rendered":"PRE-QSFP28-SWDM4"},"content":{"rendered":"<p class=\"p2\">Das optische Transceivermodul QSFP28-SWDM4 ist f\u00fcr die 100G-Ethernet-\u00dcbertragung im Nahbereich konzipiert und unterst\u00fctzt Entfernungen von bis zu 150 Metern \u00fcber Multimode-Glasfasern (MMF) mit LC-Duplex-Anschl\u00fcssen. Mithilfe der Shortwave Wavelength Division Multiplexing-Technologie (SWDM4) erm\u00f6glicht dieses Modul die Verwendung mehrerer Wellenl\u00e4ngen \u00fcber MMF, um die Bandbreiteneffizienz zu erh\u00f6hen.<\/p>\n<hr \/>\n<p class=\"p2\">Mit einer Wellenl\u00e4nge von 850 nm ist es ideal f\u00fcr hochdichte Rechenzentrumsanwendungen und Unternehmensnetzwerke, die eine effiziente Daten\u00fcbertragung \u00fcber kurze Distanzen erfordern. Das Modul verf\u00fcgt \u00fcber eine digitale Diagnose\u00fcberwachung (DDM) zur Leistungsverfolgung in Echtzeit und erm\u00f6glicht so eine proaktive Netzwerkverwaltung und Fehlerbehebung. Sein Hot-Swap-f\u00e4higes Design erm\u00f6glicht eine schnelle Integration oder einen schnellen Austausch ohne Unterbrechung des Netzwerkbetriebs, w\u00e4hrend sein geringer Stromverbrauch eine energieeffiziente Leistung gew\u00e4hrleistet.<\/p>","protected":false},"excerpt":{"rendered":"<p>Das optische Transceivermodul QSFP28-SWDM4 unterst\u00fctzt 100G-Ethernet \u00fcber Multimode-Glasfaser mit einer Reichweite von bis zu 150 Metern unter Verwendung der SWDM4-Technologie.<\/p>\n<hr \/>\n<p class=\"p2\"><strong>QSFP28, SWDM4, 850 nm, 100 G, 150 m, MMF\/LC<\/strong><\/p>","protected":false},"featured_media":24100,"template":"","meta":{"_acf_changed":false,"content-type":"","site-sidebar-layout":"default","site-content-layout":"default","ast-site-content-layout":"default","site-content-style":"default","site-sidebar-style":"default","ast-global-header-display":"","ast-banner-title-visibility":"","ast-main-header-display":"","ast-hfb-above-header-display":"","ast-hfb-below-header-display":"","ast-hfb-mobile-header-display":"","site-post-title":"","ast-breadcrumbs-content":"","ast-featured-img":"","footer-sml-layout":"","ast-disable-related-posts":"","theme-transparent-header-meta":"default","adv-header-id-meta":"","stick-header-meta":"","header-above-stick-meta":"","header-main-stick-meta":"","header-below-stick-meta":"","astra-migrate-meta-layouts":"set","ast-page-background-enabled":"default","ast-page-background-meta":{"desktop":{"background-color":"","background-image":"","background-repeat":"repeat","background-position":"center center","background-size":"auto","background-attachment":"scroll","background-type":"","background-media":"","overlay-type":"","overlay-color":"","overlay-opacity":"","overlay-gradient":""},"tablet":{"background-color":"","background-image":"","background-repeat":"repeat","background-position":"center center","background-size":"auto","background-attachment":"scroll","background-type":"","background-media":"","overlay-type":"","overlay-color":"","overlay-opacity":"","overlay-gradient":""},"mobile":{"background-color":"","background-image":"","background-repeat":"repeat","background-position":"center center","background-size":"auto","background-attachment":"scroll","background-type":"","background-media":"","overlay-type":"","overlay-color":"","overlay-opacity":"","overlay-gradient":""}},"ast-content-background-meta":{"desktop":{"background-color":"var(--ast-global-color-5)","background-image":"","background-repeat":"repeat","background-position":"center center","background-size":"auto","background-attachment":"scroll","background-type":"","background-media":"","overlay-type":"","overlay-color":"","overlay-opacity":"","overlay-gradient":""},"tablet":{"background-color":"var(--ast-global-color-5)","background-image":"","background-repeat":"repeat","background-position":"center center","background-size":"auto","background-attachment":"scroll","background-type":"","background-media":"","overlay-type":"","overlay-color":"","overlay-opacity":"","overlay-gradient":""},"mobile":{"background-color":"var(--ast-global-color-5)","background-image":"","background-repeat":"repeat","background-position":"center center","background-size":"auto","background-attachment":"scroll","background-type":"","background-media":"","overlay-type":"","overlay-color":"","overlay-opacity":"","overlay-gradient":""}}},"product_brand":[],"product_cat":[290],"product_tag":[],"class_list":{"0":"post-19632","1":"product","2":"type-product","3":"status-publish","4":"has-post-thumbnail","6":"product_cat-qsfp28-standard","7":"desktop-align-left","8":"tablet-align-left","9":"mobile-align-left","10":"ast-product-gallery-layout-horizontal-slider","11":"ast-product-gallery-with-no-image","12":"ast-product-tabs-layout-horizontal","14":"first","15":"instock","16":"shipping-taxable","17":"purchasable","18":"product-type-simple"},"composite_virtual":false,"composite_layout":"","composite_add_to_cart_form_location":"","composite_editable_in_cart":false,"composite_sold_individually_context":"","composite_shop_price_calc":"","composite_components":[],"composite_scenarios":[],"acf":[],"_links":{"self":[{"href":"https:\/\/www.precisionot.com\/de\/wp-json\/wp\/v2\/product\/19632","targetHints":{"allow":["GET"]}}],"collection":[{"href":"https:\/\/www.precisionot.com\/de\/wp-json\/wp\/v2\/product"}],"about":[{"href":"https:\/\/www.precisionot.com\/de\/wp-json\/wp\/v2\/types\/product"}],"version-history":[{"count":0,"href":"https:\/\/www.precisionot.com\/de\/wp-json\/wp\/v2\/product\/19632\/revisions"}],"wp:featuredmedia":[{"embeddable":true,"href":"https:\/\/www.precisionot.com\/de\/wp-json\/wp\/v2\/media\/24100"}],"wp:attachment":[{"href":"https:\/\/www.precisionot.com\/de\/wp-json\/wp\/v2\/media?parent=19632"}],"wp:term":[{"taxonomy":"product_brand","embeddable":true,"href":"https:\/\/www.precisionot.com\/de\/wp-json\/wp\/v2\/product_brand?post=19632"},{"taxonomy":"product_cat","embeddable":true,"href":"https:\/\/www.precisionot.com\/de\/wp-json\/wp\/v2\/product_cat?post=19632"},{"taxonomy":"product_tag","embeddable":true,"href":"https:\/\/www.precisionot.com\/de\/wp-json\/wp\/v2\/product_tag?post=19632"}],"curies":[{"name":"wp","href":"https:\/\/api.w.org\/{rel}","templated":true}]}}