{"id":19128,"date":"2023-05-12T10:28:44","date_gmt":"2023-05-12T14:28:44","guid":{"rendered":"https:\/\/www.precisionot.com\/?post_type=product&#038;p=19128"},"modified":"2024-11-13T11:57:47","modified_gmt":"2024-11-13T16:57:47","slug":"vor-qsfp28-20lh-4wbd-2","status":"publish","type":"product","link":"https:\/\/www.precisionot.com\/de\/product\/pre-qsfp28-20lh-4wbd-2\/","title":{"rendered":"PRE-QSFP28-20L(H)-4WBD"},"content":{"rendered":"<p class=\"p2\">Das optische Transceivermodul QSFP28-20L(H)-4WBD ist f\u00fcr die 100G-Ethernet-\u00dcbertragung \u00fcber Entfernungen von bis zu 20 Kilometern ausgelegt und verwendet die bidirektionale 4WDM-Technologie (BIDI). Dieses f\u00fcr Umgebungen mit erweitertem Temperaturbereich (E-Temp) konzipierte Modul gew\u00e4hrleistet eine zuverl\u00e4ssige Leistung unter anspruchsvolleren Bedingungen und ist somit ideal f\u00fcr Au\u00dfen- und Industrieanwendungen.<\/p>\n<hr \/>\n<p class=\"p2\">Der Transceiver verwendet Singlemode-Glasfasern (SMF) und arbeitet \u00fcber eine bidirektionale (BIDI) \u00dcbertragung, die den Glasfaserbedarf reduziert und gleichzeitig eine hohe Bandbreiteneffizienz beibeh\u00e4lt. Das integrierte Digital Diagnostics Monitoring (DDM) liefert Echtzeitdaten zur Modulleistung und erm\u00f6glicht so eine proaktive Netzwerkverwaltung und -wartung. Sein Hot-Swap-f\u00e4higes Design erm\u00f6glicht eine schnelle und nahtlose Integration oder einen schnellen Austausch ohne Ausfallzeiten und sein energieeffizienter Betrieb tr\u00e4gt dazu bei, den Gesamtstromverbrauch zu minimieren.<\/p>","protected":false},"excerpt":{"rendered":"<p>Das optische Transceivermodul QSFP28-20L(H)-4WBD unterst\u00fctzt 100G-Ethernet \u00fcber Singlemode-Glasfaser mit 4WDM-BIDI-Technologie mit einer Reichweite von bis zu 20 Kilometern.<\/p>\n<hr \/>\n<p class=\"p2\"><strong>QSFP28, 4WDM BIDI, 100G, 20 km, E-Temp, DDM<\/strong><\/p>","protected":false},"featured_media":24064,"template":"","meta":{"_acf_changed":false,"content-type":"","site-sidebar-layout":"default","site-content-layout":"default","ast-site-content-layout":"default","site-content-style":"default","site-sidebar-style":"default","ast-global-header-display":"","ast-banner-title-visibility":"","ast-main-header-display":"","ast-hfb-above-header-display":"","ast-hfb-below-header-display":"","ast-hfb-mobile-header-display":"","site-post-title":"","ast-breadcrumbs-content":"","ast-featured-img":"","footer-sml-layout":"","ast-disable-related-posts":"","theme-transparent-header-meta":"default","adv-header-id-meta":"","stick-header-meta":"","header-above-stick-meta":"","header-main-stick-meta":"","header-below-stick-meta":"","astra-migrate-meta-layouts":"set","ast-page-background-enabled":"default","ast-page-background-meta":{"desktop":{"background-color":"","background-image":"","background-repeat":"repeat","background-position":"center center","background-size":"auto","background-attachment":"scroll","background-type":"","background-media":"","overlay-type":"","overlay-color":"","overlay-opacity":"","overlay-gradient":""},"tablet":{"background-color":"","background-image":"","background-repeat":"repeat","background-position":"center center","background-size":"auto","background-attachment":"scroll","background-type":"","background-media":"","overlay-type":"","overlay-color":"","overlay-opacity":"","overlay-gradient":""},"mobile":{"background-color":"","background-image":"","background-repeat":"repeat","background-position":"center center","background-size":"auto","background-attachment":"scroll","background-type":"","background-media":"","overlay-type":"","overlay-color":"","overlay-opacity":"","overlay-gradient":""}},"ast-content-background-meta":{"desktop":{"background-color":"var(--ast-global-color-5)","background-image":"","background-repeat":"repeat","background-position":"center center","background-size":"auto","background-attachment":"scroll","background-type":"","background-media":"","overlay-type":"","overlay-color":"","overlay-opacity":"","overlay-gradient":""},"tablet":{"background-color":"var(--ast-global-color-5)","background-image":"","background-repeat":"repeat","background-position":"center center","background-size":"auto","background-attachment":"scroll","background-type":"","background-media":"","overlay-type":"","overlay-color":"","overlay-opacity":"","overlay-gradient":""},"mobile":{"background-color":"var(--ast-global-color-5)","background-image":"","background-repeat":"repeat","background-position":"center center","background-size":"auto","background-attachment":"scroll","background-type":"","background-media":"","overlay-type":"","overlay-color":"","overlay-opacity":"","overlay-gradient":""}}},"product_brand":[],"product_cat":[361],"product_tag":[],"class_list":{"0":"post-19128","1":"product","2":"type-product","3":"status-publish","4":"has-post-thumbnail","6":"product_cat-qsfp28-bidirectional","7":"desktop-align-left","8":"tablet-align-left","9":"mobile-align-left","10":"ast-product-gallery-layout-horizontal-slider","11":"ast-product-gallery-with-no-image","12":"ast-product-tabs-layout-horizontal","14":"first","15":"instock","16":"shipping-taxable","17":"purchasable","18":"product-type-simple"},"composite_virtual":false,"composite_layout":"","composite_add_to_cart_form_location":"","composite_editable_in_cart":false,"composite_sold_individually_context":"","composite_shop_price_calc":"","composite_components":[],"composite_scenarios":[],"acf":[],"_links":{"self":[{"href":"https:\/\/www.precisionot.com\/de\/wp-json\/wp\/v2\/product\/19128","targetHints":{"allow":["GET"]}}],"collection":[{"href":"https:\/\/www.precisionot.com\/de\/wp-json\/wp\/v2\/product"}],"about":[{"href":"https:\/\/www.precisionot.com\/de\/wp-json\/wp\/v2\/types\/product"}],"version-history":[{"count":0,"href":"https:\/\/www.precisionot.com\/de\/wp-json\/wp\/v2\/product\/19128\/revisions"}],"wp:featuredmedia":[{"embeddable":true,"href":"https:\/\/www.precisionot.com\/de\/wp-json\/wp\/v2\/media\/24064"}],"wp:attachment":[{"href":"https:\/\/www.precisionot.com\/de\/wp-json\/wp\/v2\/media?parent=19128"}],"wp:term":[{"taxonomy":"product_brand","embeddable":true,"href":"https:\/\/www.precisionot.com\/de\/wp-json\/wp\/v2\/product_brand?post=19128"},{"taxonomy":"product_cat","embeddable":true,"href":"https:\/\/www.precisionot.com\/de\/wp-json\/wp\/v2\/product_cat?post=19128"},{"taxonomy":"product_tag","embeddable":true,"href":"https:\/\/www.precisionot.com\/de\/wp-json\/wp\/v2\/product_tag?post=19128"}],"curies":[{"name":"wp","href":"https:\/\/api.w.org\/{rel}","templated":true}]}}