{"id":16778,"date":"2023-03-16T15:57:05","date_gmt":"2023-03-16T19:57:05","guid":{"rendered":"https:\/\/www.precisionot.com\/?post_type=product&#038;p=16778"},"modified":"2024-10-08T12:47:48","modified_gmt":"2024-10-08T16:47:48","slug":"vor-sfp2rx10g-ai","status":"publish","type":"product","link":"https:\/\/www.precisionot.com\/de\/product\/pre-sfp2rx10g-ai\/","title":{"rendered":"PRE-SFP2RX10G-AI"},"content":{"rendered":"<p class=\"p2\"><span class=\"NormalTextRun SCXW18624989 BCX0\">Das SFP2RX10G-AI ist ein leistungsstarkes optisches Transceiver-Modul, das f\u00fcr 10G-Digital-Return-Anwendungen entwickelt wurde. Dieses Modul verf\u00fcgt \u00fcber Dual-Receiver und Avalanche-Photodioden-Technologie (APD) und unterst\u00fctzt 10G-Ethernet \u00fcber Singlemode-Glasfaser (SMF) mit LC-Duplex-Anschl\u00fcssen. Es <\/span><span class=\"NormalTextRun SCXW18624989 BCX0\">betreibt<\/span><span class=\"NormalTextRun SCXW18624989 BCX0\"> zuverl\u00e4ssig in Umgebungen mit industriellen Temperaturen (I-Temp) und ist somit ideal f\u00fcr den Einsatz in anspruchsvollen Netzwerkbedingungen.<\/span><\/p>\n<hr \/>\n<p class=\"p2\"><span class=\"NormalTextRun SCXW18624989 BCX0\">Die integrierte digitale Diagnose\u00fcberwachung (DDM) erm\u00f6glicht eine Leistungs\u00fcberwachung in Echtzeit und damit eine effiziente und proaktive Netzwerkverwaltung. Der SFP2RX10G-AI wurde speziell f\u00fcr digitale Return-Anwendungen und Hochgeschwindigkeitsdaten\u00fcbertragung entwickelt und gew\u00e4hrleistet \u00fcberlegene Leistung und Zuverl\u00e4ssigkeit in Telekommunikations- und Rechenzentrumsumgebungen.<\/span><\/p>","protected":false},"excerpt":{"rendered":"<p class=\"p2\"><span class=\"TextRun SCXW13226598 BCX0\" lang=\"EN-US\" xml:lang=\"EN-US\" data-contrast=\"auto\"><span class=\"NormalTextRun SCXW13226598 BCX0\">Der SFP2RX10G-AI-Transceiver unterst\u00fctzt 10G Digital Return mit Dual-Receivern, APD-Technologie und integriertem DDM und ist f\u00fcr Singlemode-Glasfasern in industriellen Temperaturumgebungen ausgelegt.<\/span><\/span><\/p>\n<hr \/>\n<p class=\"p2\"><strong>SFP+, Dual Rx, Digital Return, APD, 10G, SMF\/LC, I-Temp, DDM<\/strong><\/p>","protected":false},"featured_media":16780,"template":"","meta":{"_acf_changed":false,"content-type":"","site-sidebar-layout":"default","site-content-layout":"default","ast-site-content-layout":"default","site-content-style":"default","site-sidebar-style":"default","ast-global-header-display":"","ast-banner-title-visibility":"","ast-main-header-display":"","ast-hfb-above-header-display":"","ast-hfb-below-header-display":"","ast-hfb-mobile-header-display":"","site-post-title":"","ast-breadcrumbs-content":"","ast-featured-img":"","footer-sml-layout":"","ast-disable-related-posts":"","theme-transparent-header-meta":"default","adv-header-id-meta":"","stick-header-meta":"","header-above-stick-meta":"","header-main-stick-meta":"","header-below-stick-meta":"","astra-migrate-meta-layouts":"set","ast-page-background-enabled":"default","ast-page-background-meta":{"desktop":{"background-color":"","background-image":"","background-repeat":"repeat","background-position":"center center","background-size":"auto","background-attachment":"scroll","background-type":"","background-media":"","overlay-type":"","overlay-color":"","overlay-opacity":"","overlay-gradient":""},"tablet":{"background-color":"","background-image":"","background-repeat":"repeat","background-position":"center center","background-size":"auto","background-attachment":"scroll","background-type":"","background-media":"","overlay-type":"","overlay-color":"","overlay-opacity":"","overlay-gradient":""},"mobile":{"background-color":"","background-image":"","background-repeat":"repeat","background-position":"center center","background-size":"auto","background-attachment":"scroll","background-type":"","background-media":"","overlay-type":"","overlay-color":"","overlay-opacity":"","overlay-gradient":""}},"ast-content-background-meta":{"desktop":{"background-color":"var(--ast-global-color-5)","background-image":"","background-repeat":"repeat","background-position":"center center","background-size":"auto","background-attachment":"scroll","background-type":"","background-media":"","overlay-type":"","overlay-color":"","overlay-opacity":"","overlay-gradient":""},"tablet":{"background-color":"var(--ast-global-color-5)","background-image":"","background-repeat":"repeat","background-position":"center center","background-size":"auto","background-attachment":"scroll","background-type":"","background-media":"","overlay-type":"","overlay-color":"","overlay-opacity":"","overlay-gradient":""},"mobile":{"background-color":"var(--ast-global-color-5)","background-image":"","background-repeat":"repeat","background-position":"center center","background-size":"auto","background-attachment":"scroll","background-type":"","background-media":"","overlay-type":"","overlay-color":"","overlay-opacity":"","overlay-gradient":""}}},"product_brand":[],"product_cat":[319],"product_tag":[],"class_list":{"0":"post-16778","1":"product","2":"type-product","3":"status-publish","4":"has-post-thumbnail","6":"product_cat-sfp-plus-specialty","7":"desktop-align-left","8":"tablet-align-left","9":"mobile-align-left","10":"ast-product-gallery-layout-horizontal-slider","11":"ast-product-gallery-with-no-image","12":"ast-product-tabs-layout-horizontal","14":"first","15":"instock","16":"shipping-taxable","17":"purchasable","18":"product-type-simple"},"composite_virtual":false,"composite_layout":"","composite_add_to_cart_form_location":"","composite_editable_in_cart":false,"composite_sold_individually_context":"","composite_shop_price_calc":"","composite_components":[],"composite_scenarios":[],"acf":[],"_links":{"self":[{"href":"https:\/\/www.precisionot.com\/de\/wp-json\/wp\/v2\/product\/16778","targetHints":{"allow":["GET"]}}],"collection":[{"href":"https:\/\/www.precisionot.com\/de\/wp-json\/wp\/v2\/product"}],"about":[{"href":"https:\/\/www.precisionot.com\/de\/wp-json\/wp\/v2\/types\/product"}],"version-history":[{"count":0,"href":"https:\/\/www.precisionot.com\/de\/wp-json\/wp\/v2\/product\/16778\/revisions"}],"wp:featuredmedia":[{"embeddable":true,"href":"https:\/\/www.precisionot.com\/de\/wp-json\/wp\/v2\/media\/16780"}],"wp:attachment":[{"href":"https:\/\/www.precisionot.com\/de\/wp-json\/wp\/v2\/media?parent=16778"}],"wp:term":[{"taxonomy":"product_brand","embeddable":true,"href":"https:\/\/www.precisionot.com\/de\/wp-json\/wp\/v2\/product_brand?post=16778"},{"taxonomy":"product_cat","embeddable":true,"href":"https:\/\/www.precisionot.com\/de\/wp-json\/wp\/v2\/product_cat?post=16778"},{"taxonomy":"product_tag","embeddable":true,"href":"https:\/\/www.precisionot.com\/de\/wp-json\/wp\/v2\/product_tag?post=16778"}],"curies":[{"name":"wp","href":"https:\/\/api.w.org\/{rel}","templated":true}]}}