{"id":13190,"date":"2022-12-16T09:12:30","date_gmt":"2022-12-16T14:12:30","guid":{"rendered":"https:\/\/www.precisionot.com\/?post_type=product&#038;p=13190"},"modified":"2024-12-06T12:02:31","modified_gmt":"2024-12-06T17:02:31","slug":"vor-sfp-b4554-120","status":"publish","type":"product","link":"https:\/\/www.precisionot.com\/de\/product\/pre-sfp-b4554-120\/","title":{"rendered":"PRE-SFP-B45(54)-120(I)"},"content":{"rendered":"<p><span class=\"NormalTextRun SCXW208066009 BCX0\">Das optische Transceivermodul SFP-B45(54)-120(I) unterst\u00fctzt 1G Ethernet-\u00dcbertragung \u00fcber ultralange Distanzen von bis zu <\/span><span class=\"NormalTextRun SCXW208066009 BCX0\">120 Kilometer<\/span><span class=\"NormalTextRun SCXW208066009 BCX0\"> mit bidirektionaler (BIDI) Technologie. Dieser Transceiver arbeitet mit zwei Wellenl\u00e4ngen von 1550 nm (Tx) und 1490 nm (Rx) oder umgekehrt und erm\u00f6glicht eine effiziente Daten\u00fcbertragung und -empfang \u00fcber eine einzige Faser, wodurch die Fasernutzung maximiert wird. <\/span><span class=\"NormalTextRun SCXW208066009 BCX0\">Verwendung<\/span><span class=\"NormalTextRun SCXW208066009 BCX0\"> f\u00fcr Telekommunikations- und Unternehmensnetze mit gro\u00dfen Entfernungen.<\/span><\/p>\n<hr \/>\n<p><span class=\"NormalTextRun SCXW208066009 BCX0\">Das SFP-B45(54)-120(I) wurde f\u00fcr Singlemode-Glasfasern (SMF) mit LC-Anschluss entwickelt und ist f\u00fcr Anwendungen mit erweiterter Reichweite konzipiert. Es ist sowohl in kommerziellen (C-temp) als auch industriellen (I-temp) Temperaturvarianten erh\u00e4ltlich. Das Modul umfasst digitale Diagnosefunktionen. <\/span><span class=\"NormalTextRun SCXW208066009 BCX0\">\u00dcberwachung<\/span><span class=\"NormalTextRun SCXW208066009 BCX0\"> (DDM) zur Leistungsverfolgung in Echtzeit und gew\u00e4hrleistet so eine proaktive Netzwerkverwaltung. <\/span><span class=\"NormalTextRun ContextualSpellingAndGrammarErrorV2Themed SCXW208066009 BCX0\">Es ist<\/span><span class=\"NormalTextRun SCXW208066009 BCX0\"> Hot-Swap-f\u00e4higes Design <\/span><span class=\"NormalTextRun SCXW208066009 BCX0\">erleichtert<\/span><span class=\"NormalTextRun SCXW208066009 BCX0\"> Einfache Integration oder Austausch ohne Unterbrechung des Netzwerkbetriebs.<\/span><\/p>","protected":false},"excerpt":{"rendered":"<p><span class=\"NormalTextRun SCXW46355280 BCX0\">Der SFP-B45(54)-120(I) Transceiver unterst\u00fctzt 1G Ethernet \u00fcber Singlemode-Glasfaser mit einer Reichweite von bis zu <\/span><span class=\"NormalTextRun SCXW46355280 BCX0\">120 Kilometer<\/span><span class=\"NormalTextRun SCXW46355280 BCX0\"> mit BIDI-Technologie mit Wellenl\u00e4ngen von 1550 nm und 1490 nm, verf\u00fcgbar in den Varianten C-Temp und I-Temp mit integriertem DDM.<\/span><\/p>\n<hr \/>\n<p><strong>SFP, EZX, BIDI, 1550\/1490 nm (1490\/1550 nm), 1G, 120 km, SMF\/LC, C-Temp, DDM<\/strong><\/p>","protected":false},"featured_media":29688,"template":"","meta":{"_acf_changed":false,"content-type":"","site-sidebar-layout":"default","site-content-layout":"default","ast-site-content-layout":"default","site-content-style":"default","site-sidebar-style":"default","ast-global-header-display":"","ast-banner-title-visibility":"","ast-main-header-display":"","ast-hfb-above-header-display":"","ast-hfb-below-header-display":"","ast-hfb-mobile-header-display":"","site-post-title":"","ast-breadcrumbs-content":"","ast-featured-img":"","footer-sml-layout":"","ast-disable-related-posts":"","theme-transparent-header-meta":"default","adv-header-id-meta":"","stick-header-meta":"","header-above-stick-meta":"","header-main-stick-meta":"","header-below-stick-meta":"","astra-migrate-meta-layouts":"set","ast-page-background-enabled":"default","ast-page-background-meta":{"desktop":{"background-color":"","background-image":"","background-repeat":"repeat","background-position":"center center","background-size":"auto","background-attachment":"scroll","background-type":"","background-media":"","overlay-type":"","overlay-color":"","overlay-opacity":"","overlay-gradient":""},"tablet":{"background-color":"","background-image":"","background-repeat":"repeat","background-position":"center center","background-size":"auto","background-attachment":"scroll","background-type":"","background-media":"","overlay-type":"","overlay-color":"","overlay-opacity":"","overlay-gradient":""},"mobile":{"background-color":"","background-image":"","background-repeat":"repeat","background-position":"center center","background-size":"auto","background-attachment":"scroll","background-type":"","background-media":"","overlay-type":"","overlay-color":"","overlay-opacity":"","overlay-gradient":""}},"ast-content-background-meta":{"desktop":{"background-color":"var(--ast-global-color-5)","background-image":"","background-repeat":"repeat","background-position":"center center","background-size":"auto","background-attachment":"scroll","background-type":"","background-media":"","overlay-type":"","overlay-color":"","overlay-opacity":"","overlay-gradient":""},"tablet":{"background-color":"var(--ast-global-color-5)","background-image":"","background-repeat":"repeat","background-position":"center center","background-size":"auto","background-attachment":"scroll","background-type":"","background-media":"","overlay-type":"","overlay-color":"","overlay-opacity":"","overlay-gradient":""},"mobile":{"background-color":"var(--ast-global-color-5)","background-image":"","background-repeat":"repeat","background-position":"center center","background-size":"auto","background-attachment":"scroll","background-type":"","background-media":"","overlay-type":"","overlay-color":"","overlay-opacity":"","overlay-gradient":""}}},"product_brand":[],"product_cat":[59],"product_tag":[],"class_list":{"0":"post-13190","1":"product","2":"type-product","3":"status-publish","4":"has-post-thumbnail","6":"product_cat-1g-sfp-bidirectional","7":"desktop-align-left","8":"tablet-align-left","9":"mobile-align-left","10":"ast-product-gallery-layout-horizontal-slider","11":"ast-product-gallery-with-no-image","12":"ast-product-tabs-layout-horizontal","14":"first","15":"instock","16":"shipping-taxable","17":"purchasable","18":"product-type-simple"},"composite_virtual":false,"composite_layout":"","composite_add_to_cart_form_location":"","composite_editable_in_cart":false,"composite_sold_individually_context":"","composite_shop_price_calc":"","composite_components":[],"composite_scenarios":[],"acf":[],"_links":{"self":[{"href":"https:\/\/www.precisionot.com\/de\/wp-json\/wp\/v2\/product\/13190","targetHints":{"allow":["GET"]}}],"collection":[{"href":"https:\/\/www.precisionot.com\/de\/wp-json\/wp\/v2\/product"}],"about":[{"href":"https:\/\/www.precisionot.com\/de\/wp-json\/wp\/v2\/types\/product"}],"version-history":[{"count":0,"href":"https:\/\/www.precisionot.com\/de\/wp-json\/wp\/v2\/product\/13190\/revisions"}],"wp:featuredmedia":[{"embeddable":true,"href":"https:\/\/www.precisionot.com\/de\/wp-json\/wp\/v2\/media\/29688"}],"wp:attachment":[{"href":"https:\/\/www.precisionot.com\/de\/wp-json\/wp\/v2\/media?parent=13190"}],"wp:term":[{"taxonomy":"product_brand","embeddable":true,"href":"https:\/\/www.precisionot.com\/de\/wp-json\/wp\/v2\/product_brand?post=13190"},{"taxonomy":"product_cat","embeddable":true,"href":"https:\/\/www.precisionot.com\/de\/wp-json\/wp\/v2\/product_cat?post=13190"},{"taxonomy":"product_tag","embeddable":true,"href":"https:\/\/www.precisionot.com\/de\/wp-json\/wp\/v2\/product_tag?post=13190"}],"curies":[{"name":"wp","href":"https:\/\/api.w.org\/{rel}","templated":true}]}}