{"id":13088,"date":"2022-12-14T16:50:08","date_gmt":"2022-12-14T21:50:08","guid":{"rendered":"https:\/\/www.precisionot.com\/?post_type=product&#038;p=13088"},"modified":"2024-10-28T11:30:10","modified_gmt":"2024-10-28T15:30:10","slug":"vor-sfp-b3443-20i","status":"publish","type":"product","link":"https:\/\/www.precisionot.com\/de\/product\/pre-sfp-b3443-20i\/","title":{"rendered":"PRE-SFP-B34(43)-20(I)"},"content":{"rendered":"<p><span class=\"NormalTextRun SCXW82977572 BCX0\">Das optische Transceivermodul SFP-B34(43)-20(I) unterst\u00fctzt 1G Ethernet-\u00dcbertragung \u00fcber Entfernungen von bis zu <\/span><span class=\"NormalTextRun SCXW82977572 BCX0\">20 Kilometer<\/span><span class=\"NormalTextRun SCXW82977572 BCX0\"> verwendet bidirektionale (BIDI) Technologie. Dieser Transceiver arbeitet mit zwei Wellenl\u00e4ngen von 1310 nm (Tx) und 1490 nm (Rx) oder umgekehrt und erm\u00f6glicht die gleichzeitige Daten\u00fcbertragung und den Empfang \u00fcber eine einzige Faser, wodurch die Faserressourcen in Telekommunikations- und Unternehmensnetzwerken optimiert werden.<\/span><\/p>\n<hr \/>\n<p><span class=\"NormalTextRun SCXW82977572 BCX0\">Dieses Modul wurde f\u00fcr Singlemode-Glasfasern (SMF) mit LC-Anschluss entwickelt und ist sowohl in kommerziellen (C-temp) als auch industriellen (I-temp) Temperaturvarianten erh\u00e4ltlich. Es gew\u00e4hrleistet eine zuverl\u00e4ssige Leistung unter unterschiedlichen Umgebungsbedingungen. Das Hot-Swap-f\u00e4hige Design erm\u00f6glicht eine nahtlose Integration oder einen Austausch ohne Unterbrechung des Netzwerkbetriebs.<\/span><\/p>","protected":false},"excerpt":{"rendered":"<p><span class=\"NormalTextRun SCXW209018899 BCX0\">Der SFP-B34(43)-20(I) Transceiver unterst\u00fctzt 1G Ethernet \u00fcber Singlemode-Glasfaser mit einer Reichweite von bis zu <\/span><span class=\"NormalTextRun SCXW209018899 BCX0\">20 Kilometer<\/span><span class=\"NormalTextRun SCXW209018899 BCX0\"> mit BIDI-Technologie mit Wellenl\u00e4ngen von 1310 nm und 1490 nm, verf\u00fcgbar in den Varianten C-Temp und I-Temp mit einem LC-Anschluss.<\/span><\/p>\n<hr \/>\n<p><strong>SFP, LX, BIDI, 1310\/1490 nm, 1G, 20 km, SMF\/LC<\/strong><\/p>","protected":false},"featured_media":13089,"template":"","meta":{"_acf_changed":false,"content-type":"","site-sidebar-layout":"default","site-content-layout":"default","ast-site-content-layout":"default","site-content-style":"default","site-sidebar-style":"default","ast-global-header-display":"","ast-banner-title-visibility":"","ast-main-header-display":"","ast-hfb-above-header-display":"","ast-hfb-below-header-display":"","ast-hfb-mobile-header-display":"","site-post-title":"","ast-breadcrumbs-content":"","ast-featured-img":"","footer-sml-layout":"","ast-disable-related-posts":"","theme-transparent-header-meta":"default","adv-header-id-meta":"","stick-header-meta":"","header-above-stick-meta":"","header-main-stick-meta":"","header-below-stick-meta":"","astra-migrate-meta-layouts":"set","ast-page-background-enabled":"default","ast-page-background-meta":{"desktop":{"background-color":"","background-image":"","background-repeat":"repeat","background-position":"center center","background-size":"auto","background-attachment":"scroll","background-type":"","background-media":"","overlay-type":"","overlay-color":"","overlay-opacity":"","overlay-gradient":""},"tablet":{"background-color":"","background-image":"","background-repeat":"repeat","background-position":"center center","background-size":"auto","background-attachment":"scroll","background-type":"","background-media":"","overlay-type":"","overlay-color":"","overlay-opacity":"","overlay-gradient":""},"mobile":{"background-color":"","background-image":"","background-repeat":"repeat","background-position":"center center","background-size":"auto","background-attachment":"scroll","background-type":"","background-media":"","overlay-type":"","overlay-color":"","overlay-opacity":"","overlay-gradient":""}},"ast-content-background-meta":{"desktop":{"background-color":"var(--ast-global-color-5)","background-image":"","background-repeat":"repeat","background-position":"center center","background-size":"auto","background-attachment":"scroll","background-type":"","background-media":"","overlay-type":"","overlay-color":"","overlay-opacity":"","overlay-gradient":""},"tablet":{"background-color":"var(--ast-global-color-5)","background-image":"","background-repeat":"repeat","background-position":"center center","background-size":"auto","background-attachment":"scroll","background-type":"","background-media":"","overlay-type":"","overlay-color":"","overlay-opacity":"","overlay-gradient":""},"mobile":{"background-color":"var(--ast-global-color-5)","background-image":"","background-repeat":"repeat","background-position":"center center","background-size":"auto","background-attachment":"scroll","background-type":"","background-media":"","overlay-type":"","overlay-color":"","overlay-opacity":"","overlay-gradient":""}}},"product_brand":[],"product_cat":[59,320],"product_tag":[],"class_list":{"0":"post-13088","1":"product","2":"type-product","3":"status-publish","4":"has-post-thumbnail","6":"product_cat-1g-sfp-bidirectional","7":"product_cat-sfp","8":"desktop-align-left","9":"tablet-align-left","10":"mobile-align-left","11":"ast-product-gallery-layout-horizontal-slider","12":"ast-product-gallery-with-no-image","13":"ast-product-tabs-layout-horizontal","15":"first","16":"instock","17":"shipping-taxable","18":"purchasable","19":"product-type-simple"},"composite_virtual":false,"composite_layout":"","composite_add_to_cart_form_location":"","composite_editable_in_cart":false,"composite_sold_individually_context":"","composite_shop_price_calc":"","composite_components":[],"composite_scenarios":[],"acf":[],"_links":{"self":[{"href":"https:\/\/www.precisionot.com\/de\/wp-json\/wp\/v2\/product\/13088","targetHints":{"allow":["GET"]}}],"collection":[{"href":"https:\/\/www.precisionot.com\/de\/wp-json\/wp\/v2\/product"}],"about":[{"href":"https:\/\/www.precisionot.com\/de\/wp-json\/wp\/v2\/types\/product"}],"version-history":[{"count":0,"href":"https:\/\/www.precisionot.com\/de\/wp-json\/wp\/v2\/product\/13088\/revisions"}],"wp:featuredmedia":[{"embeddable":true,"href":"https:\/\/www.precisionot.com\/de\/wp-json\/wp\/v2\/media\/13089"}],"wp:attachment":[{"href":"https:\/\/www.precisionot.com\/de\/wp-json\/wp\/v2\/media?parent=13088"}],"wp:term":[{"taxonomy":"product_brand","embeddable":true,"href":"https:\/\/www.precisionot.com\/de\/wp-json\/wp\/v2\/product_brand?post=13088"},{"taxonomy":"product_cat","embeddable":true,"href":"https:\/\/www.precisionot.com\/de\/wp-json\/wp\/v2\/product_cat?post=13088"},{"taxonomy":"product_tag","embeddable":true,"href":"https:\/\/www.precisionot.com\/de\/wp-json\/wp\/v2\/product_tag?post=13088"}],"curies":[{"name":"wp","href":"https:\/\/api.w.org\/{rel}","templated":true}]}}