{"id":13081,"date":"2022-12-14T16:47:44","date_gmt":"2022-12-14T21:47:44","guid":{"rendered":"https:\/\/www.precisionot.com\/?post_type=product&#038;p=13081"},"modified":"2025-06-11T13:38:55","modified_gmt":"2025-06-11T17:38:55","slug":"vor-sfp-ti","status":"publish","type":"product","link":"https:\/\/www.precisionot.com\/de\/product\/pre-sfp-ti\/","title":{"rendered":"VOR SFP-T(I)"},"content":{"rendered":"<p><span class=\"NormalTextRun SCXW116211946 BCX0\">Das SFP-T(I) Kupfer-Transceivermodul unterst\u00fctzt 1G Ethernet-\u00dcbertragung \u00fcber Entfernungen von bis zu <\/span><span class=\"NormalTextRun SCXW116211946 BCX0\">100 Meter<\/span><span class=\"NormalTextRun SCXW116211946 BCX0\"> unter Verwendung von Standard-Kupferkabeln der Kategorie 5e\/6\/6a mit einem RJ45-Stecker.<\/span><\/p>\n<hr \/>\n<p><span class=\"NormalTextRun SCXW116211946 BCX0\">Dieser Transceiver wurde f\u00fcr den Einsatz in industriellen Temperaturumgebungen (I-Temp) entwickelt und bietet zuverl\u00e4ssige Hochgeschwindigkeitsverbindungen in Unternehmensnetzwerken, Rechenzentren und Telekommunikationsanwendungen. Das Hot-Swap-f\u00e4hige Design erm\u00f6glicht eine einfache Integration oder einen einfachen Austausch ohne Unterbrechung des Netzwerkbetriebs und bietet gleichzeitig eine kosteng\u00fcnstige und energieeffiziente L\u00f6sung f\u00fcr Hochleistungsnetzwerke mit kurzer Reichweite.<\/span><\/p>","protected":false},"excerpt":{"rendered":"<p><span class=\"NormalTextRun SCXW53772517 BCX0\">Der SFP-T(I)-Transceiver unterst\u00fctzt 1G Ethernet \u00fcber Kupferkabel mit einer Reichweite von bis zu <\/span><span class=\"NormalTextRun SCXW53772517 BCX0\">100 Meter<\/span><span class=\"NormalTextRun SCXW53772517 BCX0\"> mit einem RJ45-Stecker, ausgelegt f\u00fcr industrielle Temperaturumgebungen.<\/span><\/p>\n<hr \/>\n<p><strong>SFP, Kupfer, 1G, 100 m, RJ45, I-Temp<\/strong><\/p>","protected":false},"featured_media":25120,"template":"","meta":{"_acf_changed":false,"content-type":"","site-sidebar-layout":"default","site-content-layout":"default","ast-site-content-layout":"default","site-content-style":"default","site-sidebar-style":"default","ast-global-header-display":"","ast-banner-title-visibility":"","ast-main-header-display":"","ast-hfb-above-header-display":"","ast-hfb-below-header-display":"","ast-hfb-mobile-header-display":"","site-post-title":"","ast-breadcrumbs-content":"","ast-featured-img":"","footer-sml-layout":"","ast-disable-related-posts":"","theme-transparent-header-meta":"default","adv-header-id-meta":"","stick-header-meta":"","header-above-stick-meta":"","header-main-stick-meta":"","header-below-stick-meta":"","astra-migrate-meta-layouts":"set","ast-page-background-enabled":"default","ast-page-background-meta":{"desktop":{"background-color":"","background-image":"","background-repeat":"repeat","background-position":"center center","background-size":"auto","background-attachment":"scroll","background-type":"","background-media":"","overlay-type":"","overlay-color":"","overlay-opacity":"","overlay-gradient":""},"tablet":{"background-color":"","background-image":"","background-repeat":"repeat","background-position":"center center","background-size":"auto","background-attachment":"scroll","background-type":"","background-media":"","overlay-type":"","overlay-color":"","overlay-opacity":"","overlay-gradient":""},"mobile":{"background-color":"","background-image":"","background-repeat":"repeat","background-position":"center center","background-size":"auto","background-attachment":"scroll","background-type":"","background-media":"","overlay-type":"","overlay-color":"","overlay-opacity":"","overlay-gradient":""}},"ast-content-background-meta":{"desktop":{"background-color":"var(--ast-global-color-5)","background-image":"","background-repeat":"repeat","background-position":"center center","background-size":"auto","background-attachment":"scroll","background-type":"","background-media":"","overlay-type":"","overlay-color":"","overlay-opacity":"","overlay-gradient":""},"tablet":{"background-color":"var(--ast-global-color-5)","background-image":"","background-repeat":"repeat","background-position":"center center","background-size":"auto","background-attachment":"scroll","background-type":"","background-media":"","overlay-type":"","overlay-color":"","overlay-opacity":"","overlay-gradient":""},"mobile":{"background-color":"var(--ast-global-color-5)","background-image":"","background-repeat":"repeat","background-position":"center center","background-size":"auto","background-attachment":"scroll","background-type":"","background-media":"","overlay-type":"","overlay-color":"","overlay-opacity":"","overlay-gradient":""}}},"product_brand":[],"product_cat":[324,320],"product_tag":[],"class_list":{"0":"post-13081","1":"product","2":"type-product","3":"status-publish","4":"has-post-thumbnail","6":"product_cat-sfp-specialty","7":"product_cat-sfp","8":"desktop-align-left","9":"tablet-align-left","10":"mobile-align-left","11":"ast-product-gallery-layout-horizontal-slider","12":"ast-product-gallery-with-no-image","13":"ast-product-tabs-layout-horizontal","15":"first","16":"instock","17":"shipping-taxable","18":"purchasable","19":"product-type-simple"},"composite_virtual":false,"composite_layout":"","composite_add_to_cart_form_location":"","composite_editable_in_cart":false,"composite_sold_individually_context":"","composite_shop_price_calc":"","composite_components":[],"composite_scenarios":[],"acf":[],"_links":{"self":[{"href":"https:\/\/www.precisionot.com\/de\/wp-json\/wp\/v2\/product\/13081","targetHints":{"allow":["GET"]}}],"collection":[{"href":"https:\/\/www.precisionot.com\/de\/wp-json\/wp\/v2\/product"}],"about":[{"href":"https:\/\/www.precisionot.com\/de\/wp-json\/wp\/v2\/types\/product"}],"version-history":[{"count":0,"href":"https:\/\/www.precisionot.com\/de\/wp-json\/wp\/v2\/product\/13081\/revisions"}],"wp:featuredmedia":[{"embeddable":true,"href":"https:\/\/www.precisionot.com\/de\/wp-json\/wp\/v2\/media\/25120"}],"wp:attachment":[{"href":"https:\/\/www.precisionot.com\/de\/wp-json\/wp\/v2\/media?parent=13081"}],"wp:term":[{"taxonomy":"product_brand","embeddable":true,"href":"https:\/\/www.precisionot.com\/de\/wp-json\/wp\/v2\/product_brand?post=13081"},{"taxonomy":"product_cat","embeddable":true,"href":"https:\/\/www.precisionot.com\/de\/wp-json\/wp\/v2\/product_cat?post=13081"},{"taxonomy":"product_tag","embeddable":true,"href":"https:\/\/www.precisionot.com\/de\/wp-json\/wp\/v2\/product_tag?post=13081"}],"curies":[{"name":"wp","href":"https:\/\/api.w.org\/{rel}","templated":true}]}}