{"id":13031,"date":"2022-12-14T16:14:09","date_gmt":"2022-12-14T21:14:09","guid":{"rendered":"https:\/\/www.precisionot.com\/?post_type=product&#038;p=13031"},"modified":"2024-12-06T16:45:35","modified_gmt":"2024-12-06T21:45:35","slug":"vor-qsfp28-esr4","status":"publish","type":"product","link":"https:\/\/www.precisionot.com\/de\/product\/pre-qsfp28-esr4\/","title":{"rendered":"PRE-QSFP28-ESR4"},"content":{"rendered":"<p><span class=\"NormalTextRun SCXW202286075 BCX0\">Das optische Transceivermodul QSFP28-ESR4 von Precision OT ist f\u00fcr die zuverl\u00e4ssige Bereitstellung von High-Speed-100G-Ethernet-Netzwerkleistung \u00fcber kurze Distanzen ausgelegt. Dieses Modul wurde f\u00fcr eine effiziente Daten\u00fcbertragung entwickelt und unterst\u00fctzt Entfernungen von bis zu <\/span><span class=\"NormalTextRun AdvancedProofingIssueV2Themed SCXW202286075 BCX0\">300 Meter<\/span><span class=\"NormalTextRun SCXW202286075 BCX0\"> verwendet Multimode-Glasfasern (MMF) und verf\u00fcgt \u00fcber einen kompakten QSFP28-Formfaktor, der sich ideal f\u00fcr Umgebungen eignet, die Bereitstellungen mit hoher Dichte erfordern, wie etwa Rechenzentren und Unternehmensnetzwerke.<\/span><\/p>\n<hr \/>\n<p><span class=\"NormalTextRun SCXW202286075 BCX0\">Der Transceiver <\/span><span class=\"NormalTextRun SCXW202286075 BCX0\">betreibt<\/span><span class=\"NormalTextRun SCXW202286075 BCX0\"> bei einer Wellenl\u00e4nge von 850 nm und verwendet MPO-12-Anschl\u00fcsse, wodurch eine nahtlose Integration in die vorhandene Glasfaserinfrastruktur gew\u00e4hrleistet wird. Dar\u00fcber hinaus erm\u00f6glicht das integrierte Digital Diagnostics Monitoring (DDM) eine Leistungs\u00fcberwachung in Echtzeit und sorgt so f\u00fcr ein proaktives Netzwerkmanagement. <\/span><span class=\"NormalTextRun ContextualSpellingAndGrammarErrorV2Themed SCXW202286075 BCX0\">Es ist<\/span><span class=\"NormalTextRun SCXW202286075 BCX0\"> Hot-Swap-f\u00e4higes Design <\/span><span class=\"NormalTextRun SCXW202286075 BCX0\">erleichtert<\/span><span class=\"NormalTextRun SCXW202286075 BCX0\"> schnelle und einfache Installation oder Austausch ohne Unterbrechung des laufenden Netzwerkbetriebs, w\u00e4hrend der geringe Stromverbrauch die Gesamtenergieeffizienz verbessert.<\/span><\/p>","protected":false},"excerpt":{"rendered":"<p><span data-contrast=\"auto\">Das optische Transceivermodul QSFP28-ESR4 ist f\u00fcr 100G-Ethernet-Netzwerke \u00fcber kurze Distanzen \u00fcber Multimode-Glasfasern konzipiert.<\/span><\/p>\n<hr \/>\n<p><strong>QSFP28, eSR4, 850nm, 100G, 300m, MMF\/MPO12, C-Temp, DDM<\/strong><\/p>","protected":false},"featured_media":24092,"template":"","meta":{"_acf_changed":false,"content-type":"","site-sidebar-layout":"default","site-content-layout":"default","ast-site-content-layout":"default","site-content-style":"default","site-sidebar-style":"default","ast-global-header-display":"","ast-banner-title-visibility":"","ast-main-header-display":"","ast-hfb-above-header-display":"","ast-hfb-below-header-display":"","ast-hfb-mobile-header-display":"","site-post-title":"","ast-breadcrumbs-content":"","ast-featured-img":"","footer-sml-layout":"","ast-disable-related-posts":"","theme-transparent-header-meta":"default","adv-header-id-meta":"","stick-header-meta":"","header-above-stick-meta":"","header-main-stick-meta":"","header-below-stick-meta":"","astra-migrate-meta-layouts":"set","ast-page-background-enabled":"default","ast-page-background-meta":{"desktop":{"background-color":"","background-image":"","background-repeat":"repeat","background-position":"center center","background-size":"auto","background-attachment":"scroll","background-type":"","background-media":"","overlay-type":"","overlay-color":"","overlay-opacity":"","overlay-gradient":""},"tablet":{"background-color":"","background-image":"","background-repeat":"repeat","background-position":"center center","background-size":"auto","background-attachment":"scroll","background-type":"","background-media":"","overlay-type":"","overlay-color":"","overlay-opacity":"","overlay-gradient":""},"mobile":{"background-color":"","background-image":"","background-repeat":"repeat","background-position":"center center","background-size":"auto","background-attachment":"scroll","background-type":"","background-media":"","overlay-type":"","overlay-color":"","overlay-opacity":"","overlay-gradient":""}},"ast-content-background-meta":{"desktop":{"background-color":"var(--ast-global-color-5)","background-image":"","background-repeat":"repeat","background-position":"center center","background-size":"auto","background-attachment":"scroll","background-type":"","background-media":"","overlay-type":"","overlay-color":"","overlay-opacity":"","overlay-gradient":""},"tablet":{"background-color":"var(--ast-global-color-5)","background-image":"","background-repeat":"repeat","background-position":"center center","background-size":"auto","background-attachment":"scroll","background-type":"","background-media":"","overlay-type":"","overlay-color":"","overlay-opacity":"","overlay-gradient":""},"mobile":{"background-color":"var(--ast-global-color-5)","background-image":"","background-repeat":"repeat","background-position":"center center","background-size":"auto","background-attachment":"scroll","background-type":"","background-media":"","overlay-type":"","overlay-color":"","overlay-opacity":"","overlay-gradient":""}}},"product_brand":[],"product_cat":[290],"product_tag":[],"class_list":{"0":"post-13031","1":"product","2":"type-product","3":"status-publish","4":"has-post-thumbnail","6":"product_cat-qsfp28-standard","7":"desktop-align-left","8":"tablet-align-left","9":"mobile-align-left","10":"ast-product-gallery-layout-horizontal-slider","11":"ast-product-gallery-with-no-image","12":"ast-product-tabs-layout-horizontal","14":"first","15":"instock","16":"shipping-taxable","17":"purchasable","18":"product-type-simple"},"composite_virtual":false,"composite_layout":"","composite_add_to_cart_form_location":"","composite_editable_in_cart":false,"composite_sold_individually_context":"","composite_shop_price_calc":"","composite_components":[],"composite_scenarios":[],"acf":[],"_links":{"self":[{"href":"https:\/\/www.precisionot.com\/de\/wp-json\/wp\/v2\/product\/13031","targetHints":{"allow":["GET"]}}],"collection":[{"href":"https:\/\/www.precisionot.com\/de\/wp-json\/wp\/v2\/product"}],"about":[{"href":"https:\/\/www.precisionot.com\/de\/wp-json\/wp\/v2\/types\/product"}],"version-history":[{"count":0,"href":"https:\/\/www.precisionot.com\/de\/wp-json\/wp\/v2\/product\/13031\/revisions"}],"wp:featuredmedia":[{"embeddable":true,"href":"https:\/\/www.precisionot.com\/de\/wp-json\/wp\/v2\/media\/24092"}],"wp:attachment":[{"href":"https:\/\/www.precisionot.com\/de\/wp-json\/wp\/v2\/media?parent=13031"}],"wp:term":[{"taxonomy":"product_brand","embeddable":true,"href":"https:\/\/www.precisionot.com\/de\/wp-json\/wp\/v2\/product_brand?post=13031"},{"taxonomy":"product_cat","embeddable":true,"href":"https:\/\/www.precisionot.com\/de\/wp-json\/wp\/v2\/product_cat?post=13031"},{"taxonomy":"product_tag","embeddable":true,"href":"https:\/\/www.precisionot.com\/de\/wp-json\/wp\/v2\/product_tag?post=13031"}],"curies":[{"name":"wp","href":"https:\/\/api.w.org\/{rel}","templated":true}]}}