{"id":13029,"date":"2022-12-14T16:12:52","date_gmt":"2022-12-14T21:12:52","guid":{"rendered":"https:\/\/www.precisionot.com\/?post_type=product&#038;p=13029"},"modified":"2024-11-13T13:21:28","modified_gmt":"2024-11-13T18:21:28","slug":"vor-qsfp56dd-zrp","status":"publish","type":"product","link":"https:\/\/www.precisionot.com\/de\/product\/pre-qsfp56dd-zrp\/","title":{"rendered":"PRE-QSFP56DD-ZRP"},"content":{"rendered":"<p><span data-contrast=\"auto\">Der optische Transceiver QSFP56DD-ZRP ist eine Hochleistungsl\u00f6sung f\u00fcr 400G-Ethernet-Anwendungen. Er bietet au\u00dfergew\u00f6hnliche Geschwindigkeit und Zuverl\u00e4ssigkeit f\u00fcr Netzwerkanforderungen mit gro\u00dfer Reichweite und hoher Kapazit\u00e4t. Dieser fortschrittliche Transceiver ist ideal f\u00fcr Rechenzentren, Telekommunikationsnetzwerke und Unternehmens-Backbones und gew\u00e4hrleistet robuste Konnektivit\u00e4t mit \u00fcberlegener Effizienz.<\/span><\/p>\n<hr \/>\n<p><span data-contrast=\"auto\">Der optische Transceiver QSFP56DD-ZRP wurde entwickelt, um den wachsenden Anforderungen moderner Netzwerke mit gro\u00dfer Reichweite und hoher Kapazit\u00e4t gerecht zu werden. Mit seiner Unterst\u00fctzung f\u00fcr 400G Ethernet, der Konformit\u00e4t mit dem OpenZR+-Standard und erweiterten Funktionen wie -10 dBm Sendeleistung, abstimmbarer DWDM-Technologie und koh\u00e4renter Technologie ist dieser Transceiver die perfekte Wahl f\u00fcr Unternehmen, die ihre Netzwerkinfrastruktur mit einer schnellen, zuverl\u00e4ssigen Daten\u00fcbertragung verbessern m\u00f6chten. Erleben Sie die Zukunft der Vernetzung mit dem optischen Transceiver QSFP56DD-ZRP, Ihrem zuverl\u00e4ssigen Partner f\u00fcr Datenverbindungen mit hoher Geschwindigkeit, gro\u00dfer Reichweite und hoher Kapazit\u00e4t.<\/span><span data-ccp-props=\"{&quot;134233117&quot;:false,&quot;134233118&quot;:false,&quot;201341983&quot;:0,&quot;335557856&quot;:16777215,&quot;335559738&quot;:0,&quot;335559739&quot;:0,&quot;335559740&quot;:279}\">\u00a0<\/span><\/p>","protected":false},"excerpt":{"rendered":"<p><span data-contrast=\"auto\">Der optische Transceiver QSFP56DD-ZRP ist eine Hochleistungsl\u00f6sung f\u00fcr 400G-Ethernet-Anwendungen. Er bietet au\u00dfergew\u00f6hnliche Geschwindigkeit und Zuverl\u00e4ssigkeit f\u00fcr Netzwerkanforderungen mit gro\u00dfer Reichweite und hoher Kapazit\u00e4t.<\/span><\/p>\n<hr \/>\n<p><b><span data-contrast=\"none\">QSFP-DD, OpenZR+, -10dBm, abstimmbar, DWDM, 400G, koh\u00e4rent<\/span><\/b><span data-ccp-props=\"{&quot;134233117&quot;:false,&quot;134233118&quot;:false,&quot;201341983&quot;:0,&quot;335557856&quot;:16777215,&quot;335559738&quot;:0,&quot;335559739&quot;:0,&quot;335559740&quot;:279}\">\u00a0<\/span><\/p>","protected":false},"featured_media":26825,"template":"","meta":{"_acf_changed":false,"content-type":"","site-sidebar-layout":"default","site-content-layout":"default","ast-site-content-layout":"default","site-content-style":"default","site-sidebar-style":"default","ast-global-header-display":"","ast-banner-title-visibility":"","ast-main-header-display":"","ast-hfb-above-header-display":"","ast-hfb-below-header-display":"","ast-hfb-mobile-header-display":"","site-post-title":"","ast-breadcrumbs-content":"","ast-featured-img":"","footer-sml-layout":"","ast-disable-related-posts":"","theme-transparent-header-meta":"default","adv-header-id-meta":"","stick-header-meta":"","header-above-stick-meta":"","header-main-stick-meta":"","header-below-stick-meta":"","astra-migrate-meta-layouts":"set","ast-page-background-enabled":"default","ast-page-background-meta":{"desktop":{"background-color":"","background-image":"","background-repeat":"repeat","background-position":"center center","background-size":"auto","background-attachment":"scroll","background-type":"","background-media":"","overlay-type":"","overlay-color":"","overlay-opacity":"","overlay-gradient":""},"tablet":{"background-color":"","background-image":"","background-repeat":"repeat","background-position":"center center","background-size":"auto","background-attachment":"scroll","background-type":"","background-media":"","overlay-type":"","overlay-color":"","overlay-opacity":"","overlay-gradient":""},"mobile":{"background-color":"","background-image":"","background-repeat":"repeat","background-position":"center center","background-size":"auto","background-attachment":"scroll","background-type":"","background-media":"","overlay-type":"","overlay-color":"","overlay-opacity":"","overlay-gradient":""}},"ast-content-background-meta":{"desktop":{"background-color":"var(--ast-global-color-5)","background-image":"","background-repeat":"repeat","background-position":"center center","background-size":"auto","background-attachment":"scroll","background-type":"","background-media":"","overlay-type":"","overlay-color":"","overlay-opacity":"","overlay-gradient":""},"tablet":{"background-color":"var(--ast-global-color-5)","background-image":"","background-repeat":"repeat","background-position":"center center","background-size":"auto","background-attachment":"scroll","background-type":"","background-media":"","overlay-type":"","overlay-color":"","overlay-opacity":"","overlay-gradient":""},"mobile":{"background-color":"var(--ast-global-color-5)","background-image":"","background-repeat":"repeat","background-position":"center center","background-size":"auto","background-attachment":"scroll","background-type":"","background-media":"","overlay-type":"","overlay-color":"","overlay-opacity":"","overlay-gradient":""}}},"product_brand":[],"product_cat":[288,371],"product_tag":[],"class_list":{"0":"post-13029","1":"product","2":"type-product","3":"status-publish","4":"has-post-thumbnail","6":"product_cat-qsfp-dd-specialty","7":"product_cat-tunable-qsfp-dd-coherent","8":"desktop-align-left","9":"tablet-align-left","10":"mobile-align-left","11":"ast-product-gallery-layout-horizontal-slider","12":"ast-product-gallery-with-no-image","13":"ast-product-tabs-layout-horizontal","15":"first","16":"instock","17":"shipping-taxable","18":"purchasable","19":"product-type-simple"},"composite_virtual":false,"composite_layout":"","composite_add_to_cart_form_location":"","composite_editable_in_cart":false,"composite_sold_individually_context":"","composite_shop_price_calc":"","composite_components":[],"composite_scenarios":[],"acf":[],"_links":{"self":[{"href":"https:\/\/www.precisionot.com\/de\/wp-json\/wp\/v2\/product\/13029","targetHints":{"allow":["GET"]}}],"collection":[{"href":"https:\/\/www.precisionot.com\/de\/wp-json\/wp\/v2\/product"}],"about":[{"href":"https:\/\/www.precisionot.com\/de\/wp-json\/wp\/v2\/types\/product"}],"version-history":[{"count":0,"href":"https:\/\/www.precisionot.com\/de\/wp-json\/wp\/v2\/product\/13029\/revisions"}],"wp:featuredmedia":[{"embeddable":true,"href":"https:\/\/www.precisionot.com\/de\/wp-json\/wp\/v2\/media\/26825"}],"wp:attachment":[{"href":"https:\/\/www.precisionot.com\/de\/wp-json\/wp\/v2\/media?parent=13029"}],"wp:term":[{"taxonomy":"product_brand","embeddable":true,"href":"https:\/\/www.precisionot.com\/de\/wp-json\/wp\/v2\/product_brand?post=13029"},{"taxonomy":"product_cat","embeddable":true,"href":"https:\/\/www.precisionot.com\/de\/wp-json\/wp\/v2\/product_cat?post=13029"},{"taxonomy":"product_tag","embeddable":true,"href":"https:\/\/www.precisionot.com\/de\/wp-json\/wp\/v2\/product_tag?post=13029"}],"curies":[{"name":"wp","href":"https:\/\/api.w.org\/{rel}","templated":true}]}}