{"id":12990,"date":"2022-12-14T11:08:35","date_gmt":"2022-12-14T16:08:35","guid":{"rendered":"https:\/\/www.precisionot.com\/?post_type=product&#038;p=12990"},"modified":"2025-02-27T10:01:06","modified_gmt":"2025-02-27T15:01:06","slug":"vor-sfp10g-xsonu-n1i","status":"publish","type":"product","link":"https:\/\/www.precisionot.com\/de\/product\/pre-sfp10g-xsonu-n1i\/","title":{"rendered":"SFP10G-XSONU-N1I"},"content":{"rendered":"<p><span class=\"NormalTextRun SCXW105202130 BCX0\">Das SFP10G-XSONU-N1I ist ein optisches SFP+-Transceivermodul, das f\u00fcr XGSPON ONU-Anwendungen (Optical Network Unit) entwickelt wurde und Downstream- und Upstream-Datenraten von 1G und 10G unterst\u00fctzt. Dieser Transceiver arbeitet bei Wellenl\u00e4ngen von 1270 nm (Upstream) und 1577 nm (Downstream) und ist <\/span><span class=\"NormalTextRun SCXW105202130 BCX0\">optimiert<\/span><span class=\"NormalTextRun SCXW105202130 BCX0\"> f\u00fcr Singlemode-Glasfasern (SMF) mit einem SC-Anschluss, der eine zuverl\u00e4ssige Hochgeschwindigkeitsverbindung bei Fiber-to-the-Home- (FTTH) und Fiber-to-the-Premises- (FTTP)-Bereitstellungen erm\u00f6glicht.<\/span><\/p>\n<hr \/>\n<p><span class=\"NormalTextRun SCXW105202130 BCX0\">Das Modul wurde f\u00fcr industrielle Temperaturumgebungen (I-temp) entwickelt und gew\u00e4hrleistet eine zuverl\u00e4ssige Leistung unter rauen Bedingungen. Es verf\u00fcgt \u00fcber eine digitale Diagnose <\/span><span class=\"NormalTextRun SCXW105202130 BCX0\">\u00dcberwachung<\/span><span class=\"NormalTextRun SCXW105202130 BCX0\"> (DDM) f\u00fcr Echtzeit-Leistungsverfolgung und proaktives Netzwerkmanagement sowie sein Hot-Swap-f\u00e4higes Design <\/span><span class=\"NormalTextRun SCXW105202130 BCX0\">erleichtert<\/span><span class=\"NormalTextRun SCXW105202130 BCX0\"> nahtlose Integration oder Austausch ohne Dienstunterbrechung.<\/span><\/p>","protected":false},"excerpt":{"rendered":"<p><span class=\"TextRun SCXW94085645 BCX0\" lang=\"EN-US\" xml:lang=\"EN-US\" data-contrast=\"auto\"><span class=\"NormalTextRun SCXW94085645 BCX0\">Der SFP10G-XSONU-N1I-Transceiver unterst\u00fctzt 1\/10G XGSPON ONU-Anwendungen \u00fcber Singlemode-Glasfasern mit Wellenl\u00e4ngen von 1270 nm und 1577 nm und ist f\u00fcr I-Temp-Umgebungen mit integriertem DDM konzipiert.<\/span><\/span><\/p>\n<hr \/>\n<p><strong>SFP+, XGSPON, ONU, N1, 1270\/1577 nm, 1\/10G UNI, SMF\/SC, I-Temp, DDM<\/strong><\/p>","protected":false},"featured_media":18059,"template":"","meta":{"_acf_changed":false,"content-type":"","site-sidebar-layout":"default","site-content-layout":"default","ast-site-content-layout":"default","site-content-style":"default","site-sidebar-style":"default","ast-global-header-display":"","ast-banner-title-visibility":"","ast-main-header-display":"","ast-hfb-above-header-display":"","ast-hfb-below-header-display":"","ast-hfb-mobile-header-display":"","site-post-title":"","ast-breadcrumbs-content":"","ast-featured-img":"","footer-sml-layout":"","ast-disable-related-posts":"","theme-transparent-header-meta":"default","adv-header-id-meta":"","stick-header-meta":"","header-above-stick-meta":"","header-main-stick-meta":"","header-below-stick-meta":"","astra-migrate-meta-layouts":"set","ast-page-background-enabled":"default","ast-page-background-meta":{"desktop":{"background-color":"","background-image":"","background-repeat":"repeat","background-position":"center center","background-size":"auto","background-attachment":"scroll","background-type":"","background-media":"","overlay-type":"","overlay-color":"","overlay-opacity":"","overlay-gradient":""},"tablet":{"background-color":"","background-image":"","background-repeat":"repeat","background-position":"center center","background-size":"auto","background-attachment":"scroll","background-type":"","background-media":"","overlay-type":"","overlay-color":"","overlay-opacity":"","overlay-gradient":""},"mobile":{"background-color":"","background-image":"","background-repeat":"repeat","background-position":"center center","background-size":"auto","background-attachment":"scroll","background-type":"","background-media":"","overlay-type":"","overlay-color":"","overlay-opacity":"","overlay-gradient":""}},"ast-content-background-meta":{"desktop":{"background-color":"var(--ast-global-color-5)","background-image":"","background-repeat":"repeat","background-position":"center center","background-size":"auto","background-attachment":"scroll","background-type":"","background-media":"","overlay-type":"","overlay-color":"","overlay-opacity":"","overlay-gradient":""},"tablet":{"background-color":"var(--ast-global-color-5)","background-image":"","background-repeat":"repeat","background-position":"center center","background-size":"auto","background-attachment":"scroll","background-type":"","background-media":"","overlay-type":"","overlay-color":"","overlay-opacity":"","overlay-gradient":""},"mobile":{"background-color":"var(--ast-global-color-5)","background-image":"","background-repeat":"repeat","background-position":"center center","background-size":"auto","background-attachment":"scroll","background-type":"","background-media":"","overlay-type":"","overlay-color":"","overlay-opacity":"","overlay-gradient":""}}},"product_brand":[],"product_cat":[327],"product_tag":[],"class_list":{"0":"post-12990","1":"product","2":"type-product","3":"status-publish","4":"has-post-thumbnail","6":"product_cat-xgspon","7":"desktop-align-left","8":"tablet-align-left","9":"mobile-align-left","10":"ast-product-gallery-layout-horizontal-slider","11":"ast-product-gallery-with-no-image","12":"ast-product-tabs-layout-horizontal","14":"first","15":"instock","16":"shipping-taxable","17":"purchasable","18":"product-type-simple"},"composite_virtual":false,"composite_layout":"","composite_add_to_cart_form_location":"","composite_editable_in_cart":false,"composite_sold_individually_context":"","composite_shop_price_calc":"","composite_components":[],"composite_scenarios":[],"acf":[],"_links":{"self":[{"href":"https:\/\/www.precisionot.com\/de\/wp-json\/wp\/v2\/product\/12990","targetHints":{"allow":["GET"]}}],"collection":[{"href":"https:\/\/www.precisionot.com\/de\/wp-json\/wp\/v2\/product"}],"about":[{"href":"https:\/\/www.precisionot.com\/de\/wp-json\/wp\/v2\/types\/product"}],"version-history":[{"count":0,"href":"https:\/\/www.precisionot.com\/de\/wp-json\/wp\/v2\/product\/12990\/revisions"}],"wp:featuredmedia":[{"embeddable":true,"href":"https:\/\/www.precisionot.com\/de\/wp-json\/wp\/v2\/media\/18059"}],"wp:attachment":[{"href":"https:\/\/www.precisionot.com\/de\/wp-json\/wp\/v2\/media?parent=12990"}],"wp:term":[{"taxonomy":"product_brand","embeddable":true,"href":"https:\/\/www.precisionot.com\/de\/wp-json\/wp\/v2\/product_brand?post=12990"},{"taxonomy":"product_cat","embeddable":true,"href":"https:\/\/www.precisionot.com\/de\/wp-json\/wp\/v2\/product_cat?post=12990"},{"taxonomy":"product_tag","embeddable":true,"href":"https:\/\/www.precisionot.com\/de\/wp-json\/wp\/v2\/product_tag?post=12990"}],"curies":[{"name":"wp","href":"https:\/\/api.w.org\/{rel}","templated":true}]}}