{"id":1295,"date":"2020-11-22T21:14:32","date_gmt":"2020-11-23T02:14:32","guid":{"rendered":"https:\/\/www.precisionot.com\/?post_type=product&#038;p=1295"},"modified":"2024-09-17T16:46:31","modified_gmt":"2024-09-17T20:46:31","slug":"vor-qsfp-cuxxyym","status":"publish","type":"product","link":"https:\/\/www.precisionot.com\/de\/product\/pre-qsfp-cuxxyym\/","title":{"rendered":"PRE-QSFP-CUxxyyM"},"content":{"rendered":"<p><span class=\"TextRun SCXW225495244 BCX0\" lang=\"EN-US\" xml:lang=\"EN-US\" data-contrast=\"none\"><span class=\"NormalTextRun SCXW225495244 BCX0\">Das Precision OT QSFP-CUXXYYM ist ein passives Kupfer-Direktanschlusskabel (DAC), das 40G-Ethernet-Anwendungen mit einer bidirektionalen Datenrate von bis zu 40 Gb\/s \u00fcber bis zu 5 m unterst\u00fctzt. Dieses Kabel verf\u00fcgt \u00fcber ein robustes Kabeldesign mit Zugentlastung, verschiedene AWG, die den unterschiedlichen Anwendungsanforderungen gerecht werden k\u00f6nnen, w\u00e4hrend gleichzeitig eine Abschirmung f\u00fcr die Signalintegrit\u00e4t und eine kommerzielle Betriebstemperatur von bis zu 70 \u00b0C gew\u00e4hrleistet werden. Sein geringer Stromverbrauch, minimale Latenz und seine robuste Konstruktion gew\u00e4hrleisten eine zuverl\u00e4ssige und effiziente Leistung und erf\u00fcllen die Anforderungen moderner IT-Infrastrukturen.<\/span><\/span><\/p>\n<hr \/>\n<p><span class=\"TextRun SCXW225495244 BCX0\" lang=\"EN-US\" xml:lang=\"EN-US\" data-contrast=\"none\"><span class=\"NormalTextRun SCXW225495244 BCX0\">Dieses passive Kupferkabel ist ideal f\u00fcr Verbindungen mit kurzer Reichweite in Rechenzentren, Unternehmensnetzwerken und Storage Area Networks (SANs) und bietet eine kosteng\u00fcnstige L\u00f6sung zum Verbinden von 40-Gbit\/s-QSFP-Ports. Mit seinem kompakten Formfaktor und dem geringen Stromverbrauch ist das QSFP-CUXXYYM perfekt f\u00fcr Umgebungen mit hoher Dichte geeignet, die eine effiziente Hochgeschwindigkeitsverbindung erfordern.\u00a0<\/span><\/span><span class=\"EOP SCXW225495244 BCX0\" data-ccp-props=\"{&quot;134233117&quot;:false,&quot;134233118&quot;:false,&quot;201341983&quot;:0,&quot;335557856&quot;:16777215,&quot;335559738&quot;:0,&quot;335559739&quot;:0,&quot;335559740&quot;:279}\">\u00a0<\/span><\/p>","protected":false},"excerpt":{"rendered":"<p><span class=\"TextRun SCXW267363918 BCX0\" lang=\"EN-US\" xml:lang=\"EN-US\" data-contrast=\"none\"><span class=\"NormalTextRun SCXW267363918 BCX0\">Der PRE-QSFP-CUXXYYM DAC von Precision OT ist die ideale Wahl, um die Anforderungen moderner IT-Infrastrukturen zu erf\u00fcllen. Er erf\u00fcllt unterschiedliche Anwendungsanforderungen und bietet gleichzeitig Abschirmung f\u00fcr die Signalintegrit\u00e4t sowie eine kommerzielle Betriebstemperatur von bis zu 70 \u00b0C.<\/span><\/span><\/p>\n<hr \/>\n<p><strong>QSFPDD, Passiv, DAC, xx AWG, 400G, yy m, I-Temp<\/strong><\/p>","protected":false},"featured_media":12162,"template":"","meta":{"_acf_changed":false,"content-type":"","site-sidebar-layout":"default","site-content-layout":"default","ast-site-content-layout":"default","site-content-style":"default","site-sidebar-style":"default","ast-global-header-display":"","ast-banner-title-visibility":"","ast-main-header-display":"","ast-hfb-above-header-display":"","ast-hfb-below-header-display":"","ast-hfb-mobile-header-display":"","site-post-title":"","ast-breadcrumbs-content":"","ast-featured-img":"","footer-sml-layout":"","ast-disable-related-posts":"","theme-transparent-header-meta":"default","adv-header-id-meta":"","stick-header-meta":"","header-above-stick-meta":"","header-main-stick-meta":"","header-below-stick-meta":"","astra-migrate-meta-layouts":"set","ast-page-background-enabled":"default","ast-page-background-meta":{"desktop":{"background-color":"","background-image":"","background-repeat":"repeat","background-position":"center center","background-size":"auto","background-attachment":"scroll","background-type":"","background-media":"","overlay-type":"","overlay-color":"","overlay-opacity":"","overlay-gradient":""},"tablet":{"background-color":"","background-image":"","background-repeat":"repeat","background-position":"center center","background-size":"auto","background-attachment":"scroll","background-type":"","background-media":"","overlay-type":"","overlay-color":"","overlay-opacity":"","overlay-gradient":""},"mobile":{"background-color":"","background-image":"","background-repeat":"repeat","background-position":"center center","background-size":"auto","background-attachment":"scroll","background-type":"","background-media":"","overlay-type":"","overlay-color":"","overlay-opacity":"","overlay-gradient":""}},"ast-content-background-meta":{"desktop":{"background-color":"var(--ast-global-color-5)","background-image":"","background-repeat":"repeat","background-position":"center center","background-size":"auto","background-attachment":"scroll","background-type":"","background-media":"","overlay-type":"","overlay-color":"","overlay-opacity":"","overlay-gradient":""},"tablet":{"background-color":"var(--ast-global-color-5)","background-image":"","background-repeat":"repeat","background-position":"center center","background-size":"auto","background-attachment":"scroll","background-type":"","background-media":"","overlay-type":"","overlay-color":"","overlay-opacity":"","overlay-gradient":""},"mobile":{"background-color":"var(--ast-global-color-5)","background-image":"","background-repeat":"repeat","background-position":"center center","background-size":"auto","background-attachment":"scroll","background-type":"","background-media":"","overlay-type":"","overlay-color":"","overlay-opacity":"","overlay-gradient":""}}},"product_brand":[],"product_cat":[301],"product_tag":[],"class_list":{"0":"post-1295","1":"product","2":"type-product","3":"status-publish","4":"has-post-thumbnail","6":"product_cat-qsfp-dac-aoc","7":"desktop-align-left","8":"tablet-align-left","9":"mobile-align-left","10":"ast-product-gallery-layout-horizontal-slider","11":"ast-product-gallery-with-no-image","12":"ast-product-tabs-layout-horizontal","14":"first","15":"instock","16":"shipping-taxable","17":"purchasable","18":"product-type-simple"},"composite_virtual":false,"composite_layout":"","composite_add_to_cart_form_location":"","composite_editable_in_cart":false,"composite_sold_individually_context":"","composite_shop_price_calc":"","composite_components":[],"composite_scenarios":[],"acf":[],"_links":{"self":[{"href":"https:\/\/www.precisionot.com\/de\/wp-json\/wp\/v2\/product\/1295","targetHints":{"allow":["GET"]}}],"collection":[{"href":"https:\/\/www.precisionot.com\/de\/wp-json\/wp\/v2\/product"}],"about":[{"href":"https:\/\/www.precisionot.com\/de\/wp-json\/wp\/v2\/types\/product"}],"version-history":[{"count":0,"href":"https:\/\/www.precisionot.com\/de\/wp-json\/wp\/v2\/product\/1295\/revisions"}],"wp:featuredmedia":[{"embeddable":true,"href":"https:\/\/www.precisionot.com\/de\/wp-json\/wp\/v2\/media\/12162"}],"wp:attachment":[{"href":"https:\/\/www.precisionot.com\/de\/wp-json\/wp\/v2\/media?parent=1295"}],"wp:term":[{"taxonomy":"product_brand","embeddable":true,"href":"https:\/\/www.precisionot.com\/de\/wp-json\/wp\/v2\/product_brand?post=1295"},{"taxonomy":"product_cat","embeddable":true,"href":"https:\/\/www.precisionot.com\/de\/wp-json\/wp\/v2\/product_cat?post=1295"},{"taxonomy":"product_tag","embeddable":true,"href":"https:\/\/www.precisionot.com\/de\/wp-json\/wp\/v2\/product_tag?post=1295"}],"curies":[{"name":"wp","href":"https:\/\/api.w.org\/{rel}","templated":true}]}}