{"id":1135,"date":"2020-11-21T15:50:00","date_gmt":"2020-11-21T20:50:00","guid":{"rendered":"https:\/\/www.precisionot.com\/?post_type=product&#038;p=1135"},"modified":"2025-03-26T09:37:38","modified_gmt":"2025-03-26T13:37:38","slug":"vor-qsfp28-er4","status":"publish","type":"product","link":"https:\/\/www.precisionot.com\/de\/product\/pre-qsfp28-er4\/","title":{"rendered":"PRE-QSFP28-ER4(I)"},"content":{"rendered":"<div class=\"l-product_desc\">\n<p class=\"p2\"><span class=\"NormalTextRun SCXW238276335 BCX0\">Das QSFP28-ER4(I) von Precision OT ist ein 100G QSFP28-Transceivermodul <\/span><span class=\"NormalTextRun SCXW238276335 BCX0\">optimiert<\/span><span class=\"NormalTextRun SCXW238276335 BCX0\"> f\u00fcr die Daten\u00fcbertragung \u00fcber gro\u00dfe Entfernungen \u00fcber Singlemode-Glasfasern (SMF) f\u00fcr Entfernungen bis zu <\/span><span class=\"NormalTextRun AdvancedProofingIssueV2Themed SCXW238276335 BCX0\">40 Kilometer<\/span><span class=\"NormalTextRun SCXW238276335 BCX0\">. Dar\u00fcber hinaus bietet der QSFP28-ER4(I)-Transceiver C- und I-Temp-Bereiche bei einem Stromverbrauch von unter 5,5 W und ist damit eine ideale L\u00f6sung f\u00fcr Transport- und Backhaul-Netzwerke, die eine erweiterte Daten\u00fcbertragung erfordern.<\/span><\/p>\n<hr \/>\n<p class=\"p2\"><span class=\"NormalTextRun SCXW238276335 BCX0\">Das Hot-Swap-f\u00e4hige Design des Transceivers erm\u00f6glicht nahtlose Upgrades, w\u00e4hrend die integrierte digitale Diagnose eine Leistungs\u00fcberwachung in Echtzeit erm\u00f6glicht und sicherstellt, <\/span><span class=\"NormalTextRun SCXW238276335 BCX0\">optimal<\/span><span class=\"NormalTextRun SCXW238276335 BCX0\"> Funktionalit\u00e4t auch in rauen Umgebungen.<\/span><\/p>\n<\/div>\n<p class=\"darkGrey add_margin--half c-spec\">","protected":false},"excerpt":{"rendered":"<p><span data-contrast=\"auto\">QSFP28-ER4(I) von Precision OT ist ein 100G QSFP28-Transceivermodul, das f\u00fcr die Daten\u00fcbertragung \u00fcber gro\u00dfe Entfernungen \u00fcber Singlemode-Glasfasern (SMF) optimiert ist.\u00a0<\/span><\/p>\n<hr \/>\n<p><strong>QSFP28, ER4, LWDM, 100G, 40km, SMF\/LC\u00a0\u00a0<\/strong><\/p>","protected":false},"featured_media":24081,"template":"","meta":{"_acf_changed":false,"content-type":"","site-sidebar-layout":"default","site-content-layout":"default","ast-site-content-layout":"default","site-content-style":"default","site-sidebar-style":"default","ast-global-header-display":"","ast-banner-title-visibility":"","ast-main-header-display":"","ast-hfb-above-header-display":"","ast-hfb-below-header-display":"","ast-hfb-mobile-header-display":"","site-post-title":"","ast-breadcrumbs-content":"","ast-featured-img":"","footer-sml-layout":"","ast-disable-related-posts":"","theme-transparent-header-meta":"default","adv-header-id-meta":"","stick-header-meta":"","header-above-stick-meta":"","header-main-stick-meta":"","header-below-stick-meta":"","astra-migrate-meta-layouts":"set","ast-page-background-enabled":"default","ast-page-background-meta":{"desktop":{"background-color":"","background-image":"","background-repeat":"repeat","background-position":"center center","background-size":"auto","background-attachment":"scroll","background-type":"","background-media":"","overlay-type":"","overlay-color":"","overlay-opacity":"","overlay-gradient":""},"tablet":{"background-color":"","background-image":"","background-repeat":"repeat","background-position":"center center","background-size":"auto","background-attachment":"scroll","background-type":"","background-media":"","overlay-type":"","overlay-color":"","overlay-opacity":"","overlay-gradient":""},"mobile":{"background-color":"","background-image":"","background-repeat":"repeat","background-position":"center center","background-size":"auto","background-attachment":"scroll","background-type":"","background-media":"","overlay-type":"","overlay-color":"","overlay-opacity":"","overlay-gradient":""}},"ast-content-background-meta":{"desktop":{"background-color":"var(--ast-global-color-5)","background-image":"","background-repeat":"repeat","background-position":"center center","background-size":"auto","background-attachment":"scroll","background-type":"","background-media":"","overlay-type":"","overlay-color":"","overlay-opacity":"","overlay-gradient":""},"tablet":{"background-color":"var(--ast-global-color-5)","background-image":"","background-repeat":"repeat","background-position":"center center","background-size":"auto","background-attachment":"scroll","background-type":"","background-media":"","overlay-type":"","overlay-color":"","overlay-opacity":"","overlay-gradient":""},"mobile":{"background-color":"var(--ast-global-color-5)","background-image":"","background-repeat":"repeat","background-position":"center center","background-size":"auto","background-attachment":"scroll","background-type":"","background-media":"","overlay-type":"","overlay-color":"","overlay-opacity":"","overlay-gradient":""}}},"product_brand":[],"product_cat":[290],"product_tag":[],"class_list":{"0":"post-1135","1":"product","2":"type-product","3":"status-publish","4":"has-post-thumbnail","6":"product_cat-qsfp28-standard","7":"desktop-align-left","8":"tablet-align-left","9":"mobile-align-left","10":"ast-product-gallery-layout-horizontal-slider","11":"ast-product-gallery-with-no-image","12":"ast-product-tabs-layout-horizontal","14":"first","15":"instock","16":"shipping-taxable","17":"purchasable","18":"product-type-simple"},"composite_virtual":false,"composite_layout":"","composite_add_to_cart_form_location":"","composite_editable_in_cart":false,"composite_sold_individually_context":"","composite_shop_price_calc":"","composite_components":[],"composite_scenarios":[],"acf":[],"_links":{"self":[{"href":"https:\/\/www.precisionot.com\/de\/wp-json\/wp\/v2\/product\/1135","targetHints":{"allow":["GET"]}}],"collection":[{"href":"https:\/\/www.precisionot.com\/de\/wp-json\/wp\/v2\/product"}],"about":[{"href":"https:\/\/www.precisionot.com\/de\/wp-json\/wp\/v2\/types\/product"}],"version-history":[{"count":0,"href":"https:\/\/www.precisionot.com\/de\/wp-json\/wp\/v2\/product\/1135\/revisions"}],"wp:featuredmedia":[{"embeddable":true,"href":"https:\/\/www.precisionot.com\/de\/wp-json\/wp\/v2\/media\/24081"}],"wp:attachment":[{"href":"https:\/\/www.precisionot.com\/de\/wp-json\/wp\/v2\/media?parent=1135"}],"wp:term":[{"taxonomy":"product_brand","embeddable":true,"href":"https:\/\/www.precisionot.com\/de\/wp-json\/wp\/v2\/product_brand?post=1135"},{"taxonomy":"product_cat","embeddable":true,"href":"https:\/\/www.precisionot.com\/de\/wp-json\/wp\/v2\/product_cat?post=1135"},{"taxonomy":"product_tag","embeddable":true,"href":"https:\/\/www.precisionot.com\/de\/wp-json\/wp\/v2\/product_tag?post=1135"}],"curies":[{"name":"wp","href":"https:\/\/api.w.org\/{rel}","templated":true}]}}